{"id":11304,"date":"2025-09-23T14:56:48","date_gmt":"2025-09-23T19:56:48","guid":{"rendered":"https:\/\/www.armycadetleague.ca\/?page_id=11304"},"modified":"2025-09-23T14:56:48","modified_gmt":"2025-09-23T19:56:48","slug":"la-ligue","status":"publish","type":"page","link":"https:\/\/www.armycadetleague.ca\/fr\/la-ligue\/","title":{"rendered":"La Ligue"},"content":{"rendered":"<h3><img loading=\"lazy\" decoding=\"async\" class=\"alignnone wp-image-11184 aligncenter\" src=\"https:\/\/www.armycadetleague.ca\/wp-content\/uploads\/Untitled-design-6-1-300x111.png\" alt=\"\" width=\"1287\" height=\"476\" srcset=\"https:\/\/www.armycadetleague.ca\/wp-content\/uploads\/Untitled-design-6-1-300x111.png 300w, https:\/\/www.armycadetleague.ca\/wp-content\/uploads\/Untitled-design-6-1-768x283.png 768w\" sizes=\"auto, (max-width: 1287px) 100vw, 1287px\" \/><\/h3>\n<h3>\u00c0 PROPOS DE NOUS<\/h3>\n<p>La Ligue des cadets de l&#8217;Arm\u00e9e du Canada (la Ligue) est un organisme civil national sans but lucratif et de bienfaisance cr\u00e9\u00e9 en 1971 pour soutenir les Cadets royaux de l&#8217;Arm\u00e9e du Canada. En partenariat avec le minist\u00e8re de la D\u00e9fense nationale (MDN) et les collectivit\u00e9s locales, la Ligue aide le MDN \u00e0 offrir un programme de d\u00e9veloppement des jeunes stimulant, inclusif et ax\u00e9 sur l&#8217;aventure, qui met l&#8217;accent sur la citoyennet\u00e9, le leadership et la condition physique.<\/p>\n<h5>Notre Mission<\/h5>\n<p>The League\u2019s mission is to provide essential support to the Royal Canadian Army Cadets by working in partnership with Canadian Armed Forces. This follows the League\u2019s <em>North Star<\/em> of strengthening Canada by supporting local youth empowerment.<\/p>\n<h5>Notre r\u00f4le<\/h5>\n<p>La Ligue est l&#8217;organisme national qui r\u00e9git un vaste r\u00e9seau d&#8217;organisations civiles provinciales\/territoriales et locales affili\u00e9es et leurs b\u00e9n\u00e9voles qui, ensemble, apportent leur soutien au Programme des cadets de l&#8217;Arm\u00e9e royale canadienne en partenariat avec les Forces arm\u00e9es canadiennes. En tant qu&#8217;organisme national, la Ligue assure la supervision, la formation et la centralisation des ressources de son r\u00e9seau de b\u00e9n\u00e9voles civils afin de leur permettre de soutenir les activit\u00e9s des cadets de l&#8217;Arm\u00e9e. Gr\u00e2ce \u00e0 son r\u00e9seau, en collaboration avec les communaut\u00e9s et les Forces arm\u00e9es canadiennes, la Ligue:<\/p>\n<ul>\n<li>Favorise la croissance personnelle, la r\u00e9silience, le d\u00e9veloppement du leadership, l&#8217;int\u00e9grit\u00e9 et un fort sentiment d&#8217;appartenance \u00e0 la communaut\u00e9 chez les b\u00e9n\u00e9voles et les jeunes.<\/li>\n<li>Soutient les valeurs de discipline, de travail d&#8217;\u00e9quipe et de citoyennet\u00e9 qui permettent aux jeunes de mieux contribuer \u00e0 la soci\u00e9t\u00e9.<\/li>\n<li>Promouvoir un programme de cadets de l&#8217;arm\u00e9e et un r\u00e9seau de b\u00e9n\u00e9voles \u00e9quitables, diversifi\u00e9s et inclusifs.<\/li>\n<\/ul>\n<h5>Nos Objectifs<\/h5>\n<ul>\n<li>Encourager et promouvoir l&#8217;int\u00e9r\u00eat et le soutien envers les Cadets royaux de l&#8217;Arm\u00e9e canadienne.<\/li>\n<li>Faciliter et recommander la formation de corps de cadets de l&#8217;arm\u00e9e.<\/li>\n<li>Aider au recrutement des instructeurs de cadets et participer au recrutement des cadets.<\/li>\n<li>Fournir et superviser les sponsors locaux.<\/li>\n<li>Veiller \u00e0 ce que le programme des cadets de l&#8217;arm\u00e9e soit ax\u00e9 sur l&#8217;aventure, stimulant, conforme \u00e0 nos objectifs et adapt\u00e9 \u00e0 la soci\u00e9t\u00e9 actuelle.<\/li>\n<li>Collecter, recevoir, d\u00e9tenir et investir des fonds et des biens provenant de contributions, de dons, de subventions, de cotisations ou de legs, et utiliser ces fonds, sous r\u00e9serve des directives du donateur, au profit des Cadets de l&#8217;Arm\u00e9e royale canadienne.<\/li>\n<li>Prot\u00e9ger les int\u00e9r\u00eats g\u00e9n\u00e9raux de la Ligue des cadets de l&#8217;Arm\u00e9e du Canada.<\/li>\n<li>Coordonner et influencer le soutien efficace du Corps des cadets de l&#8217;arm\u00e9e \u00e0 tous les niveaux.<\/li>\n<\/ul>\n<p><a href=\"\/?page_id=9907\">Les membres du conseil d&#8217;administration<\/a><\/p>\n<p><a href=\"https:\/\/www.armycadetleague.ca\/wp-content\/uploads\/ACLC-2022-Annual-Report-FINAL-1.pdf\" target=\"_blank\" rel=\"noopener\">\u00c9tat Financier 2022 de la Ligue des cadets de l&#8217;Arm\u00e9e du Canada\u00a0<\/a>&#8211; Ce document est disponible en anglais seulement<\/p>\n<p><a href=\"https:\/\/www.armycadetleague.ca\/wp-content\/uploads\/BY-THE-NUMBERS-1-ppt.pptx-2.1.pdf\" target=\"_blank\" rel=\"noopener\">\u00c9tat Financier 2023 de la Ligue des cadets de l&#8217;Arm\u00e9e du Canada<\/a><\/p>\n<p><a href=\"https:\/\/www.armycadetleague.ca\/wp-content\/uploads\/ACLC-2022-Annual-Report-FINAL-1.pdf\" target=\"_blank\" rel=\"noopener\">\u00c9tat Financier 2024 de la Ligue des cadets de l&#8217;Arm\u00e9e du Canada<\/a><\/p>\n<p><a href=\"https:\/\/www.armycadetleague.ca\/wp-content\/uploads\/2024-ACL-Annual-Report-FR-2.1.pdf\">Rapport Annuel 2024<\/a><\/p>\n","protected":false},"excerpt":{"rendered":"<p>\u00c0 PROPOS DE NOUS La Ligue des cadets de l&#8217;Arm\u00e9e du Canada (la Ligue) est un organisme civil national sans but lucratif et de bienfaisance cr\u00e9\u00e9 en 1971 pour soutenir les Cadets royaux de l&#8217;Arm\u00e9e du Canada. En partenariat avec le minist\u00e8re de la D\u00e9fense nationale (MDN) et les collectivit\u00e9s locales, la Ligue aide le [&hellip;]<\/p>\n","protected":false},"author":31,"featured_media":0,"parent":0,"menu_order":0,"comment_status":"closed","ping_status":"closed","template":"","meta":{"footnotes":"","_links_to":"","_links_to_target":""},"class_list":["post-11304","page","type-page","status-publish","hentry"],"_links":{"self":[{"href":"https:\/\/www.armycadetleague.ca\/fr\/wp-json\/wp\/v2\/pages\/11304","targetHints":{"allow":["GET"]}}],"collection":[{"href":"https:\/\/www.armycadetleague.ca\/fr\/wp-json\/wp\/v2\/pages"}],"about":[{"href":"https:\/\/www.armycadetleague.ca\/fr\/wp-json\/wp\/v2\/types\/page"}],"author":[{"embeddable":true,"href":"https:\/\/www.armycadetleague.ca\/fr\/wp-json\/wp\/v2\/users\/31"}],"replies":[{"embeddable":true,"href":"https:\/\/www.armycadetleague.ca\/fr\/wp-json\/wp\/v2\/comments?post=11304"}],"version-history":[{"count":1,"href":"https:\/\/www.armycadetleague.ca\/fr\/wp-json\/wp\/v2\/pages\/11304\/revisions"}],"predecessor-version":[{"id":11305,"href":"https:\/\/www.armycadetleague.ca\/fr\/wp-json\/wp\/v2\/pages\/11304\/revisions\/11305"}],"wp:attachment":[{"href":"https:\/\/www.armycadetleague.ca\/fr\/wp-json\/wp\/v2\/media?parent=11304"}],"curies":[{"name":"wp","href":"https:\/\/api.w.org\/{rel}","templated":true}]}}