{"id":6954,"date":"2017-08-29T20:00:53","date_gmt":"2017-08-29T20:00:53","guid":{"rendered":"http:\/\/www.armycadetleague.ca\/league\/support\/"},"modified":"2017-10-11T14:16:24","modified_gmt":"2017-10-11T14:16:24","slug":"support","status":"publish","type":"page","link":"https:\/\/www.armycadetleague.ca\/fr\/support\/","title":{"rendered":"OFFREZ VOTRE APPUI AUX CADETS DE L&#8217;ARM\u00c9E"},"content":{"rendered":"<p><section   class=\"fw-main-row-custom fw-main-row-top  fw_theme_bg_fw-custom fw-section-image fw-section-height-md  fw-section-position-back tf-sh-c0c5a4752b7edd37e9a1472688547c42\"  style=\" background-image:url(\/\/www.armycadetleague.ca\/wp-content\/uploads\/11713920_979775412055381_1981193818473141559_o.jpg); background-repeat: no-repeat; background-position: right center; background-size: auto;\"  >\n\t\t<div class=\"fw-main-row-overlay fw_theme_bg_color_4\" style=\"opacity: 0.58;\"><\/div>\t<div class=\"fw-container-fluid\" >\n\t\t<div class=\"fw-row\">\n\t<div id=\"column-69f1a21d14433\" class=\"fw-col-sm-12 tf-sh-21bcf9fa71900eef5242f57a9cd3f2cf\" >\n\t<div class=\"fw-wrap-col-inner clearfix  \"   >\n\t\t\t\t<div class=\"fw-col-inner\">\n\t\t\t<div class=\"fw-divider-space space-md  clearfix\"  ><\/div><div class=\"fw-heading fw-heading-left  tf-sh-cc801df54df9521584191d4538dc261e\" >\n\t\t\t<h1 class=\"fw-special-title\">OFFREZ VOTRE APPUI AUX CADETS DE L'ARM\u00c9E<\/h1>\n\t\n\t\n\t<\/div>\t\t<\/div>\n\t<\/div>\n<\/div><\/div>\n\n\t<\/div>\n\t<\/section><section   class=\"fw-main-row-custom  auto  fw-section-position-back tf-sh-00c9c2b4d7aa54d00a941b597fbd9899\"    >\n\t\t\t<div class=\"fw-container\" >\n\t\t<div class=\"fw-row\">\n\t<div id=\"column-69f1a21d14c38\" class=\"fw-col-sm-12 tf-sh-9d44966fa9e109845915a85324df5f04\" >\n\t<div class=\"fw-wrap-col-inner clearfix  \"   >\n\t\t\t\t<div class=\"fw-col-inner\">\n\t\t\t<div class=\"fw-text-box tf-sh-02d8ab8c6c497356aca8a3923fe551f7 \" >\n\t<div class=\"fw-text-inner\">\n\t\t<p><strong>FAITE UN DON A LA LIGUE<\/strong><\/p>\n<p><strong>Notre num\u00e9ro d\u2019organisme de bienfaisance est\u00a0:\u00a0BN\u00a0108071564RR0001<\/strong><\/p>\n<p><img loading=\"lazy\" decoding=\"async\" class=\"alignleft wp-image-6906 \" src=\"http:\/\/www.armycadetleague.ca\/wp-content\/uploads\/8715190869_a0b68204f2_o-1024x681.jpg\" alt=\"\" width=\"440\" height=\"293\" \/>Nous vous remercions pour votre g\u00e9n\u00e9rosit\u00e9 et votre appui \u00e0 la Ligue et aux cadets de l'Arm\u00e9e \u00e0 travers le pays.<\/p>\n<p>Vos g\u00e9n\u00e9reuses contributions sont vitales et seront b\u00e9n\u00e9fiques \u00e0 notre organisation pour le d\u00e9veloppement du programme des Cadets de l\u2019Arm\u00e9e en permettant d'offrir des fonds additionnels pour des \u00e9v\u00e9nements sp\u00e9ciaux et\/ou de l'\u00e9quipement additionnel n\u00e9cessaire qui n'est pas fourni par le Minist\u00e8re de la D\u00e9fense nationale. Par exemple, elles pourront assurer que l'exp\u00e9rience des cadets seront enrichies, et ceci, aux corps de cadets ou pour les activit\u00e9s nationales que la Ligue appuie, telles que le programme d'Exp\u00e9dition national, les \u00e9v\u00e9nements de comm\u00e9moration de la bataille de Vimy, l'\u00e9quipe nationale de Tir de pr\u00e9cision, les tourn\u00e9es annuelles des champs de bataille des cadets de l'Arm\u00e9e, le programme de musique, et plus.<\/p>\n<p><a href=\"http:\/\/www.armycadetleague.ca\/fr\/donnez\/\"><img loading=\"lazy\" decoding=\"async\" class=\"alignnone wp-image-7269\" src=\"http:\/\/www.armycadetleague.ca\/wp-content\/uploads\/Cliquez_ici-300x63.png\" alt=\"\" width=\"119\" height=\"25\" srcset=\"https:\/\/www.armycadetleague.ca\/wp-content\/uploads\/Cliquez_ici-300x63.png 300w, https:\/\/www.armycadetleague.ca\/wp-content\/uploads\/Cliquez_ici.png 430w\" sizes=\"auto, (max-width: 119px) 100vw, 119px\" \/><\/a> pour faire un don.<\/p>\n<p>&nbsp;<\/p>\n<p>Un re\u00e7u pour votre rapport d\u2019imp\u00f4t annuel vous sera envoy\u00e9 avant la fin de l\u2019ann\u00e9e pour tous les dons qui auront \u00e9t\u00e9 trait\u00e9s au bureau national.<\/p>\n<p>&nbsp;<\/p>\n<p><strong>Faites un don a la Ligue avec Centraide<\/strong><\/p>\n<p>Participez-vous \u00e0 la campagne de lev\u00e9 de fonds de Centraide?\u00a0 \u00cates-vous au courant que notre organisation pourrait b\u00e9n\u00e9ficier de ces dons\u00a0? \u00a0Eh bien oui, en fait le processus est tr\u00e8s facile.\u00a0 Il s\u2019agit tout simplement de sp\u00e9cifier l\u2019organisation de votre choix dans la section C du formulaire en indiquant le num\u00e9ro d\u2019organisme de bienfaisance ci-dessus.\u00a0 Un formulaire \u00e9lectronique est aussi disponible sur le site Web\u00a0www.centraide.ca,\u00a0dans ce cas il faut cliquer sur le bureau Centraide de votre r\u00e9gion pour y acc\u00e9der.<\/p>\n<p>Vous avez l\u2019option de verser vos dons \u00e0 notre organisme en tout ou en partie.\u00a0 Et en retour Centraide vous remettra un re\u00e7u pour votre rapport d\u2019imp\u00f4t annuel.<\/p>\n<p>Par ce geste g\u00e9n\u00e9reux, vous participez toujours \u00e0 la campagne de collecte de fonds de Centraide mais vous faites aussi le choix de d\u00e9montrer votre appui et de contribuer au d\u00e9veloppement du programme des Cadets de l\u2019Arm\u00e9e du Canada.<\/p>\n<p>Nous tenons \u00e0 vous remercier \u00e0 l\u2019avance de vos contributions.<\/p>\n\t<\/div>\n<\/div>\t\t<\/div>\n\t<\/div>\n<\/div><\/div>\n\n\t<\/div>\n\t<\/section><\/p>\n","protected":false},"excerpt":{"rendered":"<p>OFFREZ VOTRE APPUI AUX CADETS DE L&#8217;ARM\u00c9E FAITE UN DON A LA LIGUE Notre num\u00e9ro d\u2019organisme de bienfaisance est\u00a0:\u00a0BN\u00a0108071564RR0001 Nous vous remercions pour votre g\u00e9n\u00e9rosit\u00e9 et votre appui \u00e0 la Ligue et aux cadets de l&#8217;Arm\u00e9e \u00e0 travers le pays. Vos g\u00e9n\u00e9reuses contributions sont vitales et seront b\u00e9n\u00e9fiques \u00e0 notre organisation pour le d\u00e9veloppement du [&hellip;]<\/p>\n","protected":false},"author":1,"featured_media":0,"parent":0,"menu_order":0,"comment_status":"closed","ping_status":"closed","template":"visual-builder-template.php","meta":{"footnotes":"","_links_to":"","_links_to_target":""},"class_list":["post-6954","page","type-page","status-publish","hentry"],"_links":{"self":[{"href":"https:\/\/www.armycadetleague.ca\/fr\/wp-json\/wp\/v2\/pages\/6954","targetHints":{"allow":["GET"]}}],"collection":[{"href":"https:\/\/www.armycadetleague.ca\/fr\/wp-json\/wp\/v2\/pages"}],"about":[{"href":"https:\/\/www.armycadetleague.ca\/fr\/wp-json\/wp\/v2\/types\/page"}],"author":[{"embeddable":true,"href":"https:\/\/www.armycadetleague.ca\/fr\/wp-json\/wp\/v2\/users\/1"}],"replies":[{"embeddable":true,"href":"https:\/\/www.armycadetleague.ca\/fr\/wp-json\/wp\/v2\/comments?post=6954"}],"version-history":[{"count":13,"href":"https:\/\/www.armycadetleague.ca\/fr\/wp-json\/wp\/v2\/pages\/6954\/revisions"}],"predecessor-version":[{"id":7564,"href":"https:\/\/www.armycadetleague.ca\/fr\/wp-json\/wp\/v2\/pages\/6954\/revisions\/7564"}],"wp:attachment":[{"href":"https:\/\/www.armycadetleague.ca\/fr\/wp-json\/wp\/v2\/media?parent=6954"}],"curies":[{"name":"wp","href":"https:\/\/api.w.org\/{rel}","templated":true}]}}