{"id":6960,"date":"2017-08-29T19:38:13","date_gmt":"2017-08-29T19:38:13","guid":{"rendered":"http:\/\/www.armycadetleague.ca\/league\/awards-grants-and-bursaries\/"},"modified":"2017-09-02T03:53:51","modified_gmt":"2017-09-02T03:53:51","slug":"prix-subventions-et-bourses","status":"publish","type":"page","link":"https:\/\/www.armycadetleague.ca\/fr\/prix-subventions-et-bourses\/","title":{"rendered":"Prix, subventions et bourses"},"content":{"rendered":"\n<table id=\"tablepress-4\" class=\"tablepress tablepress-id-4 tbody-has-connected-cells\">\n<tbody class=\"row-striping\">\n<tr class=\"row-1\">\n\t<td colspan=\"2\" class=\"column-1\"><strong>13 \u2013 PRIX ET R\u00c9COMPENSES<\/strong><\/td>\n<\/tr>\n<tr class=\"row-2\">\n\t<td class=\"column-1\"><\/td><td class=\"column-2\"><a href=\"https:\/\/www.armycadetleague.ca\/wp-content\/uploads\/150th-Contest-Bilingual.pdf\">*NOUVEAU* - 150e anniversaire \u2013 Concours des Cadets de l'Arm\u00e9e royale canadienne<\/a><\/td>\n<\/tr>\n<tr class=\"row-3\">\n\t<td class=\"column-1\"><\/td><td class=\"column-2\"><a href=\"https:\/\/www.armycadetleague.ca\/wp-content\/uploads\/13-Politique-en-matiere-de-cadeaux-de-recompenses-et-davantages.pdf\">13-Politique en mati\u00e8re de cadeaux, de r\u00e9compenses et d'avantages<\/a><\/td>\n<\/tr>\n<tr class=\"row-4\">\n\t<td class=\"column-1\"><\/td><td class=\"column-2\"><a href=\"https:\/\/www.armycadetleague.ca\/wp-content\/uploads\/13-Annex-A-Francais.pdf\">13-Annex A Francais<\/a><\/td>\n<\/tr>\n<tr class=\"row-5\">\n\t<td class=\"column-1\"><\/td><td class=\"column-2\"><a href=\"https:\/\/www.armycadetleague.ca\/wp-content\/uploads\/13.1-1.pdf\" target=\"_blank\" rel=\"noopener noreferrer\">13.1 \u2013 M\u00e9daille de service des cadets de l\u2019Arm\u00e9e (MSCA)<\/a><\/td>\n<\/tr>\n<tr class=\"row-6\">\n\t<td class=\"column-1\"><\/td><td class=\"column-2\"><a href=\"https:\/\/www.armycadetleague.ca\/wp-content\/uploads\/Policy-13-1-ACSM-application-form-E_May-2023_active-cadets-only_Billingual_Fillable-3.pdf\" target=\"_blank\" rel=\"noopener noreferrer\">Annex  1a \u2013 Formulaire de demande -  POUR LES CADETS INSCRITS - (remplir \u00e9lectroniquement et imprimer pour signer)<\/a><\/td>\n<\/tr>\n<tr class=\"row-7\">\n\t<td class=\"column-1\"><\/td><td class=\"column-2\"><a href=\"https:\/\/www.armycadetleague.ca\/wp-content\/uploads\/Policy-13-1-2024-ACSM-application-2024_FORMER-cadets-only_bilingual-1.pdf\" target=\"_blank\" rel=\"noopener noreferrer\">Annex  1b \u2013 Formulaire de demande -  POUR LES ANCIENS CADETS - (remplir \u00e9lectroniquement et imprimer pour signer)<\/a><\/td>\n<\/tr>\n<tr class=\"row-8\">\n\t<td class=\"column-1\"><\/td><td class=\"column-2\"><a href=\"http:\/\/www.armycadetleague.ca\/wp-content\/uploads\/Policy-13.1-ACSM-Cerificate-French_fillable-for-Web.pdf\" target=\"_blank\" rel=\"noopener noreferrer\">13.1 A \u2013 Certificat de service continu (cette version vous permet de remplir les informations au certificat et de l\u2019imprimer)<\/a><\/td>\n<\/tr>\n<tr class=\"row-9\">\n\t<td class=\"column-1\"><\/td><td class=\"column-2\"><a href=\"https:\/\/www.armycadetleague.ca\/wp-content\/uploads\/policy-13.1B-ACSM-presentation-text-New-Format-F.pdf\" target=\"_blank\" rel=\"noopener noreferrer\">13.1 B \u2013 Texte pour la pr\u00e9sentation de la MSCA<\/a><\/td>\n<\/tr>\n<tr class=\"row-10\">\n\t<td class=\"column-1\"><\/td><td class=\"column-2\"><a href=\"https:\/\/www.armycadetleague.ca\/wp-content\/uploads\/Policy-13.5-Medal-of-Merit-bil-Final.pdf\"> 13.5 - M\u00e9daille du M\u00e9rite des cadets de l\u2019Arm\u00e9e <\/a><\/td>\n<\/tr>\n<tr class=\"row-11\">\n\t<td class=\"column-1\"><\/td><td class=\"column-2\"><a href=\"https:\/\/www.armycadetleague.ca\/wp-content\/uploads\/Policy-13.5A-Medal-of-Merit-Annex-A-bil-FINAL.pdf\">13.5A - M\u00e9daille du M\u00e9rite des cadets de l\u2019Arm\u00e9e Annex A<\/a><\/td>\n<\/tr>\n<tr class=\"row-12\">\n\t<td class=\"column-1\"><\/td><td class=\"column-2\"><a href=\"https:\/\/www.armycadetleague.ca\/wp-content\/uploads\/Policy-13.5B-Medal-of-Merit-Annex-B-bil-FINAL.pdf\">13.5B - M\u00e9daille du M\u00e9rite des cadets de l\u2019Arm\u00e9e Annex B<\/a><\/td>\n<\/tr>\n<tr class=\"row-13\">\n\t<td class=\"column-1\"><\/td><td class=\"column-2\"><a href=\"https:\/\/www.armycadetleague.ca\/wp-content\/uploads\/Policy-13.5C-Medal-of-Merit-Annex-C-bil-Final.pdf\">13.5C - M\u00e9daille du M\u00e9rite des cadets de l\u2019Arm\u00e9e Annex C<\/a><\/td>\n<\/tr>\n<tr class=\"row-14\">\n\t<td class=\"column-1\"><\/td><td class=\"column-2\"><a href=\"https:\/\/www.armycadetleague.ca\/wp-content\/uploads\/Policy-13.5D-Medal-of-Merit-Annex-D-bil-Final.pdf\">13.5D - M\u00e9daille du M\u00e9rite des cadets de l\u2019Arm\u00e9e Annex D<\/a><\/td>\n<\/tr>\n<tr class=\"row-15\">\n\t<td class=\"column-1\"><\/td><td class=\"column-2\"><a href=\"http:\/\/www.armycadetleague.ca\/wp-content\/uploads\/Policy-13.7-Belzile-Award-06-Mar-2013-Update_Bilingual.pdf\" target=\"_blank\" rel=\"noopener noreferrer\">13.7 \u2013 Troph\u00e9e du lieutenant-g\u00e9n\u00e9ral C.H. Belzile pour l\u2019excellence au tir de fusil de gros calibre<\/a><\/td>\n<\/tr>\n<tr class=\"row-16\">\n\t<td class=\"column-1\"><\/td><td class=\"column-2\"><a href=\"http:\/\/www.armycadetleague.ca\/wp-content\/uploads\/Policy-13.9-Cadet-Corps-Anniversaries-_Bilingual.pdf\" target=\"_blank\" rel=\"noopener noreferrer\">13.9 \u2013 Certificats d\u2019anniversaire des corps de cadets<\/a><\/td>\n<\/tr>\n<tr class=\"row-17\">\n\t<td class=\"column-1\"><\/td><td class=\"column-2\"><a href=\"http:\/\/www.armycadetleague.ca\/wp-content\/uploads\/Policy-13.10-CDS-Citation-_2013-rev_bilingual.pdf\" target=\"_blank\" rel=\"noopener noreferrer\">13.10 \u2013 Citation du chef d\u2019\u00e9tat-major de la D\u00e9fense<\/a><\/td>\n<\/tr>\n<tr class=\"row-18\">\n\t<td class=\"column-1\"><\/td><td class=\"column-2\"><a href=\"http:\/\/www.armycadetleague.ca\/wp-content\/uploads\/Policy-13.11-League-Member-of-the-Year-rev-May-2012_bilingual.pdf\" target=\"_blank\" rel=\"noopener noreferrer\">13.11 \u2013 Membre de la ligue de l\u2019ann\u00e9e<\/a><\/td>\n<\/tr>\n<tr class=\"row-19\">\n\t<td class=\"column-1\"><\/td><td class=\"column-2\"><a href=\"http:\/\/www.armycadetleague.ca\/wp-content\/uploads\/Policy-13.13-National-Marksmanship-Awards-Rev-Dec-2013_bilingual.pdf\" target=\"_blank\" rel=\"noopener noreferrer\">13.13 \u2013 R\u00e9compenses du championnat national de tir (vue d\u2019ensemble)<\/a><\/td>\n<\/tr>\n<tr class=\"row-20\">\n\t<td class=\"column-1\"><\/td><td class=\"column-2\"><a href=\"http:\/\/www.armycadetleague.ca\/wp-content\/uploads\/Policy-13.15-Para-Awards_Bilingual_-Rev-Jan-2017.pdf\" target=\"_blank\" rel=\"noopener noreferrer\">13.15 \u2013 Cours de Parachutiste -La distinction honorifique de la Ligue des cadets de l\u2019Arm\u00e9e du Canada<\/a><\/td>\n<\/tr>\n<tr class=\"row-21\">\n\t<td class=\"column-1\"><\/td><td class=\"column-2\"><a href=\"http:\/\/www.armycadetleague.ca\/wp-content\/uploads\/Policy-13.17-VSM-Annexe-A_-FILLABLE-Application_rev-avril-2017_FRA.pdf\" target=\"_blank\" rel=\"noopener noreferrer\">13.16 \u2013 REVISION \u2013 Rocky Mountain \u2013 La distinction honorifique de la Ligue des cadets de l\u2019Arm\u00e9e du Canada<\/a><\/td>\n<\/tr>\n<tr class=\"row-22\">\n\t<td class=\"column-1\"><\/td><td class=\"column-2\"><a href=\"http:\/\/www.armycadetleague.ca\/wp-content\/uploads\/Policy-13.17_Volunteer-Service-Medal-VSM-June-2015_Bilingual.pdf\" target=\"_blank\" rel=\"noopener noreferrer\">13.17 \u2013 M\u00e9daille de service des b\u00e9n\u00e9voles<\/a><\/td>\n<\/tr>\n<tr class=\"row-23\">\n\t<td class=\"column-1\"><\/td><td class=\"column-2\"><a href=\"http:\/\/www.armycadetleague.ca\/wp-content\/uploads\/Policy-13.17-VSM-Annexe-A_-FILLABLE-Application_rev-Oct-2019_FRA.pdf\" target=\"_blank\" rel=\"noopener noreferrer\">13.17 A \u2013 Annexe A \u2013 application pour m\u00e9dailles des b\u00e9n\u00e9voles<\/a><\/td>\n<\/tr>\n<tr class=\"row-24\">\n\t<td class=\"column-1\"><\/td><td class=\"column-2\"><a href=\"http:\/\/www.armycadetleague.ca\/wp-content\/uploads\/13.20-Sovereigns-medal_bilingual.pdf\" target=\"_blank\" rel=\"noopener noreferrer\">13.20 **NOUVEAU** M\u00e9daille du souverain pour les b\u00e9n\u00e9voles - Partenaire de confiance<\/a><\/td>\n<\/tr>\n<tr class=\"row-25\">\n\t<td colspan=\"2\" class=\"column-1\"><strong>17 \u2013 PRIX D\u2019EXCELLENCE \u2013 BOURSES ET SUBVENTIONS<\/strong><\/td>\n<\/tr>\n<tr class=\"row-26\">\n\t<td class=\"column-1\"><\/td><td class=\"column-2\"><a href=\"http:\/\/www.armycadetleague.ca\/wp-content\/uploads\/Pol.-17.1-GBCF-Aug-2018_bilingual-1.pdf\" target=\"_blank\" rel=\"noopener noreferrer\">17.1 \u2013 Politique du fond des cadets G\u00e9rard Buckley<\/a><\/td>\n<\/tr>\n<tr class=\"row-27\">\n\t<td class=\"column-1\"><\/td><td class=\"column-2\"><a href=\"http:\/\/fs2.formsite.com\/aclc\/BuckleyApplicationForm\/index.html\" target=\"_blank\" rel=\"noopener noreferrer\">17.1 A \u2013 Formulaire de demande \u00e9lectronique du fond des cadets G\u00e9rard Buckley<\/a><br \/>\n<em>Si vous \u00eates incapables de remplir ce formulaire en ligne, cliquez ici pour l\u2019acc\u00e8s \u00e0 la version qui peut \u00eatre imprim\u00e9e et envoy\u00e9e au bureau national par la poste ou par courrier \u00e9lectronique.<\/em><\/td>\n<\/tr>\n<tr class=\"row-28\">\n\t<td class=\"column-1\"><\/td><td class=\"column-2\"><a href=\"https:\/\/www.armycadetleague.ca\/wp-content\/uploads\/Policy-17.2-1st-Cdn-Para-Bn-Bursary_Rev-Jun-2023_Bilingual.pdf\" target=\"_blank\" rel=\"noopener noreferrer\">17.2 \u2013 Bourse du 1er Bataillon de parachutistes canadiens<\/a><\/td>\n<\/tr>\n<tr class=\"row-29\">\n\t<td class=\"column-1\"><\/td><td class=\"column-2\"><a href=\"http:\/\/www.armycadetleague.ca\/wp-content\/uploads\/POLICY-17-3-YCF-Scholarship-Bilingual-Jan-2016.pdf\" target=\"_blank\" rel=\"noopener noreferrer\">17.3 \u2013 Bourse d\u2019\u00e9tudes de la Fondation des jeunes citoyens<\/a><\/td>\n<\/tr>\n<tr class=\"row-30\">\n\t<td class=\"column-1\"><\/td><td class=\"column-2\"><a href=\"https:\/\/fs2.formsite.com\/aclc\/YoungCitizensFoundation\/index.html\" target=\"_blank\" rel=\"noopener noreferrer\">17.3 A \u2013 Formulaire de demande  pour la bourse d\u2019\u00e9tudes de la Fondation des jeunes citoyens<\/a><br \/>\n<em><\/em><\/td>\n<\/tr>\n<tr class=\"row-31\">\n\t<td class=\"column-1\"><\/td><td class=\"column-2\"><a href=\"http:\/\/www.armycadetleague.ca\/wp-content\/uploads\/Policy-17.4-Terry-Whitty-Bursary_bourse.pdf\" target=\"_blank\" rel=\"noopener noreferrer\">17.4 \u2013 Bourse comm\u00e9morative Major Terence Whitty, CD, KCStG<\/a><\/td>\n<\/tr>\n<tr class=\"row-32\">\n\t<td class=\"column-1\"><\/td><td class=\"column-2\"><a href=\"https:\/\/www.armycadetleague.ca\/wp-content\/uploads\/pol-17.5-Col-Cmdts-Scholarship_Nov-2020_BILINGUE_Mar-3-2021.pdf\" target=\"_blank\" rel=\"noopener noreferrer\">17.5 \u2013 **NOUVEAU** Bourse d\u2019\u00e9tudes des colonels commandant et des pr\u00e9sidents nationaux<\/a><\/td>\n<\/tr>\n<tr class=\"row-33\">\n\t<td class=\"column-1\"><\/td><td class=\"column-2\"><a href=\"https:\/\/fs2.formsite.com\/aclc\/ColCmdtsNtlPres-scholar\/index.html\" target=\"_blank\" rel=\"noopener noreferrer\">17.5 A \u2013 Formulaire de demande \u00e9lectronique pour la bourse d\u2019\u00e9tudes des colonels commandant et des pr\u00e9sidents nationaux<\/a><\/td>\n<\/tr>\n<\/tbody>\n<\/table>\n<!-- #tablepress-4 from cache -->\n","protected":false},"excerpt":{"rendered":"<p>13 \u2013 PRIX ET R\u00c9COMPENSES *NOUVEAU* &#8211; 150e anniversaire \u2013 Concours des Cadets de l&#8217;Arm\u00e9e royale canadienne 13-Politique en mati\u00e8re de cadeaux, de r\u00e9compenses et d&#8217;avantages 13-Annex A Francais 13.1 \u2013 M\u00e9daille de service des cadets de l\u2019Arm\u00e9e (MSCA) Annex 1a \u2013 Formulaire de demande &#8211; POUR LES CADETS INSCRITS &#8211; (remplir \u00e9lectroniquement et imprimer [&hellip;]<\/p>\n","protected":false},"author":1,"featured_media":0,"parent":0,"menu_order":0,"comment_status":"closed","ping_status":"closed","template":"","meta":{"footnotes":"","_links_to":"","_links_to_target":""},"class_list":["post-6960","page","type-page","status-publish","hentry"],"_links":{"self":[{"href":"https:\/\/www.armycadetleague.ca\/fr\/wp-json\/wp\/v2\/pages\/6960","targetHints":{"allow":["GET"]}}],"collection":[{"href":"https:\/\/www.armycadetleague.ca\/fr\/wp-json\/wp\/v2\/pages"}],"about":[{"href":"https:\/\/www.armycadetleague.ca\/fr\/wp-json\/wp\/v2\/types\/page"}],"author":[{"embeddable":true,"href":"https:\/\/www.armycadetleague.ca\/fr\/wp-json\/wp\/v2\/users\/1"}],"replies":[{"embeddable":true,"href":"https:\/\/www.armycadetleague.ca\/fr\/wp-json\/wp\/v2\/comments?post=6960"}],"version-history":[{"count":2,"href":"https:\/\/www.armycadetleague.ca\/fr\/wp-json\/wp\/v2\/pages\/6960\/revisions"}],"predecessor-version":[{"id":7032,"href":"https:\/\/www.armycadetleague.ca\/fr\/wp-json\/wp\/v2\/pages\/6960\/revisions\/7032"}],"wp:attachment":[{"href":"https:\/\/www.armycadetleague.ca\/fr\/wp-json\/wp\/v2\/media?parent=6960"}],"curies":[{"name":"wp","href":"https:\/\/api.w.org\/{rel}","templated":true}]}}