{"id":6963,"date":"2017-06-18T17:54:50","date_gmt":"2017-06-18T17:54:50","guid":{"rendered":"http:\/\/www.armycadetleague.ca\/ligue\/policy\/"},"modified":"2017-10-16T17:12:44","modified_gmt":"2017-10-16T17:12:44","slug":"politiques","status":"publish","type":"page","link":"https:\/\/www.armycadetleague.ca\/fr\/politiques\/","title":{"rendered":"Politiques et directives nationales"},"content":{"rendered":"<section   class=\"fw-main-row  auto  fw-section-position-back\"    >\n\t\t\t<div class=\"fw-container\" >\n\t\t<div class=\"fw-row\">\n\t<div id=\"column-69d789067408f\" class=\"fw-col-sm-12 tf-sh-3d861286e8d7728ef0868aead7c59c23\" >\n\t<div class=\"fw-wrap-col-inner clearfix  \"   >\n\t\t\t\t<div class=\"fw-col-inner\">\n\t\t\t<div class=\"fw-heading fw-heading-left  tf-sh-a5e2d798e45a7d0e5cc4a624adbc2956\" >\n\t\t\t<h4 class=\"fw-special-title\">Politiques et directives nationales<\/h4>\n\t\n\t\n\t<\/div><div class=\"fw-text-box tf-sh-e50fe81c216ed60298ab57b3ed4654dc \" >\n\t<div class=\"fw-text-inner\">\n\t\t<p>Ce Manuel de r\u00e9f\u00e9rence \u00e9tablit les politiques et proc\u00e9dures qui r\u00e9gissent la Ligue des cadets de l\u2019Arm\u00e9e du Canada. Ce document est \u00e9volutif et sera mis \u00e0 jour r\u00e9guli\u00e8rement pour s\u2019adapter aux changements et aux besoins des r\u00e9gions. Il est publi\u00e9 sous l\u2019autorit\u00e9 du comit\u00e9 ex\u00e9cutif de la Ligue des cadets de l\u2019Arm\u00e9e du Canada.<\/p>\n\t<\/div>\n<\/div>\t<div  class=\"fw-divider tf-sh-3b104ee2d0a7d0938938e4e9d44f5a05  fw-divider-align-left fw-divider-full-width fw-line-solid fw-divider-line space-sm  fw_theme_border_only_fw-custom\"  style=\"width: auto;  \" ><\/div>\n<div class=\"fw-text-box tf-sh-fbb5feb83add5e2d8c4c8a1ec2059958 \" >\n\t<div class=\"fw-text-inner\">\n\t\t<p>\n<table id=\"tablepress-3\" class=\"tablepress tablepress-id-3 tbody-has-connected-cells\">\n<tbody class=\"row-striping\">\n<tr class=\"row-1\">\n\t<td colspan=\"2\" class=\"column-1\"><strong>1 \u2013 Manuel des politiques<\/strong><\/td>\n<\/tr>\n<tr class=\"row-2\">\n\t<td class=\"column-1\"><\/td><td class=\"column-2\"><a href=\"http:\/\/www.armycadetleague.ca\/wp-content\/uploads\/Policy-1-Forward_Bilingual_Rev-Jan-2013.pdf\" target=\"_blank\" rel=\"noopener noreferrer\">1.1 \u2013 But et mode d\u2019emploi du manuel des politiques<\/a><\/td>\n<\/tr>\n<tr class=\"row-3\">\n\t<td colspan=\"2\" class=\"column-1\"><strong>2 \u2013 GLOSSAIRE<\/strong><\/td>\n<\/tr>\n<tr class=\"row-4\">\n\t<td class=\"column-1\"><\/td><td class=\"column-2\"><a href=\"http:\/\/www.armycadetleague.ca\/wp-content\/uploads\/2017\/06\/Policy_2.1.pdf\" target=\"_blank\" rel=\"noopener noreferrer\">2.1 \u2013 D\u00e9finitions et significations utilis\u00e9es dans ce manuel<\/a><\/td>\n<\/tr>\n<tr class=\"row-5\">\n\t<td class=\"column-1\"><\/td><td class=\"column-2\"><a href=\"http:\/\/www.armycadetleague.ca\/wp-content\/uploads\/Policy-2.2-ABBREVIATIONS_bilingual_Jan-2013.pdf\" target=\"_blank\" rel=\"noopener noreferrer\">2.2 \u2013 Abr\u00e9viations militaires<\/a><\/td>\n<\/tr>\n<tr class=\"row-6\">\n\t<td colspan=\"2\" class=\"column-1\"><strong>3 \u2013 ORGANIZATION ET RESPONSIBILIT\u00c9S<\/strong><\/td>\n<\/tr>\n<tr class=\"row-7\">\n\t<td class=\"column-1\"><\/td><td class=\"column-2\"><a href=\"http:\/\/www.armycadetleague.ca\/wp-content\/uploads\/Policy-3.1-Aims_bilingual_rev-jan-2013.pdf\" target=\"_blank\" rel=\"noopener noreferrer\">3.1 \u2013 But des organisations des cadets du Canada <\/a><\/td>\n<\/tr>\n<tr class=\"row-8\">\n\t<td class=\"column-1\"><\/td><td class=\"column-2\"><a href=\"http:\/\/www.armycadetleague.ca\/wp-content\/uploads\/Policy-3.1A-Mission-Poster_bilingual-2013.pdf\" target=\"_blank\" rel=\"noopener noreferrer\">3.1 A \u2013 Affiche de la mission de la Ligue <\/a><\/td>\n<\/tr>\n<tr class=\"row-9\">\n\t<td class=\"column-1\"><\/td><td class=\"column-2\"><a href=\"https:\/\/www.armycadetleague.ca\/wp-content\/uploads\/2020-030021-PE-FAC-Ligues-26-juin-2020-.pdf\" target=\"_blank\" rel=\"noopener noreferrer\">3.2- Protocole d\u2019entente<\/a><\/td>\n<\/tr>\n<tr class=\"row-10\">\n\t<td class=\"column-1\"><\/td><td class=\"column-2\"><a href=\"https:\/\/www.armycadetleague.ca\/wp-content\/uploads\/Policy-3.3-SC-Responsibility-Responsabilites-CS_july-2020.pdf\" target=\"_blank\" rel=\"noopener noreferrer\">3.3 \u2013 R\u00f4le et responsabilit\u00e9s du comit\u00e9 de soutien du corps de cadet<\/a><\/td>\n<\/tr>\n<tr class=\"row-11\">\n\t<td class=\"column-1\"><\/td><td class=\"column-2\"><a href=\"https:\/\/www.armycadetleague.ca\/wp-content\/uploads\/POL-3.3-Annex-A-EMT-POS.pdf\" target=\"_blank\" rel=\"noopener noreferrer\">3.3 Annexe A - Proc\u00e9dures pour les transactions \u00e9lectroniques<\/a><\/td>\n<\/tr>\n<tr class=\"row-12\">\n\t<td class=\"column-1\"><\/td><td class=\"column-2\"><a href=\"http:\/\/www.armycadetleague.ca\/wp-content\/uploads\/Policy-3.4-National-Org-Chart_Jan-2013_Bilingual.pdf\" target=\"_blank\" rel=\"noopener noreferrer\">3.4 \u2013 Organigramme de l\u2019organisation nationale<\/a><\/td>\n<\/tr>\n<tr class=\"row-13\">\n\t<td class=\"column-1\"><\/td><td class=\"column-2\"><a href=\"http:\/\/www.armycadetleague.ca\/wp-content\/uploads\/Policy-3.5B-Cadet-Honour-Code_Bilingual.pdff\" target=\"_blank\" rel=\"noopener noreferrer\">3.5 \u2013 Code d\u2019honneur du cadet<\/a><\/td>\n<\/tr>\n<tr class=\"row-14\">\n\t<td class=\"column-1\"><\/td><td class=\"column-2\">APPROUV\u00c9 <a href=\"https:\/\/www.armycadetleague.ca\/wp-content\/uploads\/By-Law-10-approved-1.pdf\" target=\"_blank\" rel=\"noopener noreferrer\">3.6 \u2013 R\u00e8glement DIX (R\u00e8glements nationaux)<\/a><br \/>\n<br \/>\n*NOUVEAU <a href=\"https:\/\/www.armycadetleague.ca\/wp-content\/uploads\/RESOLUTION-AGE-OF-OFFICERS-DIRECTORS_RESOLUTION-AGE-DES-OFFICIERS-ADMINISTRATEURS-1.pdf\" target=\"_blank\" rel=\"noopener noreferrer\">  \u2022 R\u00e9solution concernant l\u2019\u00e2ge des officiers et des administrateurs<\/a><br \/>\n<br \/>\n*NOUVEAU <a href=\"https:\/\/www.armycadetleague.ca\/wp-content\/uploads\/RESOLUTION-to-amend-THE-BoD-OFFICERS-_RESOLUTION_modifier-le-CA-OFFICIERS-1-1.pdf\" target=\"_blank\" rel=\"noopener noreferrer\"> \u2022 R\u00e9solution pour modifier le conseil d\u2019administration et les officiers de la LCAC<\/a><br \/>\n<br \/>\n*NOUVEAU <a href=\"https:\/\/www.armycadetleague.ca\/wp-content\/uploads\/RESOLUTION-re-MEMBERSHIP_RESOLUTION-concernant-MEMBRIEtE-1.pdf\" target=\"_blank\" rel=\"noopener noreferrer\"> \u2022 R\u00e9solution concernant la membri\u00e9t\u00e9 de la LCAC<\/a><\/td>\n<\/tr>\n<tr class=\"row-15\">\n\t<td class=\"column-1\"><\/td><td class=\"column-2\"><a href=\"http:\/\/www.armycadetleague.ca\/wp-content\/uploads\/Policy-3-6-1_AGM_AGA_ENFR.pdf\">3.6.1 \u2013 Assembl\u00e9e G\u00e9n\u00e9rale Annuelle<\/a><\/td>\n<\/tr>\n<tr class=\"row-16\">\n\t<td class=\"column-1\"><\/td><td class=\"column-2\"><a href=\"https:\/\/www.armycadetleague.ca\/wp-content\/uploads\/policy-3.7_conduct-of-national-elections_bilingual_Dec-2022-2.pdf\" target=\"_blank\" rel=\"noopener noreferrer\">**R\u00c9VIS\u00c9** 3.7 \u2013 Proc\u00e9dure des \u00e9lections nationales<\/a><\/td>\n<\/tr>\n<tr class=\"row-17\">\n\t<td class=\"column-1\"><\/td><td class=\"column-2\"><a href=\"http:\/\/www.armycadetleague.ca\/wp-content\/uploads\/Policy-3.8-Forming-a-Cadet-Corps_Bilingual_Rev-Jan-2013.pdf\" target=\"_blank\" rel=\"noopener noreferrer\">3.8 \u2013 Formation d\u2019un nouveau corps de cadet<\/a><\/td>\n<\/tr>\n<tr class=\"row-18\">\n\t<td class=\"column-1\"><\/td><td class=\"column-2\"><a href=\"http:\/\/www.armycadetleague.ca\/wp-content\/uploads\/Engagement-du-repondant_Rev-fevrier-2019_fillable.pdf\" target=\"_blank\" rel=\"noopener noreferrer\">3.8 A \u2013 Formulaire d\u2019engagement du r\u00e9pondant (Ce formulaire peut \u00eatre rempli \u00e9lectroniquement.  Il devra \u00eatre imprim\u00e9 pour y apposer les signatures requises)<\/a><\/td>\n<\/tr>\n<tr class=\"row-19\">\n\t<td class=\"column-1\"><\/td><td class=\"column-2\"><a href=\"http:\/\/www.armycadetleague.ca\/wp-content\/uploads\/Policy-3.9-Closing-a-Cadet-Corps-NEW_Bilingual.pdf\" target=\"_blank\" rel=\"noopener noreferrer\">3.9 \u2013 Fermeture d\u2019un corps de cadets <\/a><\/td>\n<\/tr>\n<tr class=\"row-20\">\n\t<td class=\"column-1\"><\/td><td class=\"column-2\"><a href=\"http:\/\/www.armycadetleague.ca\/wp-content\/uploads\/Policy-3.9-Closing-a-Cadet-Corps-ANNEX-A_-FRENCH.pdf\" target=\"_blank\" rel=\"noopener noreferrer\">3.9 A \u2013 Liste de v\u00e9rification \u2013 fermeture\/fusion d\u2019un corps de cadets de l\u2019arm\u00e9e<\/a><\/td>\n<\/tr>\n<tr class=\"row-21\">\n\t<td class=\"column-1\"><\/td><td class=\"column-2\"><a href=\"http:\/\/www.armycadetleague.ca\/wp-content\/uploads\/Policy-3.10-Privacy-Policy_Bilingual_MArch-2013.pdf\" target=\"_blank\" rel=\"noopener noreferrer\">3.10 \u2013 Politique relative au respect de la loi priv\u00e9e<\/a><\/td>\n<\/tr>\n<tr class=\"row-22\">\n\t<td class=\"column-1\"><\/td><td class=\"column-2\"><a href=\"https:\/\/www.armycadetleague.ca\/wp-content\/uploads\/Pol-3.11_Communications_BIL.pdf\" target=\"_blank\" rel=\"noopener noreferrer\"> 3.11 \u2013 Politique relative aux communications<\/a><\/td>\n<\/tr>\n<tr class=\"row-23\">\n\t<td class=\"column-1\"><\/td><td class=\"column-2\"><a href=\"https:\/\/www.armycadetleague.ca\/wp-content\/uploads\/Pol-3.12_Fundraising-Policy-_BIL.pdf\" target=\"_blank\" rel=\"noopener noreferrer\"> 3.12 \u2013 Politique de financement<\/a><\/td>\n<\/tr>\n<tr class=\"row-24\">\n\t<td class=\"column-1\"><\/td><td class=\"column-2\"><a href=\"https:\/\/www.armycadetleague.ca\/wp-content\/uploads\/FAQ-FR-Document-Gp-O-9010-3.pdf\" target=\"_blank\" rel=\"noopener noreferrer\"> Foire aux questions \u2013 en r\u00e9f\u00e9rence avec la publication de l\u2019ordonnance de groupe CRJC 9010-3, cadets soutenant des organisations caritatives et des activit\u00e9s de financement<\/a><\/td>\n<\/tr>\n<tr class=\"row-25\">\n\t<td class=\"column-1\"><\/td><td class=\"column-2\"><a href=\"https:\/\/www.armycadetleague.ca\/wp-content\/uploads\/Pol-3.13_Use-of-Badges_BIL-1.pdf\" target=\"_blank\" rel=\"noopener noreferrer\"> 3.13 \u2013 Utilisation des insignes, logos et \u00e9cussons<\/a><\/td>\n<\/tr>\n<tr class=\"row-26\">\n\t<td class=\"column-1\"><\/td><td class=\"column-2\"><a href=\"https:\/\/www.armycadetleague.ca\/wp-content\/uploads\/Pol-3.14-Use-of-Websites-and-Social-Media-bil.pdf\">3.14 - Utilisation des Sites Web et des M\u00e9dias Sociaux <\/a><\/td>\n<\/tr>\n<tr class=\"row-27\">\n\t<td colspan=\"2\" class=\"column-1\"><strong>4 \u2013 ASSURANCE<\/strong><\/td>\n<\/tr>\n<tr class=\"row-28\">\n\t<td class=\"column-1\"><\/td><td class=\"column-2\"><a href=\"https:\/\/www.armycadetleague.ca\/wp-content\/uploads\/Pol-4_Insurance-program-_Aug-2020_Bilingual-1.pdf\" target=\"_blank\" rel=\"noopener noreferrer\">Programme d\u2019assurance<\/a><\/td>\n<\/tr>\n<tr class=\"row-29\">\n\t<td class=\"column-1\"><\/td><td class=\"column-2\"><a href=\"https:\/\/fs2.formsite.com\/aclc\/insuranceclaim\/index.html\" target=\"_blank\" rel=\"noopener noreferrer\">Formulaire de r\u00e9clamation<\/a><\/td>\n<\/tr>\n<tr class=\"row-30\">\n\t<td class=\"column-1\"><\/td><td class=\"column-2\"><a href=\"https:\/\/fs2.formsite.com\/aclc\/BFL-Insurance_w-waiver1\/index.html\" target=\"_blank\" rel=\"noopener noreferrer\">Demande d\u2019un certificat d\u2019assurance<\/a><\/td>\n<\/tr>\n<tr class=\"row-31\">\n\t<td class=\"column-1\"><\/td><td class=\"column-2\"><a href=\"http:\/\/www.armycadetleague.ca\/fr\/ressources\/assurance\/\" target=\"_blank\" rel=\"noopener noreferrer\">4A \u2013 Questions &amp; R\u00e9ponses <\/a><\/td>\n<\/tr>\n<tr class=\"row-32\">\n\t<td colspan=\"2\" class=\"column-1\"><strong>9 \u2013 POLITIQUE D\u2019ADH\u00c9SION<\/strong><\/td>\n<\/tr>\n<tr class=\"row-33\">\n\t<td class=\"column-1\"><\/td><td class=\"column-2\"><a href=\"https:\/\/www.armycadetleague.ca\/wp-content\/uploads\/9.1-Membership.pdf\" target=\"_blank\" rel=\"noopener noreferrer\">9.1 \u2013 L\u2019adh\u00e9sion \u00e0 la Ligue des cadets de l\u2019Arm\u00e9e du Canada<\/a><\/td>\n<\/tr>\n<tr class=\"row-34\">\n\t<td class=\"column-1\"><\/td><td class=\"column-2\"><a href=\"http:\/\/www.armycadetleague.ca\/wp-content\/uploads\/Policy-9.2-LIFE-MEMBERSHIP-rev-January-2013_Bilingual.pdf\" target=\"_blank\" rel=\"noopener noreferrer\">9.2 \u2013 Membres \u00e0 vie<\/a><\/td>\n<\/tr>\n<tr class=\"row-35\">\n\t<td class=\"column-1\"><\/td><td class=\"column-2\"><a href=\"http:\/\/www.armycadetleague.ca\/wp-content\/uploads\/Policy-9-3-Corporate-Membership_Sept-2017_bilingual.pdf\" target=\"_blank\" rel=\"noopener noreferrer\">9.3 \u2013 Membres Corporatifs<\/a><\/td>\n<\/tr>\n<tr class=\"row-36\">\n\t<td colspan=\"2\" class=\"column-1\"><strong>10 \u2013 S\u00c9LECTION ET GESTION DES B\u00c9N\u00c9VOLES<\/strong><\/td>\n<\/tr>\n<tr class=\"row-37\">\n\t<td class=\"column-1\"><\/td><td class=\"column-2\"><a href=\"http:\/\/www.armycadetleague.ca\/wp-content\/uploads\/Pol-10-benevolat-de-groupe-ressources-cles-intention-des-groupes.pdf\" target=\"_blank\" rel=\"noopener noreferrer\">Mat\u00e9riel de r\u00e9f\u00e9rence de B\u00e9n\u00e9voles Canada<br \/>\n<\/a><\/td>\n<\/tr>\n<tr class=\"row-38\">\n\t<td class=\"column-1\"><\/td><td class=\"column-2\"><a href=\"https:\/\/www.armycadetleague.ca\/wp-content\/uploads\/Pol-10-1-Screening-Management-of-Volunteers_BIL_Rev-oct-2021.pdf\" target=\"_blank\" rel=\"noopener noreferrer\"> **R\u00c9VIS\u00c9** 10.1 \u2013 Programme national d\u2019enregistrement des b\u00e9n\u00e9voles<\/a><\/td>\n<\/tr>\n<tr class=\"row-39\">\n\t<td class=\"column-1\"><\/td><td class=\"column-2\"><a href=\"https:\/\/www.armycadetleague.ca\/wp-content\/uploads\/ACLC-Code-of-Conduct_11-Oct-2021_F_FINAL.pdf\" target=\"_blank\" rel=\"noopener noreferrer\">Code de conduite et d\u2019\u00e9thique<\/a><\/td>\n<\/tr>\n<tr class=\"row-40\">\n\t<td class=\"column-1\"><\/td><td class=\"column-2\"><a href=\"http:\/\/www.armycadetleague.ca\/wp-content\/uploads\/Pol-10.1-Annex-B-DRIVERS-LOG_Billingual_Nov-2016.pdf\" target=\"_blank\" rel=\"noopener noreferrer\">10.1 B \u2013 Journal des conducteurs (\u00c9v\u00e9nements sp\u00e9ciaux)<\/a><\/td>\n<\/tr>\n<tr class=\"row-41\">\n\t<td class=\"column-1\"><\/td><td class=\"column-2\"><a href=\"http:\/\/www.armycadetleague.ca\/wp-content\/uploads\/Pol-10.1-Annex-C-Handbook-REV-Nov-2016-_Bil.pdf\" target=\"_blank\" rel=\"noopener noreferrer\">10.1 C \u2013 Manuel des coordinateurs de s\u00e9lection<\/a><\/td>\n<\/tr>\n<tr class=\"row-42\">\n\t<td class=\"column-1\"><\/td><td class=\"column-2\"><a href=\"http:\/\/www.armycadetleague.ca\/wp-content\/uploads\/Pol-10.1-Annex-D-Telephone-Reference-Check.pdf\" target=\"_blank\" rel=\"noopener noreferrer\">10.1 D \u2013 Formulaire de v\u00e9rification des r\u00e9f\u00e9rences par t\u00e9l\u00e9phone<\/a><\/td>\n<\/tr>\n<tr class=\"row-43\">\n\t<td class=\"column-1\"><\/td><td class=\"column-2\"><a href=\"https:\/\/www.armycadetleague.ca\/wp-content\/uploads\/Pol-10.1-Annex-E-Exception-Tol-Pol-Vol-Screeng-Rev-Mar-2021_Bil-2.pdf\" target=\"_blank\" rel=\"noopener noreferrer\">10.1 E \u2013 Politique en mati\u00e8re d\u2019exception au processus d\u2019examen pr\u00e9alable quant au seuil de tol\u00e9rance<\/a><\/td>\n<\/tr>\n<tr class=\"row-44\">\n\t<td class=\"column-1\"><\/td><td class=\"column-2\"><a href=\"http:\/\/www.armycadetleague.ca\/wp-content\/uploads\/2017\/06\/Policy_10_-Group-Volunteering-Key-Resources-For-Groups-Wanting-to-Volunteer.pdf\" target=\"_blank\" rel=\"noopener noreferrer\">B\u00e9n\u00e9volat de groupe-ressources cl\u00e9s \u00e0 l\u2019 intention des groupes<\/a><\/td>\n<\/tr>\n<tr class=\"row-45\">\n\t<td class=\"column-1\"><\/td><td class=\"column-2\"><a href=\"http:\/\/www.armycadetleague.ca\/wp-content\/uploads\/Pol10-ben-de-groupe-outils-intention-des-organismes.pdf\" target=\"_blank\" rel=\"noopener noreferrer\">B\u00e9n\u00e9volat de groupe \u2013 outils et ressources \u00e0 l\u2019 intention des organismes<\/a><\/td>\n<\/tr>\n<tr class=\"row-46\">\n\t<td class=\"column-1\"><\/td><td class=\"column-2\"><a href=\"https:\/\/www.armycadetleague.ca\/wp-content\/uploads\/Ser-6.2-Policy-10-Screening-New-Canadians.pdf\" target=\"_blank\" rel=\"noopener noreferrer\">POLITIQUE SUR LES R\u00c9SOLUTIONS EN <br \/>\n BLOC AUX R\u00c9UNIONS DU CONSEIL<\/a><\/td>\n<\/tr>\n<tr class=\"row-47\">\n\t<td colspan=\"2\" class=\"column-1\"><strong>13 \u2013 PRIX ET R\u00c9COMPENSES<\/strong><\/td>\n<\/tr>\n<tr class=\"row-48\">\n\t<td class=\"column-1\"><\/td><td class=\"column-2\"><a href=\"http:\/\/www.armycadetleague.ca\/fr\/ligue\/prix-subventions-et-bourses\/\" target=\"_blank\" rel=\"noopener noreferrer\">S'il-vous-pla\u00eet visitez la page de prix, subventions et bourses.<\/a><\/td>\n<\/tr>\n<tr class=\"row-49\">\n\t<td colspan=\"2\" class=\"column-1\"><strong>15 \u2013 CONTR\u00d4LES FINANCIERS ET COMPATIBILIT\u00c9<\/strong><\/td>\n<\/tr>\n<tr class=\"row-50\">\n\t<td class=\"column-1\"><\/td><td class=\"column-2\"><a href=\"https:\/\/www.armycadetleague.ca\/wp-content\/uploads\/Policy-15.1-Financial-Directive_rev-July-2023_Bilingual.pdf\" target=\"_blank\" rel=\"noopener noreferrer\">15.1 \u2013 Directive financi\u00e8re<\/a><\/td>\n<\/tr>\n<tr class=\"row-51\">\n\t<td class=\"column-1\"><\/td><td class=\"column-2\"><a href=\"https:\/\/www.armycadetleague.ca\/wp-content\/uploads\/Policy-15.1_A-Financial-Directive-_Funds_2023_Bilingual.pdf\" target=\"_blank\" rel=\"noopener noreferrer\">15.1 A \u2013 Directive Financi\u00e8re \u2013 Fonds<\/a><\/td>\n<\/tr>\n<tr class=\"row-52\">\n\t<td class=\"column-1\"><\/td><td class=\"column-2\"><a href=\"https:\/\/www.armycadetleague.ca\/wp-content\/uploads\/Request-for-Reimbursement-May-2025.pdf\" target=\"_blank\" rel=\"noopener noreferrer\">15.1 B \u2013 Formulaire de r\u00e9clamation pour les d\u00e9penses de voyages  (peut \u00eatre rempli \u00e9lectroniquement)<\/a><\/td>\n<\/tr>\n<tr class=\"row-53\">\n\t<td class=\"column-1\"><\/td><td class=\"column-2\"><a href=\"http:\/\/www.armycadetleague.ca\/wp-content\/uploads\/Policy-15-2-Org-Fin-Contributions_bilingual.pdf\" target=\"_blank\" rel=\"noopener noreferrer\">15.2 \u2013  Contributions financi\u00e8res organisationnelles<\/a><\/td>\n<\/tr>\n<tr class=\"row-54\">\n\t<td class=\"column-1\"><\/td><td class=\"column-2\"><a href=\"https:\/\/www.armycadetleague.ca\/wp-content\/uploads\/Pol-15.4_Investments_June-2020_Bil.pdf\" target=\"_blank\" rel=\"noopener noreferrer\">15.4 \u2013 Politique d\u2019investissement<\/a><\/td>\n<\/tr>\n<tr class=\"row-55\">\n\t<td class=\"column-1\"><\/td><td class=\"column-2\"><a href=\"https:\/\/www.armycadetleague.ca\/wp-content\/uploads\/Politique-15.5-Conservation-des-Documents.pdf\">Politique 15.5-Conservation des Documents<\/a><\/td>\n<\/tr>\n<tr class=\"row-56\">\n\t<td colspan=\"2\" class=\"column-1\"><strong>16 \u2013 POLITIQUES CONCERNANT LES RELATIONS HUMAINE<\/strong><\/td>\n<\/tr>\n<tr class=\"row-57\">\n\t<td class=\"column-1\"><\/td><td class=\"column-2\"><a href=\"http:\/\/www.armycadetleague.ca\/wp-content\/uploads\/Policy-16-1-Hiring-Policy-Executive-Director_May-2012_Bilingual.pdf\" target=\"_blank\" rel=\"noopener noreferrer\">16.1 \u2013 Politique d\u2019embauche d\u2019un directeur ex\u00e9cutif<\/a><\/td>\n<\/tr>\n<tr class=\"row-58\">\n\t<td class=\"column-1\"><\/td><td class=\"column-2\"><a href=\"https:\/\/www.armycadetleague.ca\/wp-content\/uploads\/Pol-16.2_Complaints-1.pdf\" target=\"_blank\" rel=\"noopener noreferrer\">16.2 \u2013 Politique relative aux plaintes (Lancer d'alerte)<\/a><\/td>\n<\/tr>\n<tr class=\"row-59\">\n\t<td colspan=\"2\" class=\"column-1\"><strong>17 \u2013 PRIX D\u2019EXCELLENCE \u2013 BOURSES ET SUBVENTIONS<\/strong><\/td>\n<\/tr>\n<tr class=\"row-60\">\n\t<td class=\"column-1\"><\/td><td class=\"column-2\"><a href=\"http:\/\/www.armycadetleague.ca\/fr\/ligue\/prix-subventions-et-bourses\/\" target=\"_blank\" rel=\"noopener noreferrer\">S'il-vous-pla\u00eet visitez la page de prix, subventions et bourses.<\/a><\/td>\n<\/tr>\n<tr class=\"row-61\">\n\t<td colspan=\"2\" class=\"column-1\"><strong>18 \u2013 MANDATS<\/strong><\/td>\n<\/tr>\n<tr class=\"row-62\">\n\t<td class=\"column-1\"><\/td><td class=\"column-2\"><a href=\"https:\/\/www.armycadetleague.ca\/wp-content\/uploads\/Policy-18.1-TOR-EC_BIL.pdf\" target=\"_blank\" rel=\"noopener noreferrer\">18.1 \u2013 Mandat - Comit\u00e9 ex\u00e9cutif<\/a><\/td>\n<\/tr>\n<tr class=\"row-63\">\n\t<td class=\"column-1\"><\/td><td class=\"column-2\"><a href=\"https:\/\/www.armycadetleague.ca\/wp-content\/uploads\/Policy-18.2-TOR-NC_BIL.pdf\" target=\"_blank\" rel=\"noopener noreferrer\">18.2 \u2013 Mandat - Conseil national (Vice-pr\u00e9sidents)<\/a><\/td>\n<\/tr>\n<tr class=\"row-64\">\n\t<td class=\"column-1\"><\/td><td class=\"column-2\"><a href=\"https:\/\/www.armycadetleague.ca\/wp-content\/uploads\/Policy-18.3-TOR-SpAdv_BIL.pdf\" target=\"_blank\" rel=\"noopener noreferrer\">18.3 \u2013 Mandat des Conseillers sp\u00e9ciaux<\/a><\/td>\n<\/tr>\n<tr class=\"row-65\">\n\t<td class=\"column-1\"><\/td><td class=\"column-2\"><a href=\"https:\/\/www.armycadetleague.ca\/wp-content\/uploads\/GN-TORs.pdf\" target=\"_blank\" rel=\"noopener noreferrer\">18.4 \u2013 Mandat du Comit\u00e9 sur la gouvernance et les nominations<\/a><\/td>\n<\/tr>\n<tr class=\"row-66\">\n\t<td class=\"column-1\"><\/td><td class=\"column-2\"><a href=\"https:\/\/www.armycadetleague.ca\/wp-content\/uploads\/18.6-Fund-Generation-TOR.pdf\" target=\"_blank\" rel=\"noopener noreferrer\">18.6 \u2013                     \u00c9BAUCHE DU MANDAT DU COMIT\u00c9 DE G\u00c9N\u00c9RATION DES FONDS                                <\/a><\/td>\n<\/tr>\n<\/tbody>\n<\/table>\n<!-- #tablepress-3 from cache --><\/p>\n\t<\/div>\n<\/div>\t\t<\/div>\n\t<\/div>\n<\/div><\/div>\n\n\t<\/div>\n\t<\/section>\n","protected":false},"excerpt":{"rendered":"<p>Politiques et directives nationales Ce Manuel de r\u00e9f\u00e9rence \u00e9tablit les politiques et proc\u00e9dures qui r\u00e9gissent la Ligue des cadets de l\u2019Arm\u00e9e du Canada. Ce document est \u00e9volutif et sera mis \u00e0 jour r\u00e9guli\u00e8rement pour s\u2019adapter aux changements et aux besoins des r\u00e9gions. Il est publi\u00e9 sous l\u2019autorit\u00e9 du comit\u00e9 ex\u00e9cutif de la Ligue des cadets [&hellip;]<\/p>\n","protected":false},"author":1,"featured_media":0,"parent":0,"menu_order":0,"comment_status":"closed","ping_status":"closed","template":"visual-builder-template.php","meta":{"footnotes":"","_links_to":"","_links_to_target":""},"class_list":["post-6963","page","type-page","status-publish","hentry"],"_links":{"self":[{"href":"https:\/\/www.armycadetleague.ca\/fr\/wp-json\/wp\/v2\/pages\/6963","targetHints":{"allow":["GET"]}}],"collection":[{"href":"https:\/\/www.armycadetleague.ca\/fr\/wp-json\/wp\/v2\/pages"}],"about":[{"href":"https:\/\/www.armycadetleague.ca\/fr\/wp-json\/wp\/v2\/types\/page"}],"author":[{"embeddable":true,"href":"https:\/\/www.armycadetleague.ca\/fr\/wp-json\/wp\/v2\/users\/1"}],"replies":[{"embeddable":true,"href":"https:\/\/www.armycadetleague.ca\/fr\/wp-json\/wp\/v2\/comments?post=6963"}],"version-history":[{"count":3,"href":"https:\/\/www.armycadetleague.ca\/fr\/wp-json\/wp\/v2\/pages\/6963\/revisions"}],"predecessor-version":[{"id":7576,"href":"https:\/\/www.armycadetleague.ca\/fr\/wp-json\/wp\/v2\/pages\/6963\/revisions\/7576"}],"wp:attachment":[{"href":"https:\/\/www.armycadetleague.ca\/fr\/wp-json\/wp\/v2\/media?parent=6963"}],"curies":[{"name":"wp","href":"https:\/\/api.w.org\/{rel}","templated":true}]}}