{"id":6978,"date":"2017-06-22T15:03:02","date_gmt":"2017-06-22T15:03:02","guid":{"rendered":"http:\/\/www.armycadetleague.ca\/join-league\/"},"modified":"2025-10-14T13:38:07","modified_gmt":"2025-10-14T18:38:07","slug":"joignez-vous-a-nous","status":"publish","type":"page","link":"https:\/\/www.armycadetleague.ca\/fr\/joignez-vous-a-nous\/","title":{"rendered":"Joignez-vous \u00e0 nous"},"content":{"rendered":"<p><section   class=\"fw-main-row  auto  fw-section-position-back\"    >\n\t\t\t<div class=\"fw-container\" >\n\t\t<div class=\"fw-row\">\n\t<div id=\"column-69d7ee85a638e\" class=\"fw-col-sm-12 tf-sh-70c9378aae1d0912caf6913019cd2923\" >\n\t<div class=\"fw-wrap-col-inner clearfix  \"   >\n\t\t\t\t<div class=\"fw-col-inner\">\n\t\t\t\n\t\n\t\t<div class=\"fw-block-image-parent  \"  style=\"width: 100%; \">\n\t\t\t<span class=\"fw-block-image-child fw-noratio fw-ratio-container\">\n\t\t\t\t<noscript itemscope itemtype=\"https:\/\/schema.org\/ImageObject\" itemprop=\"image\"><img decoding=\"async\" src=\"https:\/\/www.armycadetleague.ca\/wp-content\/uploads\/french-web-banner-.png\"  alt=\"french web banner\" data-maxdpr=\"1.7\" class=\"lazyload\" \/><meta itemprop=\"url\" content=\"https:\/\/www.armycadetleague.ca\/wp-content\/uploads\/french-web-banner-.png\"><meta itemprop=\"width\" content=\"3000\"><meta itemprop=\"height\" content=\"700\"><\/noscript><img decoding=\"async\" src=\"data:image\/gif;base64,R0lGODlhAQABAIAAAAAAAP\/\/\/yH5BAEAAAAALAAAAAABAAEAAAIBRAA7\" data-sizes=\"auto\" data-srcset=\"https:\/\/www.armycadetleague.ca\/wp-content\/uploads\/french-web-banner-.png\"   alt=\"french web banner\" data-maxdpr=\"1.7\" class=\"lazyload\" \/><span class=\"fw-after-no-ratio\" style=\"padding-bottom: 23.333333333333%\"><\/span>\t\t\t\t\t\t\t<\/span>\n\t\t<\/div>\n\n\t\n\t\t<\/div>\n\t<\/div>\n<\/div><\/div>\n\n\t<\/div>\n\t<\/section><section   class=\"fw-main-row-custom fw-content-overlay-custom auto  fw-section-position-back tf-sh-4dfb8422a6cbac04d97c986c5f14fb77\"  style=\"margin-bottom:-43px; background-color:#ffffff;\"  >\n\t\t\t<div class=\"fw-container\" >\n\t\t<div class=\"fw-row\">\n\t<div id=\"column-69d7ee85a7f9b\" class=\"fw-col-sm-12 tf-sh-70c9378aae1d0912caf6913019cd2923\" >\n\t<div class=\"fw-wrap-col-inner clearfix  \"   >\n\t\t\t\t<div class=\"fw-col-inner\">\n\t\t\t<div class=\"fw-text-box tf-sh-891765962254e5df954f3279f757153e \" >\n\t<div class=\"fw-text-inner\">\n\t\t<p>Voulez-vous avoir votre mot \u00e0 dire sur le Programme des cadets de l'Arm\u00e9e? Voulez-vous aider \u00e0 repr\u00e9senter les int\u00e9r\u00eats nationaux de la Ligue \u00e0 travers le Canada? Alors joignez-vous \u00e0 nous en tant que membre de l'ACLC!<\/p>\n<p>NOTE : Tous les membres du comit\u00e9 de soutien (CS) doivent \u00eatre membres ainsi que tous les directeurs de la filiale.<\/p>\n<p>Une fois que vous aurez compris le type d'adh\u00e9sion que vous demandez ou que vous connaissez d\u00e9j\u00e0, n'h\u00e9sitez pas \u00e0 cliquer sur le lien ci-dessous pour nous rejoindre !<\/p>\n<p>&nbsp;<\/p>\n\t<\/div>\n<\/div>\t\t<\/div>\n\t<\/div>\n<\/div><\/div>\n\n<div class=\"fw-row\">\n\t<div id=\"column-69d7ee85a88ae\" class=\"fw-col-sm-12 tf-sh-664f1c30d7a093a5fb3927da8fdeefba\" >\n\t<div class=\"fw-wrap-col-inner clearfix  \"   >\n\t\t\t\t<div class=\"fw-col-inner\">\n\t\t\t<div class=\"fw-divider-space space-sm  clearfix\"  ><\/div><div class=\"fw-divider-space space-lg  clearfix\"  ><\/div>\t\t<\/div>\n\t<\/div>\n<\/div><\/div>\n\n\t<\/div>\n\t<\/section><\/p>\n","protected":false},"excerpt":{"rendered":"<p>Voulez-vous avoir votre mot \u00e0 dire sur le Programme des cadets de l&#8217;Arm\u00e9e? Voulez-vous aider \u00e0 repr\u00e9senter les int\u00e9r\u00eats nationaux de la Ligue \u00e0 travers le Canada? Alors joignez-vous \u00e0 nous en tant que membre de l&#8217;ACLC! NOTE : Tous les membres du comit\u00e9 de soutien (CS) doivent \u00eatre membres ainsi que tous les directeurs [&hellip;]<\/p>\n","protected":false},"author":1,"featured_media":0,"parent":0,"menu_order":0,"comment_status":"closed","ping_status":"closed","template":"visual-builder-template.php","meta":{"footnotes":"","_links_to":"","_links_to_target":""},"class_list":["post-6978","page","type-page","status-publish","hentry"],"_links":{"self":[{"href":"https:\/\/www.armycadetleague.ca\/fr\/wp-json\/wp\/v2\/pages\/6978","targetHints":{"allow":["GET"]}}],"collection":[{"href":"https:\/\/www.armycadetleague.ca\/fr\/wp-json\/wp\/v2\/pages"}],"about":[{"href":"https:\/\/www.armycadetleague.ca\/fr\/wp-json\/wp\/v2\/types\/page"}],"author":[{"embeddable":true,"href":"https:\/\/www.armycadetleague.ca\/fr\/wp-json\/wp\/v2\/users\/1"}],"replies":[{"embeddable":true,"href":"https:\/\/www.armycadetleague.ca\/fr\/wp-json\/wp\/v2\/comments?post=6978"}],"version-history":[{"count":27,"href":"https:\/\/www.armycadetleague.ca\/fr\/wp-json\/wp\/v2\/pages\/6978\/revisions"}],"predecessor-version":[{"id":11319,"href":"https:\/\/www.armycadetleague.ca\/fr\/wp-json\/wp\/v2\/pages\/6978\/revisions\/11319"}],"wp:attachment":[{"href":"https:\/\/www.armycadetleague.ca\/fr\/wp-json\/wp\/v2\/media?parent=6978"}],"curies":[{"name":"wp","href":"https:\/\/api.w.org\/{rel}","templated":true}]}}