{"id":7052,"date":"2017-06-19T16:19:37","date_gmt":"2017-06-19T16:19:37","guid":{"rendered":"http:\/\/www.armycadetleague.ca\/resources\/"},"modified":"2024-01-22T13:57:14","modified_gmt":"2024-01-22T18:57:14","slug":"ressources","status":"publish","type":"page","link":"https:\/\/www.armycadetleague.ca\/fr\/ressources\/","title":{"rendered":"Ressources"},"content":{"rendered":"<p><section   class=\"fw-main-row-custom fw-main-row-top  fw_theme_bg_fw-custom fw-section-image fw-section-height-md  fw-section-position-back tf-sh-d9a61d8f1f041d39a59903fe4329e37a\"  style=\" background-image:url(\/\/www.armycadetleague.ca\/wp-content\/uploads\/2017\/06\/books.jpg); background-repeat: no-repeat; background-position: center center; background-size: cover;\"  >\n\t\t<div class=\"fw-main-row-overlay fw_theme_bg_color_3\" style=\"opacity: 0.52;\"><\/div>\t<div class=\"fw-container-fluid\" >\n\t\t<div class=\"fw-row\">\n\t<div id=\"column-69e364810c92d\" class=\"fw-col-sm-12 tf-sh-e7b2a68a1bfc7c4dfb2f6b1029f41f59\" >\n\t<div class=\"fw-wrap-col-inner clearfix  \"   >\n\t\t\t\t<div class=\"fw-col-inner\">\n\t\t\t<div class=\"fw-divider-space space-md  clearfix\"  ><\/div>\t\t<\/div>\n\t<\/div>\n<\/div><\/div>\n\n<div class=\"fw-row\">\n\t<div id=\"column-69e364810cd24\" class=\"fw-col-sm-12 tf-sh-e7b2a68a1bfc7c4dfb2f6b1029f41f59\" >\n\t<div class=\"fw-wrap-col-inner clearfix  \"   >\n\t\t\t\t<div class=\"fw-col-inner\">\n\t\t\t<div class=\"fw-heading fw-heading-center  tf-sh-d19feeb8cf513ea6aa57bf010471d0c3\" >\n\t\t\t<h1 class=\"fw-special-title\">RESSOURCES<\/h1>\n\t\n\t\n\t<\/div>\t\t<\/div>\n\t<\/div>\n<\/div><\/div>\n\n<div class=\"fw-row\">\n\t<div id=\"column-69e364810d21f\" class=\"fw-col-sm-12 tf-sh-e7b2a68a1bfc7c4dfb2f6b1029f41f59\" >\n\t<div class=\"fw-wrap-col-inner clearfix  \"   >\n\t\t\t\t<div class=\"fw-col-inner\">\n\t\t\t<div class=\"fw-divider-space space-md  clearfix\"  ><\/div>\t\t<\/div>\n\t<\/div>\n<\/div><\/div>\n\n\t<\/div>\n\t<\/section><section   class=\"fw-main-row-custom  auto  fw-section-position-back tf-sh-49ee4cdfb67504ea7f413c815c25af8d\"    >\n\t\t\t<div class=\"fw-container\" >\n\t\t<div class=\"fw-row\">\n\t<div id=\"column-69e364810d6fa\" class=\"fw-col-sm-4 tf-sh-45d2808cf67ed382618e5873aca708aa\" >\n\t<div class=\"fw-wrap-col-inner clearfix  \"   >\n\t\t\t\t<div class=\"fw-col-inner\">\n\t\t\t<div class=\"fw-icon-title fw-icon-title-top clearfix tf-sh-dbf50fe2678039c916728c8209d8275a  fw-content-align-center\" >\n\t\t\t<div class=\"fw-icon-title-name\">\n\t\t\t<div class=\"fw-icon-title-name-inner\">\n\t\t\t\t\t\t\t\t\t<span class=\"fw-icon-title-icon fw-custom-icon-image\">\n\t\t\t\t\t\t\t\t\t\t\t\t\t<a class=\"\" href=\"http:\/\/www.armycadetleague.ca\/fr\/ressources\/assurance\/\"  target=\"_self\">\n\t\t\t\t\t\t\t\t<img decoding=\"async\" src=\"\/\/www.armycadetleague.ca\/wp-content\/uploads\/insurnace-logo.png\" alt=\"\" \/>\t\t\t\t\t\t\t<\/a>\n\t\t\t\t\t\t\t\t\t\t\t<\/span>\n\t\t\t\t\n\t\t\t\t\t\t\t\t\t\t\t\t\t<h4 class=\"fw-icon-title-text\">\n\t\t\t\t\t\t<a class=\"\" href=\"http:\/\/www.armycadetleague.ca\/fr\/ressources\/assurance\/\"  target=\"_self\">Assurance<\/a>\n\t\t\t\t\t<\/h4>\n\t\t\t\t\t\t\t\t\t\t<\/div>\n\t\t<\/div>\n\t<\/div><div class=\"fw-text-box tf-sh-d63d7ef8fed3138490c5626e6a0e0da5 \" >\n\t<div class=\"fw-text-inner\">\n\t\t<p style=\"text-align: center;\">Un certificat d\u2019assurance vous donnera la preuve n\u00e9cessaire et il peut \u00eatre \u00e9mis simplement en remplissant le formulaire \u00e9lectronique<\/p>\n\t<\/div>\n<\/div>\t\t<\/div>\n\t<\/div>\n<\/div><div id=\"column-69e364810de8c\" class=\"fw-col-sm-4 tf-sh-4d782e07021824c0e00998c3faa5737b\" >\n\t<div class=\"fw-wrap-col-inner clearfix  \"   >\n\t\t\t\t<div class=\"fw-col-inner\">\n\t\t\t<div class=\"fw-icon-title fw-icon-title-top clearfix tf-sh-5c4f571ae085b0358c2968cfb87f50ef  fw-content-align-center\" >\n\t\t\t<div class=\"fw-icon-title-name\">\n\t\t\t<div class=\"fw-icon-title-name-inner\">\n\t\t\t\t\t\t\t\t\t<span class=\"fw-icon-title-icon fw-custom-icon-image\">\n\t\t\t\t\t\t\t\t\t\t\t\t\t<a class=\"\" href=\"http:\/\/www.armycadetleague.ca\/fr\/ressources\/toolbox\/\"  target=\"_self\">\n\t\t\t\t\t\t\t\t<img decoding=\"async\" src=\"\/\/www.armycadetleague.ca\/wp-content\/uploads\/2017\/06\/tools-1.png\" alt=\"\" \/>\t\t\t\t\t\t\t<\/a>\n\t\t\t\t\t\t\t\t\t\t\t<\/span>\n\t\t\t\t\n\t\t\t\t\t\t\t\t\t\t\t\t\t<h4 class=\"fw-icon-title-text\">\n\t\t\t\t\t\t<a class=\"\" href=\"http:\/\/www.armycadetleague.ca\/fr\/ressources\/toolbox\/\"  target=\"_self\">Boite \u00e0 outils<\/a>\n\t\t\t\t\t<\/h4>\n\t\t\t\t\t\t\t\t\t\t<\/div>\n\t\t<\/div>\n\t<\/div><div class=\"fw-text-box tf-sh-2d6371c5ddd146b9a564117fbbe8d9c7 \" >\n\t<div class=\"fw-text-inner\">\n\t\t<p style=\"text-align: center;\">Ressources et outils disponibles pour tous les membres et b\u00e9n\u00e9voles qui travaillent avec la ligue ou les corps des cadets de l'Arm\u00e9e.<\/p>\n\t<\/div>\n<\/div>\t\t<\/div>\n\t<\/div>\n<\/div><div id=\"column-69e364810e19a\" class=\"fw-col-sm-4 tf-sh-2b271d0ca90e8e798ceebc4d776753dd\" >\n\t<div class=\"fw-wrap-col-inner clearfix  \"   >\n\t\t\t\t<div class=\"fw-col-inner\">\n\t\t\t<div class=\"fw-icon-title fw-icon-title-top clearfix tf-sh-52232a797bc3debf8a6d306ec5187d9f  fw-content-align-center\" >\n\t\t\t<div class=\"fw-icon-title-name\">\n\t\t\t<div class=\"fw-icon-title-name-inner\">\n\t\t\t\t\t\t\t\t\t<span class=\"fw-icon-title-icon fw-custom-icon-image\">\n\t\t\t\t\t\t\t\t\t\t\t\t\t<a class=\"\" href=\"\/resources\/strategic-plan\"  target=\"_self\">\n\t\t\t\t\t\t\t\t<img decoding=\"async\" src=\"\/\/www.armycadetleague.ca\/wp-content\/uploads\/2017\/06\/plan-1.png\" alt=\"\" \/>\t\t\t\t\t\t\t<\/a>\n\t\t\t\t\t\t\t\t\t\t\t<\/span>\n\t\t\t\t\n\t\t\t\t\t\t\t\t\t\t\t\t\t<h4 class=\"fw-icon-title-text\">\n\t\t\t\t\t\t<a class=\"\" href=\"\/resources\/strategic-plan\"  target=\"_self\">Le plan strat\u00e9gique de la Ligue<\/a>\n\t\t\t\t\t<\/h4>\n\t\t\t\t\t\t\t\t\t\t<\/div>\n\t\t<\/div>\n\t<\/div><div class=\"fw-text-box tf-sh-4ed02a9cae56b6736349fce7b1482880 \" >\n\t<div class=\"fw-text-inner\">\n\t\t<p><strong>Renforcer le Canada en encourageant l\u2019autonomie des jeunes localement \u2026<\/strong><\/p>\n<p style=\"text-align: center;\">...est la nouvelle d\u00e9claration sur l\u2019<em>\u00c9toile polaire <\/em>de la Ligue des cadets de l\u2019Arm\u00e9e du Canada, \u00e0 la grandeur du pays.<\/p>\n<p>Consultez notre plan strat\u00e9gique pour en savoir plus.<\/p>\n<p>&nbsp;<\/p>\n\t<\/div>\n<\/div>\t\t<\/div>\n\t<\/div>\n<\/div><\/div>\n\n\t<\/div>\n\t<\/section><section   class=\"fw-main-row  auto  fw-section-position-back\"    >\n\t\t\t<div class=\"fw-container\" >\n\t\t<div class=\"fw-row\">\n\t<div id=\"column-69e364810e75f\" class=\"fw-col-sm-12 tf-sh-e7b2a68a1bfc7c4dfb2f6b1029f41f59\" >\n\t<div class=\"fw-wrap-col-inner clearfix  \"   >\n\t\t\t\t<div class=\"fw-col-inner\">\n\t\t\t<div class=\"fw-text-box tf-sh-7bcd4b0ee3581a890134a019fb487fdf \" >\n\t<div class=\"fw-text-inner\">\n\t\t<p style=\"text-align: center;\"><strong>Vous trouverez aussi d\u2019autres ressources utiles aux membres des comit\u00e9s de soutien dans la section Bo\u00eete \u00e0 outils.<\/strong><\/p>\n<p style=\"text-align: center;\"><strong>Vous pouvez \u00e9galement consulter notre page des <span style=\"text-decoration: underline;\"><span style=\"color: #0000ff; text-decoration: underline;\"><a style=\"color: #0000ff; text-decoration: underline;\" href=\"https:\/\/www.armycadetleague.ca\/fr\/politiques\/\">Politiques<\/a> <\/span><\/span>et celle des <span style=\"text-decoration: underline;\"><span style=\"color: #0000ff; text-decoration: underline;\"><a style=\"color: #0000ff; text-decoration: underline;\" href=\"https:\/\/www.armycadetleague.ca\/fr\/prix-subventions-et-bourses\/\">Prix, subventions et Bourses<\/a><\/span><\/span>.<\/strong><\/p>\n<p>&nbsp;<\/p>\n\t<\/div>\n<\/div>\t\t<\/div>\n\t<\/div>\n<\/div><\/div>\n\n\t<\/div>\n\t<\/section><\/p>\n","protected":false},"excerpt":{"rendered":"<p>RESSOURCES Assurance Un certificat d\u2019assurance vous donnera la preuve n\u00e9cessaire et il peut \u00eatre \u00e9mis simplement en remplissant le formulaire \u00e9lectronique Boite \u00e0 outils Ressources et outils disponibles pour tous les membres et b\u00e9n\u00e9voles qui travaillent avec la ligue ou les corps des cadets de l&#8217;Arm\u00e9e. Le plan strat\u00e9gique de la Ligue Renforcer le Canada [&hellip;]<\/p>\n","protected":false},"author":1,"featured_media":0,"parent":0,"menu_order":0,"comment_status":"closed","ping_status":"closed","template":"visual-builder-template.php","meta":{"footnotes":"","_links_to":"","_links_to_target":""},"class_list":["post-7052","page","type-page","status-publish","hentry"],"_links":{"self":[{"href":"https:\/\/www.armycadetleague.ca\/fr\/wp-json\/wp\/v2\/pages\/7052","targetHints":{"allow":["GET"]}}],"collection":[{"href":"https:\/\/www.armycadetleague.ca\/fr\/wp-json\/wp\/v2\/pages"}],"about":[{"href":"https:\/\/www.armycadetleague.ca\/fr\/wp-json\/wp\/v2\/types\/page"}],"author":[{"embeddable":true,"href":"https:\/\/www.armycadetleague.ca\/fr\/wp-json\/wp\/v2\/users\/1"}],"replies":[{"embeddable":true,"href":"https:\/\/www.armycadetleague.ca\/fr\/wp-json\/wp\/v2\/comments?post=7052"}],"version-history":[{"count":19,"href":"https:\/\/www.armycadetleague.ca\/fr\/wp-json\/wp\/v2\/pages\/7052\/revisions"}],"predecessor-version":[{"id":10805,"href":"https:\/\/www.armycadetleague.ca\/fr\/wp-json\/wp\/v2\/pages\/7052\/revisions\/10805"}],"wp:attachment":[{"href":"https:\/\/www.armycadetleague.ca\/fr\/wp-json\/wp\/v2\/media?parent=7052"}],"curies":[{"name":"wp","href":"https:\/\/api.w.org\/{rel}","templated":true}]}}