{"id":7057,"date":"2017-06-19T18:04:26","date_gmt":"2017-06-19T18:04:26","guid":{"rendered":"http:\/\/www.armycadetleague.ca\/ressources\/insurance\/"},"modified":"2021-03-29T19:31:49","modified_gmt":"2021-03-29T19:31:49","slug":"assurance","status":"publish","type":"page","link":"https:\/\/www.armycadetleague.ca\/fr\/ressources\/assurance\/","title":{"rendered":"Assurance"},"content":{"rendered":"<p><section   class=\"fw-main-row-custom fw-main-row-top  fw_theme_bg_fw-custom fw-section-image fw-section-height-md  fw-section-position-back tf-sh-d9a61d8f1f041d39a59903fe4329e37a\"  style=\" background-image:url(\/\/www.armycadetleague.ca\/wp-content\/uploads\/2017\/06\/signature-header.jpg); background-repeat: no-repeat; background-position: center center; background-size: cover;\"  >\n\t\t\t<div class=\"fw-container-fluid\" >\n\t\t<div class=\"fw-row\">\n\t<div id=\"column-69db7d576f58b\" class=\"fw-col-sm-12 tf-sh-a90f90194ea5fa0b3d1385222ec58ee5\" >\n\t<div class=\"fw-wrap-col-inner clearfix  \"   >\n\t\t\t\t<div class=\"fw-col-inner\">\n\t\t\t<div class=\"fw-divider-space space-md  clearfix\"  ><\/div>\t\t<\/div>\n\t<\/div>\n<\/div><\/div>\n\n<div class=\"fw-row\">\n\t<div id=\"column-69db7d576f9c7\" class=\"fw-col-sm-12 tf-sh-a90f90194ea5fa0b3d1385222ec58ee5\" >\n\t<div class=\"fw-wrap-col-inner clearfix  \"   >\n\t\t\t\t<div class=\"fw-col-inner\">\n\t\t\t<div class=\"fw-heading fw-heading-center  tf-sh-d19feeb8cf513ea6aa57bf010471d0c3\" >\n\t\t\t<h1 class=\"fw-special-title\">ASSURANCE<\/h1>\n\t\n\t\n\t<\/div>\t\t<\/div>\n\t<\/div>\n<\/div><\/div>\n\n<div class=\"fw-row\">\n\t<div id=\"column-69db7d576fee5\" class=\"fw-col-sm-12 tf-sh-a90f90194ea5fa0b3d1385222ec58ee5\" >\n\t<div class=\"fw-wrap-col-inner clearfix  \"   >\n\t\t\t\t<div class=\"fw-col-inner\">\n\t\t\t<div class=\"fw-divider-space space-md  clearfix\"  ><\/div>\t\t<\/div>\n\t<\/div>\n<\/div><\/div>\n\n\t<\/div>\n\t<\/section><section   class=\"fw-main-row-custom  auto  fw-section-position-back tf-sh-c024bb6ee9a9f69bb5e44591312d3bc7\"    >\n\t\t\t<div class=\"fw-container\" >\n\t\t<div class=\"fw-row\">\n\t<div id=\"column-69db7d5770330\" class=\"fw-col-sm-12 tf-sh-a90f90194ea5fa0b3d1385222ec58ee5\" >\n\t<div class=\"fw-wrap-col-inner clearfix  \"   >\n\t\t\t\t<div class=\"fw-col-inner\">\n\t\t\t<div class=\"fw-divider-space space-md  clearfix\"  ><\/div>\t\t<\/div>\n\t<\/div>\n<\/div><\/div>\n\n<div class=\"fw-row\">\n\t<div id=\"column-69db7d57705e7\" class=\"fw-col-sm-12 tf-sh-5a72af3970e421ad0f1e1b8dfb5b984f\" >\n\t<div class=\"fw-wrap-col-inner clearfix  \"   >\n\t\t\t\t<div class=\"fw-col-inner\">\n\t\t\t<div class=\"fw-text-box tf-sh-de4d0f9a2487b546e2dc8e75d1bb4db8 \" >\n\t<div class=\"fw-text-inner\">\n\t\t<h5 style=\"text-align: center;\">Il peut arriver, \u00e0 l\u2019occasion, qu\u2019un partisan\/agence\/entreprise vous demande de fournir une preuve d\u2019assurance afin d\u2019avoir acc\u00e8s aux locaux n\u00e9cessaires pour tenir une activit\u00e9 approuv\u00e9e. Un certificat d\u2019assurance vous donnera la preuve n\u00e9cessaire et il peut \u00eatre \u00e9mis simplement en remplissant le formulaire \u00e9lectronique.<\/h5>\n\t<\/div>\n<\/div><div class=\"fw-divider-space space-sm  clearfix\"  ><\/div><div class=\"fw-text-box tf-sh-b735d4f1b7ff2936710177bcb1af2901 \" >\n\t<div class=\"fw-text-inner\">\n\t\t<h5 style=\"text-align: center;\">Pour les d\u00e9tails sur notre <strong>PROGRAMME D'ASSURANCES <\/strong>consultez<\/h5>\n<h5 style=\"text-align: center;\">la politique #4 de notre <span style=\"text-decoration: underline;\"><strong><span style=\"color: #0000ff; text-decoration: underline;\"><a style=\"color: #0000ff; text-decoration: underline;\" href=\"https:\/\/www.armycadetleague.ca\/fr\/politiques\/\" target=\"_blank\" rel=\"noopener\">page des politiques nationales<\/a><\/span><\/strong><\/span><\/h5>\n\t<\/div>\n<\/div>\t\t<\/div>\n\t<\/div>\n<\/div><\/div>\n\n<div class=\"fw-row\">\n\t<div id=\"column-69db7d5770c72\" class=\"fw-col-sm-6 tf-sh-4f9ff1bdc405f5590a1bf8e4c8fd601b\" >\n\t<div class=\"fw-wrap-col-inner clearfix  \"   >\n\t\t\t\t<div class=\"fw-col-inner\">\n\t\t\t<div class=\"fw-divider-space space-sm  clearfix\"  ><\/div><div class=\"fw-text-box tf-sh-cae78e3ff6d2761d7ae98851faea5f1c \" >\n\t<div class=\"fw-text-inner\">\n\t\t<p><a href=\"https:\/\/fs2.formsite.com\/aclc\/BFL-Insurance_w-waiver1\/index.html\" target=\"_blank\" rel=\"noopener\"><img loading=\"lazy\" decoding=\"async\" class=\"aligncenter wp-image-7074\" src=\"http:\/\/www.armycadetleague.ca\/wp-content\/uploads\/Button_Formulaire-de-demande-d\u2019un-certificat.png\" alt=\"\" width=\"508\" height=\"40\" srcset=\"https:\/\/www.armycadetleague.ca\/wp-content\/uploads\/Button_Formulaire-de-demande-d\u2019un-certificat.png 800w, https:\/\/www.armycadetleague.ca\/wp-content\/uploads\/Button_Formulaire-de-demande-d\u2019un-certificat-300x24.png 300w, https:\/\/www.armycadetleague.ca\/wp-content\/uploads\/Button_Formulaire-de-demande-d\u2019un-certificat-768x60.png 768w, https:\/\/www.armycadetleague.ca\/wp-content\/uploads\/Button_Formulaire-de-demande-d\u2019un-certificat-786x63.png 786w\" sizes=\"auto, (max-width: 508px) 100vw, 508px\" \/><\/a><\/p>\n\t<\/div>\n<\/div>\t\t<\/div>\n\t<\/div>\n<\/div><div id=\"column-69db7d5770efc\" class=\"fw-col-sm-6 tf-sh-6ae85edbcd6af4ca6b1ed0c3aa123c42\" >\n\t<div class=\"fw-wrap-col-inner clearfix  \"   >\n\t\t\t\t<div class=\"fw-col-inner\">\n\t\t\t<div class=\"fw-divider-space space-md  clearfix\"  ><\/div><div class=\"fw-text-box tf-sh-8841b1f919238a9b0f16a4b06b6bb2d1 \" >\n\t<div class=\"fw-text-inner\">\n\t\t<p style=\"text-align: center;\"><a href=\"https:\/\/fs2.formsite.com\/aclc\/insuranceclaim\/index.html\" target=\"_blank\" rel=\"noopener\"><\/a><a href=\"https:\/\/fs2.formsite.com\/aclc\/insuranceclaim\/index.html\" target=\"_blank\" rel=\"noopener\"><img loading=\"lazy\" decoding=\"async\" class=\"alignnone wp-image-7449\" src=\"http:\/\/www.armycadetleague.ca\/wp-content\/uploads\/Re\u0301clamation-potentielle.png\" alt=\"\" width=\"333\" height=\"40\" srcset=\"https:\/\/www.armycadetleague.ca\/wp-content\/uploads\/Re\u0301clamation-potentielle.png 425w, https:\/\/www.armycadetleague.ca\/wp-content\/uploads\/Re\u0301clamation-potentielle-300x36.png 300w\" sizes=\"auto, (max-width: 333px) 100vw, 333px\" \/><\/a><\/p>\n\t<\/div>\n<\/div>\t\t<\/div>\n\t<\/div>\n<\/div><\/div>\n\n<div class=\"fw-row\">\n\t<div id=\"column-69db7d5771231\" class=\"fw-col-sm-12 tf-sh-a90f90194ea5fa0b3d1385222ec58ee5\" >\n\t<div class=\"fw-wrap-col-inner clearfix  \"   >\n\t\t\t\t<div class=\"fw-col-inner\">\n\t\t\t<div class=\"fw-divider-space space-md  clearfix\"  ><\/div>\t\t<\/div>\n\t<\/div>\n<\/div><\/div>\n\n\t<\/div>\n\t<\/section><\/p>\n","protected":false},"excerpt":{"rendered":"<p>ASSURANCE Il peut arriver, \u00e0 l\u2019occasion, qu\u2019un partisan\/agence\/entreprise vous demande de fournir une preuve d\u2019assurance afin d\u2019avoir acc\u00e8s aux locaux n\u00e9cessaires pour tenir une activit\u00e9 approuv\u00e9e. Un certificat d\u2019assurance vous donnera la preuve n\u00e9cessaire et il peut \u00eatre \u00e9mis simplement en remplissant le formulaire \u00e9lectronique. Pour les d\u00e9tails sur notre PROGRAMME D&#8217;ASSURANCES consultez la politique [&hellip;]<\/p>\n","protected":false},"author":1,"featured_media":0,"parent":7052,"menu_order":0,"comment_status":"closed","ping_status":"closed","template":"visual-builder-template.php","meta":{"footnotes":"","_links_to":"","_links_to_target":""},"class_list":["post-7057","page","type-page","status-publish","hentry"],"_links":{"self":[{"href":"https:\/\/www.armycadetleague.ca\/fr\/wp-json\/wp\/v2\/pages\/7057","targetHints":{"allow":["GET"]}}],"collection":[{"href":"https:\/\/www.armycadetleague.ca\/fr\/wp-json\/wp\/v2\/pages"}],"about":[{"href":"https:\/\/www.armycadetleague.ca\/fr\/wp-json\/wp\/v2\/types\/page"}],"author":[{"embeddable":true,"href":"https:\/\/www.armycadetleague.ca\/fr\/wp-json\/wp\/v2\/users\/1"}],"replies":[{"embeddable":true,"href":"https:\/\/www.armycadetleague.ca\/fr\/wp-json\/wp\/v2\/comments?post=7057"}],"version-history":[{"count":29,"href":"https:\/\/www.armycadetleague.ca\/fr\/wp-json\/wp\/v2\/pages\/7057\/revisions"}],"predecessor-version":[{"id":9540,"href":"https:\/\/www.armycadetleague.ca\/fr\/wp-json\/wp\/v2\/pages\/7057\/revisions\/9540"}],"up":[{"embeddable":true,"href":"https:\/\/www.armycadetleague.ca\/fr\/wp-json\/wp\/v2\/pages\/7052"}],"wp:attachment":[{"href":"https:\/\/www.armycadetleague.ca\/fr\/wp-json\/wp\/v2\/media?parent=7057"}],"curies":[{"name":"wp","href":"https:\/\/api.w.org\/{rel}","templated":true}]}}