{"id":7350,"date":"2017-09-08T19:48:52","date_gmt":"2017-09-08T19:48:52","guid":{"rendered":"http:\/\/www.armycadetleague.ca\/join-as-a-civilian-volunteer\/"},"modified":"2025-08-26T09:09:37","modified_gmt":"2025-08-26T14:09:37","slug":"devenez-benevole-de-la-ligue","status":"publish","type":"page","link":"https:\/\/www.armycadetleague.ca\/fr\/devenez-benevole-de-la-ligue\/","title":{"rendered":"Devenez benevole civil"},"content":{"rendered":"<p><section   class=\"fw-main-row-custom fw-main-row-top  fw_theme_bg_fw-custom fw-section-image fw-section-height-lg  fw-section-position-back tf-sh-d9a61d8f1f041d39a59903fe4329e37a\"  style=\" background-image:url(\/\/www.armycadetleague.ca\/wp-content\/uploads\/2017\/06\/BC-Cadet-Medal-Winner-e1497826225952.jpg); background-repeat: no-repeat; background-position: center center; background-size: cover;\"  >\n\t\t\t<div class=\"fw-container-fluid\" >\n\t\t<div class=\"fw-row\">\n\t<div id=\"column-69d15d3730f72\" class=\"fw-col-sm-12 tf-sh-bcffe463fc0809e2b583be43bf17848a\" >\n\t<div class=\"fw-wrap-col-inner clearfix  \"   >\n\t\t\t\t<div class=\"fw-col-inner\">\n\t\t\t<div class=\"fw-divider-space space-lg  clearfix\"  ><\/div>\t\t<\/div>\n\t<\/div>\n<\/div><\/div>\n\n<div class=\"fw-row\">\n\t<div id=\"column-69d15d37313ca\" class=\"fw-col-sm-12 tf-sh-bcffe463fc0809e2b583be43bf17848a\" >\n\t<div class=\"fw-wrap-col-inner clearfix  \"   >\n\t\t\t\t<div class=\"fw-col-inner\">\n\t\t\t<div class=\"fw-heading fw-heading-center  tf-sh-d19feeb8cf513ea6aa57bf010471d0c3\" >\n\t\t\t<h1 class=\"fw-special-title\">DEVENEZ B\u00c9N\u00c9VOLE CIVIL<\/h1>\n\t\n\t\n\t<\/div>\t\t<\/div>\n\t<\/div>\n<\/div><\/div>\n\n\t<\/div>\n\t<\/section><section   class=\"fw-main-row-custom  auto  fw-section-position-back tf-sh-9e4b2af393287f70489e32129a8d5259\"    >\n\t\t\t<div class=\"fw-container\" >\n\t\t<div class=\"fw-row\">\n\t<div id=\"column-69d15d3731ad0\" class=\"fw-col-sm-12 tf-sh-bcffe463fc0809e2b583be43bf17848a\" >\n\t<div class=\"fw-wrap-col-inner clearfix  \"   >\n\t\t\t\t<div class=\"fw-col-inner\">\n\t\t\t<div class=\"fw-divider-space space-md  clearfix\"  ><\/div>\t\t<\/div>\n\t<\/div>\n<\/div><\/div>\n\n<div class=\"fw-row\">\n\t<div id=\"column-69d15d3731df3\" class=\"fw-col-sm-12 tf-sh-003b9828149005d826be3dadd7a4b696\" >\n\t<div class=\"fw-wrap-col-inner clearfix  \"   >\n\t\t\t\t<div class=\"fw-col-inner\">\n\t\t\t<div class=\"fw-text-box tf-sh-ae20f3ae3984d8112ce4471add4ffb0f \" >\n\t<div class=\"fw-text-inner\">\n\t\t<p>Le programme des Cadets de l\u2019Arm\u00e9e compte \u00e9norm\u00e9ment sur les parents et les b\u00e9n\u00e9voles de la communaut\u00e9. Nous avons beaucoup d\u2019estime pour nos b\u00e9n\u00e9voles et nous sommes toujours \u00e0 la recherche de gens qui peuvent offrir leurs divers talents pour aider \u00e0 la r\u00e9ussite de cet excellent programme jeunesse.<\/p>\n<p>Tous nos b\u00e9n\u00e9voles doivent passer un processus de v\u00e9rification afin d\u2019assurer que nous offrons un environnement s\u00e9curitaire pour les cadets.\u00a0 Ils travaillent en tandem avec le commandant et les officiers employ\u00e9s au corps, et participent aussi aux activit\u00e9s courantes du corps telles que l\u2019organisation des \u00e9v\u00e8nements de financement, la coordination de la cantine les soirs d\u2019entrainement, la coordination des repas pour les activit\u00e9s suppl\u00e9mentaires, la publicit\u00e9 du programme, la recherche de commanditaires, et plus encore.\u00a0 Votre participation ne peut que vous offrir une exp\u00e9rience enrichissante \u00e0 bien des \u00e9gards.<\/p>\n<p>Comme b\u00e9n\u00e9vole, vous aurez la chance, non seulement, de t\u00e9moigner des b\u00e9n\u00e9fices que ce programme offre \u00e0 notre jeunesse, mais aussi de les voir progresser et devenir nos leaders de demain.<\/p>\n<p>&nbsp;<\/p>\n<h4>Pour devenir b\u00e9n\u00e9vole, vous devez\u00a0:<\/h4>\n<ul>\n<li>Avoir 19 ans ou plus<\/li>\n<li>\u00catre int\u00e9ress\u00e9 de travailler avec des adolescents<\/li>\n<li>\u00catre un membre respect\u00e9 de votre communaut\u00e9<\/li>\n<\/ul>\n<p>&nbsp;<\/p>\n<h4>Comment s\u2019y joindre\u00a0:<\/h4>\n<p>Comment participer :<br \/>Cliquez <a href=\"https:\/\/volunteering.stratly.com\/fr\/the-army-cadet-league-of-canada\">ici<\/a> pour vous inscrire<\/p>\n<p>Trouvez un corps de cadets de l\u2019Arm\u00e9e pr\u00e8s de chez vous ici\u00a0: <a href=\"https:\/\/can01.safelinks.protection.outlook.com\/?url=https%3A%2F%2Fvolunteering.stratly.com%2Ffr%2Fthe-army-cadet-league-of-canada&amp;data=05%7C02%7Cadmin%40aclc-lcac.ca%7C759d287815a04a13f10708ddd9b1a1f7%7C63118c52b8fd4df4934315fc35c58a14%7C0%7C0%7C638906080364463434%7CUnknown%7CTWFpbGZsb3d8eyJFbXB0eU1hcGkiOnRydWUsIlYiOiIwLjAuMDAwMCIsIlAiOiJXaW4zMiIsIkFOIjoiTWFpbCIsIldUIjoyfQ%3D%3D%7C60000%7C%7C%7C&amp;sdata=rQaG5%2FQFr02p4kXgh01l3e8tu8gS%2FaMgOS3C%2B6W7UmQ%3D&amp;reserved=0\">http:\/\/app.cadets.gc.ca\/directory-repertoire\/Default.aspx<\/a><\/p>\n\t<\/div>\n<\/div><div class=\"fw-divider-space space-sm  clearfix\"  ><\/div>\t\t<\/div>\n\t<\/div>\n<\/div><\/div>\n\n<div class=\"fw-row\">\n\t<div id=\"column-69d15d373241b\" class=\"fw-col-sm-12 tf-sh-bcffe463fc0809e2b583be43bf17848a\" >\n\t<div class=\"fw-wrap-col-inner clearfix  \"   >\n\t\t\t\t<div class=\"fw-col-inner\">\n\t\t\t<div class=\"fw-divider-space space-md  clearfix\"  ><\/div>\t\t<\/div>\n\t<\/div>\n<\/div><\/div>\n\n\t<\/div>\n\t<\/section><\/p>\n","protected":false},"excerpt":{"rendered":"<p>DEVENEZ B\u00c9N\u00c9VOLE CIVIL Le programme des Cadets de l\u2019Arm\u00e9e compte \u00e9norm\u00e9ment sur les parents et les b\u00e9n\u00e9voles de la communaut\u00e9. Nous avons beaucoup d\u2019estime pour nos b\u00e9n\u00e9voles et nous sommes toujours \u00e0 la recherche de gens qui peuvent offrir leurs divers talents pour aider \u00e0 la r\u00e9ussite de cet excellent programme jeunesse. Tous nos b\u00e9n\u00e9voles [&hellip;]<\/p>\n","protected":false},"author":1,"featured_media":0,"parent":0,"menu_order":0,"comment_status":"closed","ping_status":"closed","template":"visual-builder-template.php","meta":{"footnotes":"","_links_to":"","_links_to_target":""},"class_list":["post-7350","page","type-page","status-publish","hentry"],"_links":{"self":[{"href":"https:\/\/www.armycadetleague.ca\/fr\/wp-json\/wp\/v2\/pages\/7350","targetHints":{"allow":["GET"]}}],"collection":[{"href":"https:\/\/www.armycadetleague.ca\/fr\/wp-json\/wp\/v2\/pages"}],"about":[{"href":"https:\/\/www.armycadetleague.ca\/fr\/wp-json\/wp\/v2\/types\/page"}],"author":[{"embeddable":true,"href":"https:\/\/www.armycadetleague.ca\/fr\/wp-json\/wp\/v2\/users\/1"}],"replies":[{"embeddable":true,"href":"https:\/\/www.armycadetleague.ca\/fr\/wp-json\/wp\/v2\/comments?post=7350"}],"version-history":[{"count":8,"href":"https:\/\/www.armycadetleague.ca\/fr\/wp-json\/wp\/v2\/pages\/7350\/revisions"}],"predecessor-version":[{"id":11264,"href":"https:\/\/www.armycadetleague.ca\/fr\/wp-json\/wp\/v2\/pages\/7350\/revisions\/11264"}],"wp:attachment":[{"href":"https:\/\/www.armycadetleague.ca\/fr\/wp-json\/wp\/v2\/media?parent=7350"}],"curies":[{"name":"wp","href":"https:\/\/api.w.org\/{rel}","templated":true}]}}