{"id":7494,"date":"2017-09-28T15:47:41","date_gmt":"2017-09-28T15:47:41","guid":{"rendered":"http:\/\/www.armycadetleague.ca\/politiques\/9-1\/"},"modified":"2017-09-28T17:12:49","modified_gmt":"2017-09-28T17:12:49","slug":"9-1","status":"publish","type":"page","link":"https:\/\/www.armycadetleague.ca\/fr\/politiques\/9-1\/","title":{"rendered":"9,1 &#8211; L&#8217;dh\u00e9sion \u00e0 la ligue des cadets de l&#8217;arm\u00e9e du Canada"},"content":{"rendered":"<p><a href=\"\/?page_id=6963\"><em><strong>Retourner \u00e0 toutes les politiques<\/strong><\/em><\/a><\/p>\n<h5>G\u00e9n\u00e9ralit\u00e9s<\/h5>\n<p>1. Lors de l&#8217;Assembl\u00e9e g\u00e9n\u00e9rale annuelle en 2009, la Ligue des cadets du Canada (LCAC) en est venue au consensus qu&#8217;il ne devrait y avoir qu&#8217;une adh\u00e9sion nationale. Suivant cette formule universelle d\u2019adh\u00e9sion, ceci permettrait au Pr\u00e9sident national et au Comit\u00e9 ex\u00e9cutif de repr\u00e9senter de mani\u00e8re cr\u00e9dible les int\u00e9r\u00eats nationaux de la Ligue \u00e0 travers le Canada. La LCAC pourrait alors profiter d\u2019un bassin plus large d\u2019adh\u00e9sion afin de permettre de renforcer les fondations et la direction g\u00e9n\u00e9rale de l&#8217;organisation.<\/p>\n<p>2.L\u2019adh\u00e9sion est ouverte aux individus de 19 ans ou plus et sont sujets \u00e0 l\u2019approbation de leur demande. Les membres du CIC sont aussi permis de devenir membres mais sont sujets aux r\u00e8glements militaires qui existent. Ceci comprend des membres ordinaires, membres \u00e0 vie et des membres corporatifs.<\/p>\n<p>3.Les termes de la Politique 9.1 d\u2019adh\u00e9sion sont sujets \u00e0 suivre les termes du R\u00e8glement 9, article 2, qui pourrait \u00eatre modifi\u00e9 de temps en temps.<\/p>\n<p>4. \u00c0 l\u2019Annexe A de cette politique, vous trouverez un mod\u00e8le sugg\u00e9r\u00e9 de demande d&#8217;adh\u00e9sion pour les membres ordinaires.<\/p>\n<p>5.Les adh\u00e9sions corporatives seront accord\u00e9es suivant les n\u00e9gociations et sous l&#8217;autorit\u00e9 du Comit\u00e9 ex\u00e9cutif.<\/p>\n<h5>Le concept d&#8217;adh\u00e9sion nationale<\/h5>\n<p>6. Tous les membres en r\u00e8gle des divisions provinciales et territoriales ainsi que ceux qui sont approuv\u00e9s par le Conseil national deviennent automatiquement des membres ordinaires, corporatifs ou \u00e0 vie, tel qu\u2019autoris\u00e9 et conform\u00e9ment au r\u00e8glement 9, article 2 tel qu&#8217;autoris\u00e9 par un vote du Conseil d\u2019administration le 10 avril 2010 qui a aussi \u00e9t\u00e9 confirm\u00e9 par le Conseil national le 14 d\u00e9cembre 2010, et par la suite confirm\u00e9 au R\u00e8glement 9.<\/p>\n<h5>La cotisation des membres<\/h5>\n<p>7. Les membres payent leurs cotisations au Bureau national ou \u00e0 la division provinciale ou territoriale \u00e0 laquelle ils s\u2019enregistrent conform\u00e9ment \u00e0 la constitution ou aux r\u00e8glements en vigueur de la division ou du Bureau national tout d\u00e9pendant du cas. Les cotisations pay\u00e9es \u00e0 une division seront retenues par celle-ci.<\/p>\n<h5>Les membres en r\u00e8gle<\/h5>\n<p>8. Le statut de \u00ab membre en r\u00e8gle \u00bb est d\u00e9fini tel qu&#8217;\u00e9nonc\u00e9 au R\u00e8glement 9, Article 2.06.<\/p>\n<h5>Liste des membres<\/h5>\n<p>9. Conform\u00e9ment au R\u00e8glement 9, Article 2.09, le Bureau national devra maintenir une liste de membres. Annuellement, les divisions seront demand\u00e9es de fournir la liste de leurs membres en r\u00e8gle au Bureau national, au plus tard le 31 mars, conform\u00e9ment au R\u00e8glement 9, Article 2.06. Cette liste devra inclure, au minimum, l&#8217;information suivante :<\/p>\n<ul>\n<li>le nom<\/li>\n<li>l&#8217;adresse postale<\/li>\n<li>le num\u00e9ro de t\u00e9l\u00e9phone<\/li>\n<li>l&#8217;adresse courriel<\/li>\n<\/ul>\n<p>10. Toutes autres informations, telles qu&#8217;exig\u00e9es par une division, seront maintenues par celle-ci.<\/p>\n<h5>La d\u00e9claration de confidentialit\u00e9<\/h5>\n<p>11. La Ligue des cadets de l&#8217;Arm\u00e9e du Canada respecte la vie priv\u00e9e de ses membres et de ses associ\u00e9s. Dans le cadre de notre engagement \u00e0 ces individus, nous pouvons demander des informations personnelles telles que l&#8217;adresse, le num\u00e9ro de t\u00e9l\u00e9phone et la date de naissance. Le rassemblement de ces informations personnelles a pour but de combler notre responsabilit\u00e9 morale envers les cadets, les b\u00e9n\u00e9voles et les membres au niveau de la Ligue des cadets de l&#8217;Arm\u00e9e du Canada autant que pour les Cadets royaux de l&#8217;Arm\u00e9e canadienne. Ces listes ne sont ni mises \u00e0 la disposition des organisations externes, ni vendues, ni utilis\u00e9es \u00e0 toute autre fin.<\/p>\n<p>&nbsp;<\/p>\n<h3>Annexe<\/h3>\n<h5>Annexe A &#8211; Membership Form<\/h5>\n<p>Ce formulaire est maintenant disponible en format \u00e9lectronique afin de facilite et s\u00e9curis\u00e9 le processus de paiement. Cliquez sur le lien pour prendre acc\u00e8s au formulaire.<\/p>\n<p><a href=\"https:\/\/fs2.formsite.com\/aclc\/ACLCMembershipapp\/index.html\" target=\"_blank\" rel=\"noopener\">Lien ici<\/a>.<\/p>\n","protected":false},"excerpt":{"rendered":"<p>Retourner \u00e0 toutes les politiques G\u00e9n\u00e9ralit\u00e9s 1. Lors de l&#8217;Assembl\u00e9e g\u00e9n\u00e9rale annuelle en 2009, la Ligue des cadets du Canada (LCAC) en est venue au consensus qu&#8217;il ne devrait y avoir qu&#8217;une adh\u00e9sion nationale. Suivant cette formule universelle d\u2019adh\u00e9sion, ceci permettrait au Pr\u00e9sident national et au Comit\u00e9 ex\u00e9cutif de repr\u00e9senter de mani\u00e8re cr\u00e9dible les int\u00e9r\u00eats [&hellip;]<\/p>\n","protected":false},"author":1,"featured_media":0,"parent":6963,"menu_order":0,"comment_status":"closed","ping_status":"closed","template":"","meta":{"footnotes":"","_links_to":"","_links_to_target":""},"class_list":["post-7494","page","type-page","status-publish","hentry"],"_links":{"self":[{"href":"https:\/\/www.armycadetleague.ca\/fr\/wp-json\/wp\/v2\/pages\/7494","targetHints":{"allow":["GET"]}}],"collection":[{"href":"https:\/\/www.armycadetleague.ca\/fr\/wp-json\/wp\/v2\/pages"}],"about":[{"href":"https:\/\/www.armycadetleague.ca\/fr\/wp-json\/wp\/v2\/types\/page"}],"author":[{"embeddable":true,"href":"https:\/\/www.armycadetleague.ca\/fr\/wp-json\/wp\/v2\/users\/1"}],"replies":[{"embeddable":true,"href":"https:\/\/www.armycadetleague.ca\/fr\/wp-json\/wp\/v2\/comments?post=7494"}],"version-history":[{"count":3,"href":"https:\/\/www.armycadetleague.ca\/fr\/wp-json\/wp\/v2\/pages\/7494\/revisions"}],"predecessor-version":[{"id":7497,"href":"https:\/\/www.armycadetleague.ca\/fr\/wp-json\/wp\/v2\/pages\/7494\/revisions\/7497"}],"up":[{"embeddable":true,"href":"https:\/\/www.armycadetleague.ca\/fr\/wp-json\/wp\/v2\/pages\/6963"}],"wp:attachment":[{"href":"https:\/\/www.armycadetleague.ca\/fr\/wp-json\/wp\/v2\/media?parent=7494"}],"curies":[{"name":"wp","href":"https:\/\/api.w.org\/{rel}","templated":true}]}}