{"id":7524,"date":"2017-10-06T18:40:10","date_gmt":"2017-10-06T18:40:10","guid":{"rendered":"http:\/\/www.armycadetleague.ca\/donate\/"},"modified":"2025-11-28T14:02:39","modified_gmt":"2025-11-28T19:02:39","slug":"donnez","status":"publish","type":"page","link":"https:\/\/www.armycadetleague.ca\/fr\/donnez\/","title":{"rendered":"Donnez"},"content":{"rendered":"<p><section   class=\"fw-main-row-custom fw-main-row-top  fw_theme_bg_fw-custom fw-section-image fw-section-height-md  fw-section-position-back tf-sh-c0c5a4752b7edd37e9a1472688547c42\"  style=\" background-image:url(\/\/www.armycadetleague.ca\/wp-content\/uploads\/11713920_979775412055381_1981193818473141559_o.jpg); background-repeat: no-repeat; background-position: right center; background-size: auto;\"  >\n\t\t<div class=\"fw-main-row-overlay fw_theme_bg_color_4\" style=\"opacity: 0.58;\"><\/div>\t<div class=\"fw-container-fluid\" >\n\t\t<div class=\"fw-row\">\n\t<div id=\"column-69f11f11d72d0\" class=\"fw-col-sm-12 tf-sh-21bcf9fa71900eef5242f57a9cd3f2cf\" >\n\t<div class=\"fw-wrap-col-inner clearfix  \"   >\n\t\t\t\t<div class=\"fw-col-inner\">\n\t\t\t<div class=\"fw-divider-space space-md  clearfix\"  ><\/div><div class=\"fw-heading fw-heading-center  tf-sh-cc801df54df9521584191d4538dc261e\" >\n\t\t\t<h1 class=\"fw-special-title\">DONNEZ<\/h1>\n\t\n\t\n\t<\/div>\t\t<\/div>\n\t<\/div>\n<\/div><\/div>\n\n\t<\/div>\n\t<\/section><section   class=\"fw-main-row-custom  auto  fw-section-position-back tf-sh-00c9c2b4d7aa54d00a941b597fbd9899\"    >\n\t\t\t<div class=\"fw-container\" >\n\t\t<div class=\"fw-row\">\n\t<div id=\"column-69f11f11d7ae3\" class=\"fw-col-sm-12 tf-sh-dd7bc9bb8879a5605856c67c8f6269b5\" >\n\t<div class=\"fw-wrap-col-inner clearfix  \"   >\n\t\t\t\t<div class=\"fw-col-inner\">\n\t\t\t<div class=\"fw-text-box tf-sh-91943f804aaf4e1792e31675cdc425b2 \" >\n\t<div class=\"fw-text-inner\">\n\t\t<h3 style=\"text-align: center;\">Votre g\u00e9n\u00e9rosit\u00e9 a un impact \u00e9norme sur les jeunes Canadiens.<\/h3>\n<hr \/>\n<div class=\"et_pb_text et_pb_module et_pb_bg_layout_light et_pb_text_align_center et_pb_text_0\"><\/div>\n<div class=\"et_pb_text et_pb_module et_pb_bg_layout_light et_pb_text_align_left et_pb_text_1\">\n<div class=\"et_pb_text et_pb_module et_pb_bg_layout_light et_pb_text_align_center et_pb_text_0\">\n<p>Choisissez comment vous souhaitez faire une diff\u00e9rence.<\/p>\n<p>Aidez \u00e0 offrir des aventures, des r\u00e9alisations et des amiti\u00e9s durables \u00e0 plus de 18 000 cadets de l'Arm\u00e9e \u00e0 travers le Canada.<\/p>\n<p>Vous pouvez faire un don de la mani\u00e8re qui vous convient le mieux :<\/p>\n<p>Par courrier : envoyez un ch\u00e8que ou un mandat postal \u00e0 l'adresse suivante :<br \/>The Army Cadet League of Canada<br \/>219-815, boulevard St-Laurent<br \/>Ottawa (Ontario) K1K 3A7<\/p>\n<p>En ligne : consultez les options ci-dessous pour faire votre don.<\/p>\n<\/div>\n<\/div>\n\t<\/div>\n<\/div>\t\t<\/div>\n\t<\/div>\n<\/div><\/div>\n\n\t<\/div>\n\t<\/section><section   class=\"fw-main-row-custom  auto  fw-section-position-back tf-sh-74f8fce2933f70615fc0058ebfe7fbb4\"    >\n\t\t\t<div class=\"fw-container\" >\n\t\t<div class=\"fw-row\">\n\t<div id=\"column-69f11f11d81ba\" class=\"fw-col-sm-12 tf-sh-b15bca9256be058d85ed4040ed1d2352\" >\n\t<div class=\"fw-wrap-col-inner clearfix  \"   >\n\t\t\t\t<div class=\"fw-col-inner\">\n\t\t\t<div class=\"fw-heading fw-heading-center  tf-sh-0400f7ba6b56106c02531a8bd063a260\" >\n\t\t\t<h3 class=\"fw-special-title\">Votre don est \u00e0 quelle intention?<\/h3>\n\t\n\t\n\t<\/div>\t<div  class=\"fw-divider tf-sh-e165ac9982c3f450529b64a022c7f6ff  fw-divider-align-center fw-divider-full-width fw-line-solid fw-divider-line space-sm  fw_theme_border_only_color_5\"  style=\"width: auto;  \" ><\/div>\n<div class=\"fw-text-box tf-sh-53eea24cc8b0703677f984930a5182d7 \" >\n\t<div class=\"fw-text-inner\">\n\t\t<h4 style=\"text-align: center;\"><a href=\"https:\/\/donate.micharity.com\/the-army-cadet-league-of-canada\/4135491298\/donate?campaign=1&amp;page=100108&amp;temp=500001\"><img loading=\"lazy\" decoding=\"async\" class=\"aligncenter wp-image-9188 size-thumbnail\" src=\"https:\/\/www.armycadetleague.ca\/wp-content\/uploads\/Artboard-1-150x150.png\" alt=\"\" width=\"150\" height=\"150\" srcset=\"https:\/\/www.armycadetleague.ca\/wp-content\/uploads\/Artboard-1-150x150.png 150w, https:\/\/www.armycadetleague.ca\/wp-content\/uploads\/Artboard-1-300x300.png 300w, https:\/\/www.armycadetleague.ca\/wp-content\/uploads\/Artboard-1.png 500w\" sizes=\"auto, (max-width: 150px) 100vw, 150px\" \/><\/a><\/h4>\n<p>&nbsp;<\/p>\n<h2 style=\"text-align: center;\"><a href=\"https:\/\/fs2.formsite.com\/aclc\/ccd1ozbrkx\/index\"><strong><u>La m\u00e9daille de m\u00e9rite des cadets de l'Arm\u00e9e<\/u><\/strong><\/a><\/h2>\n<p>&nbsp;<\/p>\n<p>Soutenez l'avenir du leadership au Canada<\/p>\n<p>Votre don permet de reconna\u00eetre et d'inspirer la prochaine g\u00e9n\u00e9ration de leaders gr\u00e2ce \u00e0 la M\u00e9daille de m\u00e9rite des cadets de l'Arm\u00e9e - une r\u00e9compense nationale qui rend hommage aux cadets qui se surpassent. Ces jeunes Canadiens exceptionnels incarnent ce qu'il y a de mieux dans le Programme des cadets de l'Arm\u00e9e, en d\u00e9montrant :<\/p>\n<p>\u25c9 Service communautaire et civisme<br \/>\u25c9 Leadership fort<br \/>\u25c9 Vie saine et bien-\u00eatre mental.<\/p>\n<p>Chaque dollar recueilli aide \u00e0 r\u00e9compenser les cadets qui font une diff\u00e9rence dans leur communaut\u00e9 et encourage les autres \u00e0 suivre leurs traces. Joignez-vous \u00e0 nous pour reconna\u00eetre leur service, leur engagement et leur potentiel.<\/p>\n<p>&nbsp;<\/p>\n<h3 class=\"p1\" style=\"text-align: center;\"><a href=\"https:\/\/fs2.formsite.com\/aclc\/ccd1ozbrkx\/index\">FAITES UN DON ICI<\/a><\/h3>\n\t<\/div>\n<\/div>\t<div  class=\"fw-divider tf-sh-05cfc3d65621242b1b7666b592a75126  fw-divider-align-left fw-divider-full-width fw-line-solid fw-divider-line space-md  fw_theme_border_only_fw-custom\"  style=\"width: auto;  \" ><\/div>\n\t\t<\/div>\n\t<\/div>\n<\/div><\/div>\n\n<div class=\"fw-row\">\n\t<div id=\"column-69f11f11d8bb3\" class=\"fw-col-sm-6 tf-sh-744ebac6943b3786d1e33192571308ca\" >\n\t<div class=\"fw-wrap-col-inner clearfix  \"   >\n\t\t\t\t<div class=\"fw-col-inner\">\n\t\t\t<div class=\"fw-text-box tf-sh-8dc937c812b0068aea2ee2ac39988252 \" >\n\t<div class=\"fw-text-inner\">\n\t\t<h4 style=\"text-align: center;\"><a href=\"https:\/\/www.armycadetleague.ca\/fr\/contactez-nous\/\"><img loading=\"lazy\" decoding=\"async\" class=\"aligncenter size-thumbnail wp-image-9191\" src=\"https:\/\/www.armycadetleague.ca\/wp-content\/uploads\/Artboard-2-1-150x150.png\" alt=\"\" width=\"150\" height=\"150\" srcset=\"https:\/\/www.armycadetleague.ca\/wp-content\/uploads\/Artboard-2-1-150x150.png 150w, https:\/\/www.armycadetleague.ca\/wp-content\/uploads\/Artboard-2-1-300x300.png 300w, https:\/\/www.armycadetleague.ca\/wp-content\/uploads\/Artboard-2-1.png 500w\" sizes=\"auto, (max-width: 150px) 100vw, 150px\" \/><\/a><\/h4>\n<p>Dons \u00e0 un corps de cadets ou \u00e0 une section<\/p>\n<p>Les dons destin\u00e9s \u00e0 un corps de cadets ou \u00e0 une section provinciale\/territoriale sp\u00e9cifique (\u00e0 l'exception des sections du Nord*) doivent \u00eatre trait\u00e9s par le bureau de la section concern\u00e9e.<\/p>\n<p>Veuillez s\u00e9lectionner votre section dans la liste ci-dessous pour faire votre don :<\/p>\n<p><a href=\"https:\/\/form.jotform.com\/71506616584258\">Colombie-Britannique<\/a><\/p>\n<p><a href=\"https:\/\/manitoba.armycadetleague.ca\/donate\/\">Manitoba<\/a><\/p>\n<p><a href=\"https:\/\/newbrunswick.armycadetleague.ca\/contact\/\">Nouveau-Brunswick<\/a><\/p>\n<p><a href=\"https:\/\/nl.armycadetleague.ca\/contact\/\">Terre-Neuve-et-Labrador<\/a><\/p>\n<p><a href=\"https:\/\/novascotia.armycadetleague.ca\/contact\/\">Nouvelle-\u00c9cosse<\/a><\/p>\n<p><a href=\"https:\/\/www.canadahelps.org\/en\/charities\/the-army-cadet-league-of-canada-ontario\/\">Ontario<\/a><\/p>\n<p><a href=\"https:\/\/www.canadahelps.org\/fr\/dn\/58671\">Qu\u00e9bec<\/a><\/p>\n<p><a href=\"https:\/\/saskatchewan.armycadetleague.ca\/donate\/\">Saskatchewan<\/a><\/p>\n<p>Les dons destin\u00e9s aux corps de cadets ou aux sections du Yukon, des Territoires du Nord-Ouest ou du Nunavut seront g\u00e9r\u00e9s directement par <a href=\"https:\/\/www.armycadetleague.ca\/contact\/\">le bureau national<\/a>.<\/p>\n\t<\/div>\n<\/div>\t\t<\/div>\n\t<\/div>\n<\/div><div id=\"column-69f11f11d8df4\" class=\"fw-col-sm-6 tf-sh-9e59204aee54d35c8f0740ddde1dee70\" >\n\t<div class=\"fw-wrap-col-inner clearfix  \"   >\n\t\t\t\t<div class=\"fw-col-inner\">\n\t\t\t<div class=\"fw-text-box tf-sh-57789dac39727332f4ff077109322d16 \" >\n\t<div class=\"fw-text-inner\">\n\t\t<h4 style=\"text-align: center;\"><a href=\"https:\/\/donate.micharity.com\/the-army-cadet-league-of-canada\/4135491298\/donate?campaign=1&amp;page=100108&amp;temp=500004\"><img loading=\"lazy\" decoding=\"async\" class=\"aligncenter size-thumbnail wp-image-9189\" src=\"https:\/\/www.armycadetleague.ca\/wp-content\/uploads\/Artboard-1-150x150.png\" alt=\"\" width=\"150\" height=\"150\" srcset=\"https:\/\/www.armycadetleague.ca\/wp-content\/uploads\/Artboard-1-150x150.png 150w, https:\/\/www.armycadetleague.ca\/wp-content\/uploads\/Artboard-1-300x300.png 300w, https:\/\/www.armycadetleague.ca\/wp-content\/uploads\/Artboard-1.png 500w\" sizes=\"auto, (max-width: 150px) 100vw, 150px\" \/><\/a><\/h4>\n<h4 style=\"text-align: center;\">\u00a0Contributions au Bureau National, au Programme d'Exp\u00e9dition, aux Bourses Nationales, au Corps du Nord, aux dons de Branches, aux dons d'anniversaire et aux dons en m\u00e9moire.<\/h4>\n<p>SVP inclure l'intention de votre don dans la section des commentaires du formulaire.<\/p>\n<p class=\"p1\" style=\"text-align: center;\"><a href=\"https:\/\/fs2.formsite.com\/aclc\/ccd1ozbrkx\/index\" target=\"_blank\" rel=\"noopener\"><b>Cliquez ici pour proc\u00e9der<\/b><\/a><\/p>\n\t<\/div>\n<\/div>\t\t<\/div>\n\t<\/div>\n<\/div><\/div>\n\n\t<\/div>\n\t<\/section><\/p>\n","protected":false},"excerpt":{"rendered":"<p>DONNEZ Votre g\u00e9n\u00e9rosit\u00e9 a un impact \u00e9norme sur les jeunes Canadiens. Choisissez comment vous souhaitez faire une diff\u00e9rence. Aidez \u00e0 offrir des aventures, des r\u00e9alisations et des amiti\u00e9s durables \u00e0 plus de 18 000 cadets de l&#8217;Arm\u00e9e \u00e0 travers le Canada. Vous pouvez faire un don de la mani\u00e8re qui vous convient le mieux : [&hellip;]<\/p>\n","protected":false},"author":1,"featured_media":0,"parent":0,"menu_order":0,"comment_status":"closed","ping_status":"closed","template":"visual-builder-template.php","meta":{"footnotes":"","_links_to":"","_links_to_target":""},"class_list":["post-7524","page","type-page","status-publish","hentry"],"_links":{"self":[{"href":"https:\/\/www.armycadetleague.ca\/fr\/wp-json\/wp\/v2\/pages\/7524","targetHints":{"allow":["GET"]}}],"collection":[{"href":"https:\/\/www.armycadetleague.ca\/fr\/wp-json\/wp\/v2\/pages"}],"about":[{"href":"https:\/\/www.armycadetleague.ca\/fr\/wp-json\/wp\/v2\/types\/page"}],"author":[{"embeddable":true,"href":"https:\/\/www.armycadetleague.ca\/fr\/wp-json\/wp\/v2\/users\/1"}],"replies":[{"embeddable":true,"href":"https:\/\/www.armycadetleague.ca\/fr\/wp-json\/wp\/v2\/comments?post=7524"}],"version-history":[{"count":57,"href":"https:\/\/www.armycadetleague.ca\/fr\/wp-json\/wp\/v2\/pages\/7524\/revisions"}],"predecessor-version":[{"id":11383,"href":"https:\/\/www.armycadetleague.ca\/fr\/wp-json\/wp\/v2\/pages\/7524\/revisions\/11383"}],"wp:attachment":[{"href":"https:\/\/www.armycadetleague.ca\/fr\/wp-json\/wp\/v2\/media?parent=7524"}],"curies":[{"name":"wp","href":"https:\/\/api.w.org\/{rel}","templated":true}]}}