{"id":9819,"date":"2021-05-03T18:16:00","date_gmt":"2021-05-03T18:16:00","guid":{"rendered":"https:\/\/www.armycadetleague.ca\/president\/"},"modified":"2023-04-23T08:20:02","modified_gmt":"2023-04-23T13:20:02","slug":"president","status":"publish","type":"page","link":"https:\/\/www.armycadetleague.ca\/fr\/president\/","title":{"rendered":"Pr\u00e9sidente"},"content":{"rendered":"<p><img loading=\"lazy\" decoding=\"async\" class=\"wp-image-9407 size-medium alignleft\" src=\"https:\/\/www.armycadetleague.ca\/wp-content\/uploads\/Cathy-photo-232x300.jpeg\" alt=\"\" width=\"232\" height=\"300\" srcset=\"https:\/\/www.armycadetleague.ca\/wp-content\/uploads\/Cathy-photo-232x300.jpeg 232w, https:\/\/www.armycadetleague.ca\/wp-content\/uploads\/Cathy-photo-791x1024.jpeg 791w, https:\/\/www.armycadetleague.ca\/wp-content\/uploads\/Cathy-photo-768x994.jpeg 768w, https:\/\/www.armycadetleague.ca\/wp-content\/uploads\/Cathy-photo.jpeg 1114w\" sizes=\"auto, (max-width: 232px) 100vw, 232px\" \/><\/p>\n<h4>Cathy Bach<\/h4>\n<p><span data-contrast=\"auto\">Cathy apporte \u00e0 la Ligue plus de 40 ann\u00e9es d\u2019exp\u00e9rience en gestion des affaires, dont 30 comme haute dirigeante \u00e0 la Baie d\u2019Hudson, le plus important magasin au d\u00e9tail \u00e0 succursales au Canada. Elle a la r\u00e9putation de s\u2019attaquer \u00e0 des nouveaux projets et de les mener \u00e0 bien de la conception, \u00e0 la mise en \u0153uvre et \u00e0 l\u2019ach\u00e8vement tout en augmentant la profitabilit\u00e9 et l\u2019efficacit\u00e9. Pleine d\u2019\u00e9nergie, elle est ax\u00e9e sur les r\u00e9sultats <\/span><span data-contrast=\"none\">dans l\u2019ex\u00e9cution de t\u00e2ches multiples<\/span><span data-contrast=\"auto\">. Ses excellentes comp\u00e9tences d\u00e9cisionnelles lui permettent d\u2019assembler des \u00e9quipes coh\u00e9sives <\/span><span data-contrast=\"none\">compos\u00e9es de gens de toutes provenances<\/span><span data-contrast=\"auto\">. Elle adore relever les d\u00e9fis et travailler sous pression. Apr\u00e8s sa retraite de la Baie d\u2019Hudson, Cathy a lanc\u00e9 sa propre entreprise de consultants et d\u2019\u00e9picerie fine italienne pour rapprocher le monde des affaires et la collectivit\u00e9.<\/span><span data-ccp-props=\"{&quot;201341983&quot;:0,&quot;335551550&quot;:6,&quot;335551620&quot;:6,&quot;335559685&quot;:720,&quot;335559739&quot;:0,&quot;335559740&quot;:240}\">\u00a0<\/span><\/p>\n<p><span data-contrast=\"auto\">En 2002, elle fait fi des avertissements de son mari et se joint \u00e0 la Ligue. Jusqu\u2019en 2018 elle y a \u0153uvr\u00e9 directement au sein de quatre comit\u00e9s de soutien de la r\u00e9gion du Grand Vancouver. Elle a occup\u00e9 le poste de pr\u00e9sidente de chacun de ces comit\u00e9s de soutien, dont trois qu\u2019elle a aid\u00e9 \u00e0 mettre sur pied dans le cadre de l\u2019expansion des cadets de l\u2019Arm\u00e9e dans la r\u00e9gion. Elle a \u00e9t\u00e9 \u00e9lue au conseil de la division de la Colombie-Britannique en 2010 et au Conseil national d\u2019administration en 2011. Ella a \u00e9t\u00e9 \u00e9lue pr\u00e9sidente de la division de la Colombie-Britannique en 2017. Elle a \u00e9t\u00e9 \u00e9lue pr\u00e9sidente nationale de la Ligue des cadets de l\u2019Arm\u00e9e en 2019 et a dirig\u00e9 l\u2019organisation durant la pand\u00e9mie.<\/span><span data-ccp-props=\"{&quot;201341983&quot;:0,&quot;335551550&quot;:6,&quot;335551620&quot;:6,&quot;335559685&quot;:720,&quot;335559739&quot;:0,&quot;335559740&quot;:240}\">\u00a0<\/span><\/p>\n<p><span data-contrast=\"auto\">En tant que pr\u00e9sidente nationale de la Ligue des cadets de l\u2019Arm\u00e9e, Cathy agit comme pr\u00e9sidente du Conseil national d\u2019administration. Elle si\u00e8ge \u00e9galement au Conseil national des cadets et au Conseil national d\u2019administration des cadets avec ses coll\u00e8gues et avec les Forces arm\u00e9es canadiennes, la Ligue navale du Canada et la Ligue des cadets de l\u2019Air du Canada<\/span><span data-ccp-props=\"{&quot;201341983&quot;:0,&quot;335551550&quot;:6,&quot;335551620&quot;:6,&quot;335559685&quot;:720,&quot;335559739&quot;:0,&quot;335559740&quot;:240}\">\u00a0<\/span><\/p>\n<p><span data-contrast=\"auto\">Cathy s\u2019est vue remettre plusieurs prix et r\u00e9compenses au fil des ann\u00e9es, notamment le prix du b\u00e9n\u00e9volat du Major Charles Whisker (division de la Colombie-Britannique) en 2011, Membre de l\u2019ann\u00e9e de la Ligue nationale en 2011, et Citation du chef de l\u2019\u00e9tat-major de la D\u00e9fense en 2014. Elle a \u00e9galement \u00e9t\u00e9 r\u00e9cipiendaire <\/span><span data-contrast=\"none\">de la M\u00e9daille du jubil\u00e9 de diamant de la reine Elizabeth II en 2012 et de la M\u00e9daille du souverain pour les b\u00e9n\u00e9voles en 2020.\u00a0<\/span><span data-ccp-props=\"{&quot;201341983&quot;:0,&quot;335551550&quot;:6,&quot;335551620&quot;:6,&quot;335559685&quot;:720,&quot;335559739&quot;:0,&quot;335559740&quot;:240}\">\u00a0<\/span><\/p>\n<p><span data-contrast=\"auto\">Cathy est une immigrante italienne de premi\u00e8re g\u00e9n\u00e9ration. Elle est l\u2019heureuse \u00e9pouse de Randy depuis 41 ans. Ils sont les fiers parents de leurs enfants Jennifer et Adam, de leur belle-fille Danna avec ses deux adorables enfants Aria Rose et Alexander sans compter le chien Hunter. Dans ses temps libres, elle aime le plein air et est une adepte de la chasse et de la randonn\u00e9e. Elle d\u00e9tient une ceinture noire de Taekwondo et aime pratiquer le kickboxing. Elle aime faire la p\u00e2tisserie, sa lasagne est sans pareil et elle peut texter 120 mots \u00e0 la minute.<\/span><span data-ccp-props=\"{&quot;201341983&quot;:0,&quot;335551550&quot;:6,&quot;335551620&quot;:6,&quot;335559685&quot;:720,&quot;335559739&quot;:0,&quot;335559740&quot;:240}\">\u00a0<\/span><\/p>\n<p><span data-contrast=\"auto\">Voici certaines des r\u00e9alisations de notre Ligue nationale\u00b0:\u00a0<\/span><span data-ccp-props=\"{&quot;201341983&quot;:0,&quot;335559739&quot;:0,&quot;335559740&quot;:240}\">\u00a0<\/span><\/p>\n<ul>\n<li><span data-contrast=\"auto\">Premi\u00e8re ligue \u00e0 reprendre les activit\u00e9s en personne, avec un perfectionnement professionnel et une r\u00e9union annuelle hybrides<\/span><span data-ccp-props=\"{&quot;201341983&quot;:0,&quot;335559739&quot;:0,&quot;335559740&quot;:240}\">\u00a0<\/span><\/li>\n<li><span data-contrast=\"auto\">Augmentation de la participation \u00e0 l\u2019\u00e9chelle nationale durant notre assembl\u00e9e g\u00e9n\u00e9rale annuelle<\/span><span data-ccp-props=\"{&quot;201341983&quot;:0,&quot;335559739&quot;:0,&quot;335559740&quot;:240}\">\u00a0<\/span><\/li>\n<li><span data-contrast=\"auto\">Nous sommes maintenant un organisme SANS BUT LUCRATIF \u00e9valu\u00e9 \u00e0 1 million de dollars<\/span><span data-ccp-props=\"{&quot;201341983&quot;:0,&quot;335559739&quot;:0,&quot;335559740&quot;:240}\">\u00a0<\/span><\/li>\n<li><span data-contrast=\"auto\">Nouveau plan strat\u00e9gique<\/span><span data-ccp-props=\"{&quot;201341983&quot;:0,&quot;335559739&quot;:0,&quot;335559740&quot;:240}\">\u00a0<\/span><\/li>\n<li><span data-contrast=\"auto\">Nouvel \u00e9nonc\u00e9 de vision sur l\u2019\u00c9toile polaire<\/span><span data-ccp-props=\"{&quot;201341983&quot;:0,&quot;335559739&quot;:0,&quot;335559740&quot;:240}\">\u00a0<\/span><\/li>\n<li><span data-contrast=\"auto\">Am\u00e9lioration de la coop\u00e9ration et la coh\u00e9sion entre les divisions<\/span><span data-ccp-props=\"{&quot;201341983&quot;:0,&quot;335559739&quot;:0,&quot;335559740&quot;:240}\">\u00a0<\/span><\/li>\n<li><span data-contrast=\"auto\">Consensus national sur la d\u00e9finition de membri\u00e9t\u00e9 universelle<\/span><span data-ccp-props=\"{&quot;201341983&quot;:0,&quot;335559739&quot;:0,&quot;335559740&quot;:240}\">\u00a0<\/span><\/li>\n<li><span data-contrast=\"auto\">Augmentation de notre pr\u00e9sence dans les r\u00e9seaux sociaux<\/span><span data-ccp-props=\"{&quot;201341983&quot;:0,&quot;335559739&quot;:0,&quot;335559740&quot;:240}\">\u00a0<\/span><\/li>\n<li><span data-contrast=\"auto\">Programme de perfectionnement professionnel pour les administrateurs, les membres et les b\u00e9n\u00e9voles.<\/span><span data-ccp-props=\"{&quot;201341983&quot;:0,&quot;335559739&quot;:0,&quot;335559740&quot;:240}\">\u00a0<\/span><\/li>\n<\/ul>\n","protected":false},"excerpt":{"rendered":"<p>Cathy Bach Cathy apporte \u00e0 la Ligue plus de 40 ann\u00e9es d\u2019exp\u00e9rience en gestion des affaires, dont 30 comme haute dirigeante \u00e0 la Baie d\u2019Hudson, le plus important magasin au d\u00e9tail \u00e0 succursales au Canada. Elle a la r\u00e9putation de s\u2019attaquer \u00e0 des nouveaux projets et de les mener \u00e0 bien de la conception, \u00e0 [&hellip;]<\/p>\n","protected":false},"author":1,"featured_media":0,"parent":0,"menu_order":0,"comment_status":"closed","ping_status":"closed","template":"","meta":{"footnotes":"","_links_to":"","_links_to_target":""},"class_list":["post-9819","page","type-page","status-publish","hentry"],"_links":{"self":[{"href":"https:\/\/www.armycadetleague.ca\/fr\/wp-json\/wp\/v2\/pages\/9819","targetHints":{"allow":["GET"]}}],"collection":[{"href":"https:\/\/www.armycadetleague.ca\/fr\/wp-json\/wp\/v2\/pages"}],"about":[{"href":"https:\/\/www.armycadetleague.ca\/fr\/wp-json\/wp\/v2\/types\/page"}],"author":[{"embeddable":true,"href":"https:\/\/www.armycadetleague.ca\/fr\/wp-json\/wp\/v2\/users\/1"}],"replies":[{"embeddable":true,"href":"https:\/\/www.armycadetleague.ca\/fr\/wp-json\/wp\/v2\/comments?post=9819"}],"version-history":[{"count":5,"href":"https:\/\/www.armycadetleague.ca\/fr\/wp-json\/wp\/v2\/pages\/9819\/revisions"}],"predecessor-version":[{"id":10483,"href":"https:\/\/www.armycadetleague.ca\/fr\/wp-json\/wp\/v2\/pages\/9819\/revisions\/10483"}],"wp:attachment":[{"href":"https:\/\/www.armycadetleague.ca\/fr\/wp-json\/wp\/v2\/media?parent=9819"}],"curies":[{"name":"wp","href":"https:\/\/api.w.org\/{rel}","templated":true}]}}