{"id":9825,"date":"2021-05-03T18:18:47","date_gmt":"2021-05-03T18:18:47","guid":{"rendered":"https:\/\/www.armycadetleague.ca\/vice-president-membership\/"},"modified":"2023-04-23T08:44:49","modified_gmt":"2023-04-23T13:44:49","slug":"vice-president-aux-membres","status":"publish","type":"page","link":"https:\/\/www.armycadetleague.ca\/fr\/vice-president-aux-membres\/","title":{"rendered":"Vice-Pr\u00e9sidente aux membres"},"content":{"rendered":"<h4><img loading=\"lazy\" decoding=\"async\" class=\"alignleft wp-image-9767\" src=\"https:\/\/www.armycadetleague.ca\/wp-content\/uploads\/Woiden_darlene-300x265.jpg\" alt=\"\" width=\"316\" height=\"280\" \/>Darlene Woiden<\/h4>\n<p><span data-contrast=\"auto\">Je suis n\u00e9e et j\u2019ai grandi en Nouvelle-\u00c9cosse, et je suis l\u2019\u00e9pouse <\/span><span data-contrast=\"auto\">du Bg\u00e9n (\u00e0 la retraite) Kelly Woiden depuis 20 ans<\/span><span data-contrast=\"auto\">.\u00a0 <\/span><span data-contrast=\"auto\">Nous sommes les heureux parents de deux merveilleux enfants adultes, travaillants et attentionn\u00e9s \u2013 Leigh-Ann Woiden et Parker Hubley. Nous n\u2019avons pas encore de petits-enfants, mais un mariage se pointe \u00e0 l\u2019horizon, nous nous gardons donc les doigts crois\u00e9s<\/span><span data-contrast=\"auto\">!<\/span><span data-ccp-props=\"{&quot;201341983&quot;:0,&quot;335559739&quot;:0,&quot;335559740&quot;:240}\">\u00a0<\/span><\/p>\n<p><span data-contrast=\"auto\">Nous avons pris une d\u00e9cision difficile en laissant nos enfants \u00e0 Ottawa et d\u00e9m\u00e9nag\u00e9 \u00e0 Vernon C.-B. en octobre 2022. <\/span><span data-contrast=\"auto\">Je travaille \u00e0 l\u2019heure actuelle comme adjointe personnelle dans un bureau d\u2019<\/span><span data-contrast=\"auto\">otorhinolaryngologiste \u00e0 Ottawa. Il est bien s\u00fbr difficile de travailler dans un fuseau horaire et de vivre dans un autre, mais nous ne nous en sortons pas trop mal. J\u2019ai conserv\u00e9 les m\u00eames responsabilit\u00e9s sauf pour certaines choses que je ne peux pas faire \u00e0 distance. Tr\u00e8s occup\u00e9e c\u2019est s\u00fbr.<\/span><span data-ccp-props=\"{&quot;201341983&quot;:0,&quot;335559739&quot;:0,&quot;335559740&quot;:240}\">\u00a0<\/span><\/p>\n<p><span data-contrast=\"auto\">Au cours de ma carri\u00e8re j\u2019ai \u00e0 plusieurs occasions eu l\u2019occasion de diriger des projets, comme un concours radiophonique national, le design d\u2019un nouveau bureau y compris la construction et la s\u00e9lection des applications logicielles et du mat\u00e9riel informatique pour un chirurgien, et de nouveau maintenant la mise sur pied de la structure des TI dans mon poste actuel.<\/span><span data-ccp-props=\"{&quot;201341983&quot;:0,&quot;335559739&quot;:0,&quot;335559740&quot;:240}\">\u00a0<\/span><\/p>\n<p><span data-contrast=\"auto\">\u00c0 cette liste de d\u00e9fis vient s\u2019ajouter mon appartenance \u00e0 la LCAC des deux derni\u00e8res ann\u00e9es. J\u2019y ai v\u00e9cu une exp\u00e9rience extraordinaire et j\u2019ai extr\u00eamement h\u00e2te de voir la suite.<\/span><span data-ccp-props=\"{&quot;201341983&quot;:0,&quot;335559739&quot;:0,&quot;335559740&quot;:240}\">\u00a0<\/span><\/p>\n<p><span data-contrast=\"auto\">Maintenant que nous sommes bien \u00e9tablis, nous avons aussi l\u2019intention de travailler dans la communaut\u00e9 et de faire du b\u00e9n\u00e9volat. La majorit\u00e9 de mon b\u00e9n\u00e9volat s\u2019est fait \u00e0 Winnipeg, notamment\u202f: les comit\u00e9s de parents aux diff\u00e9rentes \u00e9coles que mes enfants ont fr\u00e9quent\u00e9es, Variety, l\u2019association caritative du Manitoba, la Soci\u00e9t\u00e9 de la scl\u00e9rose en plaques du Manitoba, le comit\u00e9 de soutien du Corps de cadets 1226 FGH et le comit\u00e9 du 100<\/span><span data-contrast=\"auto\">e<\/span><span data-contrast=\"auto\"> anniversaire du <\/span><span data-contrast=\"auto\">Fort Garry Horse.<\/span><span data-ccp-props=\"{&quot;201341983&quot;:0,&quot;335559739&quot;:0,&quot;335559740&quot;:240}\">\u00a0<\/span><\/p>\n<p><span data-contrast=\"auto\">Durant mes loisirs<\/span><span data-contrast=\"auto\">, j\u2019aime jouer aux cartes, regarder des films et visiter mes amis et ma famille. HGTV \u00e9tait mon \u00e9mission de t\u00e9l\u00e9vision favorite, mais apr\u00e8s avoir achet\u00e9 et vendu trois maisons en 6 mois, les r\u00e9novations ne font vraiment plus partie de mes priorit\u00e9s!<\/span><span data-ccp-props=\"{&quot;201341983&quot;:0,&quot;335559739&quot;:0,&quot;335559740&quot;:240}\">\u00a0<\/span><\/p>\n<p><span data-contrast=\"auto\">Mon Mari Kelly et moi aimons faire de la raquette, de la plong\u00e9e sous-marine et voyager. Il est rare que nous soyons \u00e0 la maison depuis que nous avons d\u00e9m\u00e9nag\u00e9. J\u2019aime beaucoup lire, surtout des romans de fiction. Pour ceux qui se souviennent de ma biographie pr\u00e9c\u00e9dente, je lisais la saga d\u2019Harry Potter et j\u2019\u00e9tais rendu au 6<\/span><span data-contrast=\"auto\">e<\/span><span data-contrast=\"auto\"> tome\u2026.Mise \u00e0 jour\u202f: je l\u2019ai termin\u00e9! Je suis en train de lire le tome 7 (Svp, pas de divulg\u00e2cheurs).<\/span><span data-ccp-props=\"{&quot;201341983&quot;:0,&quot;335559739&quot;:0,&quot;335559740&quot;:240}\">\u00a0<\/span><\/p>\n<p><strong>Voici quelques-unes de mes exp\u00e9riences comme b\u00e9n\u00e9vole\u00a0:<\/strong><\/p>\n<ul>\n<li>Comit\u00e9s de parents dans diff\u00e9rentes \u00e9coles o\u00f9 mes enfants ont \u00e9t\u00e9 \u2013 2000-2013<\/li>\n<li>Variety, une \u0153uvre caritative du Manitoba \u2013 2001-2002<\/li>\n<li>Comit\u00e9 du programme occupationnel avant et apr\u00e8s les classes et durant les repas \u2013 Tyndall Park Elementary school \u2013 2000-2002<\/li>\n<li>Soci\u00e9t\u00e9 de la scl\u00e9rose en Plaques du Manitoba \u2013 1995-2003 lors de diff\u00e9rentes activit\u00e9s<\/li>\n<li>Comit\u00e9 de soutien \u2013 CC 1226 Fort Garry Horse \u2013 2007-2008<\/li>\n<li>Pr\u00e9sidente, comit\u00e9 de soutien \u2013 CC 1226 Fort Gary Horse \u2013 2008-2012<\/li>\n<li>Membre active extraordinaire \u2013 LCA \u2013 Manitoba \u2013 2011-2012<\/li>\n<li>Comit\u00e9 du 100<sup>e<\/sup> anniversaire Fort Garry Horse \u2013 2011-2012<\/li>\n<li>Organisme N.O.D.A. (No One Dies Alone) \u2013 2010-2012<\/li>\n<\/ul>\n<p>&nbsp;<\/p>\n","protected":false},"excerpt":{"rendered":"<p>Darlene Woiden Je suis n\u00e9e et j\u2019ai grandi en Nouvelle-\u00c9cosse, et je suis l\u2019\u00e9pouse du Bg\u00e9n (\u00e0 la retraite) Kelly Woiden depuis 20 ans.\u00a0 Nous sommes les heureux parents de deux merveilleux enfants adultes, travaillants et attentionn\u00e9s \u2013 Leigh-Ann Woiden et Parker Hubley. Nous n\u2019avons pas encore de petits-enfants, mais un mariage se pointe \u00e0 [&hellip;]<\/p>\n","protected":false},"author":1,"featured_media":0,"parent":0,"menu_order":0,"comment_status":"closed","ping_status":"closed","template":"","meta":{"footnotes":"","_links_to":"","_links_to_target":""},"class_list":["post-9825","page","type-page","status-publish","hentry"],"_links":{"self":[{"href":"https:\/\/www.armycadetleague.ca\/fr\/wp-json\/wp\/v2\/pages\/9825","targetHints":{"allow":["GET"]}}],"collection":[{"href":"https:\/\/www.armycadetleague.ca\/fr\/wp-json\/wp\/v2\/pages"}],"about":[{"href":"https:\/\/www.armycadetleague.ca\/fr\/wp-json\/wp\/v2\/types\/page"}],"author":[{"embeddable":true,"href":"https:\/\/www.armycadetleague.ca\/fr\/wp-json\/wp\/v2\/users\/1"}],"replies":[{"embeddable":true,"href":"https:\/\/www.armycadetleague.ca\/fr\/wp-json\/wp\/v2\/comments?post=9825"}],"version-history":[{"count":8,"href":"https:\/\/www.armycadetleague.ca\/fr\/wp-json\/wp\/v2\/pages\/9825\/revisions"}],"predecessor-version":[{"id":10490,"href":"https:\/\/www.armycadetleague.ca\/fr\/wp-json\/wp\/v2\/pages\/9825\/revisions\/10490"}],"wp:attachment":[{"href":"https:\/\/www.armycadetleague.ca\/fr\/wp-json\/wp\/v2\/media?parent=9825"}],"curies":[{"name":"wp","href":"https:\/\/api.w.org\/{rel}","templated":true}]}}