{"id":9841,"date":"2021-05-03T18:22:40","date_gmt":"2021-05-03T18:22:40","guid":{"rendered":"https:\/\/www.armycadetleague.ca\/colonel-commandant\/"},"modified":"2021-05-04T18:12:03","modified_gmt":"2021-05-04T18:12:03","slug":"colonel-commandant","status":"publish","type":"page","link":"https:\/\/www.armycadetleague.ca\/fr\/colonel-commandant\/","title":{"rendered":"Colonel commandant"},"content":{"rendered":"<h4><a href=\"https:\/\/www.armycadetleague.ca\/wp-content\/uploads\/Deputy-Minister-Tim-Grant_rdax_75.jpg\"><img loading=\"lazy\" decoding=\"async\" class=\"size-full wp-image-9794 alignleft\" src=\"https:\/\/www.armycadetleague.ca\/wp-content\/uploads\/Deputy-Minister-Tim-Grant_rdax_75.jpg\" alt=\"\" width=\"296\" height=\"296\" srcset=\"https:\/\/www.armycadetleague.ca\/wp-content\/uploads\/Deputy-Minister-Tim-Grant_rdax_75.jpg 296w, https:\/\/www.armycadetleague.ca\/wp-content\/uploads\/Deputy-Minister-Tim-Grant_rdax_75-150x150.jpg 150w\" sizes=\"auto, (max-width: 296px) 100vw, 296px\" \/><\/a>Major-g\u00e9n\u00e9ral Timothy (Tim) James Grant OMM, CSM, CD (retrait\u00e9)<\/h4>\n<p>Le major-g\u00e9n\u00e9ral Timothy James Grant a commenc\u00e9 sa carri\u00e8re militaire comme cadet de l\u2019Air. Il a grimp\u00e9 les \u00e9chelons jusqu\u2019au grade d\u2019adjudant premi\u00e8re classe, a suivi le cours de sous-officier sup\u00e9rieur et a re\u00e7u son brevet de pilote dans le cadre du Programme de bourses d\u2019\u00e9tudes en pilotage. Il a \u00e9t\u00e9 nomm\u00e9 officier et s\u2019est joint au Cadre des instructeurs de cadets. Il a \u00e9tudi\u00e9 \u00e0 l\u2019Universit\u00e9 de Guelph et a obtenu un baccalaur\u00e9at \u00e8s sciences en 1977. Il s\u2019est ensuite enr\u00f4l\u00e9 dans les Forces arm\u00e9es canadiennes \u00e0 titre d\u2019officier de l\u2019arme blind\u00e9e dans le cadre du Programme d\u2019enr\u00f4lement direct \u2014 Officiers.<\/p>\n<p>Le major-g\u00e9n\u00e9ral Grant a occup\u00e9 plusieurs postes d\u2019\u00e9tat-major, en particulier, chef d\u2019\u00e9tat-major du Secteur de l\u2019Ouest de la Force terrestre et deux affectations au Quartier g\u00e9n\u00e9ral de la D\u00e9fense nationale au sein de la Direction des op\u00e9rations interarm\u00e9es. \u00c0 titre de J3 International, il a collabor\u00e9 \u00e9troitement \u00e0 la planification de la contribution du Canada \u00e0 la campagne contre le terrorisme, apr\u00e8s le 11\u00a0septembre, y compris au d\u00e9ploiement initial de forces terrestres en Afghanistan et de forces navales et a\u00e9riennes dans le golfe Persique.<\/p>\n<p>Il a exerc\u00e9 les fonctions de commandant, du niveau de la troupe \u00e0 la brigade, au Canada et avec l\u2019OTAN en Allemagne. Il a \u00e9t\u00e9 officier d\u2019\u00e9change au Royal Australian Armour Centre. Comme commandant du Lord Strathcona\u2019s Horse (Royal Canadians), lui et son groupement tactique ont \u00e9t\u00e9 envoy\u00e9s en mission en Bosnie en 1997 dans le cadre de la Force de stabilisation de l\u2019OTAN. Il est retourn\u00e9 en Bosnie en 2000 pour commander le Contingent canadien. Il a command\u00e9 le 1<sup>er<\/sup>\u00a0Groupe-brigade m\u00e9canis\u00e9 du Canada de 2003 \u00e0 2005, qui comprenait la pr\u00e9paration et le d\u00e9ploiement d\u2019un contingent \u00e0 Kaboul dans le cadre de la Force internationale d\u2019assistance \u00e0 la s\u00e9curit\u00e9 (FIAS) et de la premi\u00e8re \u00e9quipe de reconstruction provinciale canadienne \u00e0 Kandahar. Il a command\u00e9 le Secteur de l\u2019Ouest de la Force terrestre et la Force op\u00e9rationnelle interarm\u00e9es (Ouest) (lors de la cr\u00e9ation du Commandement Canada en f\u00e9vrier 2006) de juillet 2005 \u00e0 octobre\u00a02006. De novembre 2006 \u00e0 ao\u00fbt 2007, il a command\u00e9 tous les militaires canadiens en Afghanistan, et pendant les six derniers mois de cette mission, il a command\u00e9 les op\u00e9rations de combat de la FIAS dans la province de Kandahar.<\/p>\n<p>Le major-g\u00e9n\u00e9ral Grant a \u00e9t\u00e9 nomm\u00e9 officier de l\u2019Ordre du m\u00e9rite militaire en 2003. Il s\u2019est vu d\u00e9cerner la Croix du service m\u00e9ritoire en 2008 pour son leadership en Afghanistan. Il a \u00e9t\u00e9 promu au grade de major-g\u00e9n\u00e9ral en ao\u00fbt\u00a02007 et il a \u00e9t\u00e9 nomm\u00e9 commandant adjoint du Commandement de la Force exp\u00e9ditionnaire du Canada. Le major-g\u00e9n\u00e9ral Grant a pris sa retraite des Forces canadiennes en ao\u00fbt\u00a02008 apr\u00e8s 31 ans de service.<\/p>\n<p>Il a occup\u00e9 des postes sup\u00e9rieurs dans la fonction publique de la province de l\u2019Alberta de 2008 \u00e0 2017, y compris sous-ministre de la Justice et du Solliciteur g\u00e9n\u00e9ral et sous-ministre de Service Alberta. Il est actuellement d\u00e9tach\u00e9 aupr\u00e8s de la Alberta School of Business de comme cadre en r\u00e9sidence. Il a re\u00e7u la M\u00e9daille du jubil\u00e9 de diamant de la reine pour son leadership dans l\u2019intervention de la province lors des feux de for\u00eat \u00e0 Slave Lake en 2011.<\/p>\n","protected":false},"excerpt":{"rendered":"<p>Major-g\u00e9n\u00e9ral Timothy (Tim) James Grant OMM, CSM, CD (retrait\u00e9) Le major-g\u00e9n\u00e9ral Timothy James Grant a commenc\u00e9 sa carri\u00e8re militaire comme cadet de l\u2019Air. Il a grimp\u00e9 les \u00e9chelons jusqu\u2019au grade d\u2019adjudant premi\u00e8re classe, a suivi le cours de sous-officier sup\u00e9rieur et a re\u00e7u son brevet de pilote dans le cadre du Programme de bourses d\u2019\u00e9tudes [&hellip;]<\/p>\n","protected":false},"author":1,"featured_media":0,"parent":0,"menu_order":0,"comment_status":"closed","ping_status":"closed","template":"","meta":{"footnotes":"","_links_to":"","_links_to_target":""},"class_list":["post-9841","page","type-page","status-publish","hentry"],"_links":{"self":[{"href":"https:\/\/www.armycadetleague.ca\/fr\/wp-json\/wp\/v2\/pages\/9841","targetHints":{"allow":["GET"]}}],"collection":[{"href":"https:\/\/www.armycadetleague.ca\/fr\/wp-json\/wp\/v2\/pages"}],"about":[{"href":"https:\/\/www.armycadetleague.ca\/fr\/wp-json\/wp\/v2\/types\/page"}],"author":[{"embeddable":true,"href":"https:\/\/www.armycadetleague.ca\/fr\/wp-json\/wp\/v2\/users\/1"}],"replies":[{"embeddable":true,"href":"https:\/\/www.armycadetleague.ca\/fr\/wp-json\/wp\/v2\/comments?post=9841"}],"version-history":[{"count":4,"href":"https:\/\/www.armycadetleague.ca\/fr\/wp-json\/wp\/v2\/pages\/9841\/revisions"}],"predecessor-version":[{"id":9942,"href":"https:\/\/www.armycadetleague.ca\/fr\/wp-json\/wp\/v2\/pages\/9841\/revisions\/9942"}],"wp:attachment":[{"href":"https:\/\/www.armycadetleague.ca\/fr\/wp-json\/wp\/v2\/media?parent=9841"}],"curies":[{"name":"wp","href":"https:\/\/api.w.org\/{rel}","templated":true}]}}