{"id":9849,"date":"2021-05-03T18:23:22","date_gmt":"2021-05-03T18:23:22","guid":{"rendered":"https:\/\/www.armycadetleague.ca\/solicitor\/"},"modified":"2025-05-04T11:43:59","modified_gmt":"2025-05-04T16:43:59","slug":"notaire-honoraire","status":"publish","type":"page","link":"https:\/\/www.armycadetleague.ca\/fr\/notaire-honoraire\/","title":{"rendered":"Solliciteur"},"content":{"rendered":"<p><img loading=\"lazy\" decoding=\"async\" class=\"size-medium wp-image-11091 alignleft\" src=\"https:\/\/www.armycadetleague.ca\/wp-content\/uploads\/9-300x300.png\" alt=\"\" width=\"300\" height=\"300\" srcset=\"https:\/\/www.armycadetleague.ca\/wp-content\/uploads\/9-300x300.png 300w, https:\/\/www.armycadetleague.ca\/wp-content\/uploads\/9-1024x1024.png 1024w, https:\/\/www.armycadetleague.ca\/wp-content\/uploads\/9-150x150.png 150w, https:\/\/www.armycadetleague.ca\/wp-content\/uploads\/9-768x768.png 768w, https:\/\/www.armycadetleague.ca\/wp-content\/uploads\/9-800x800.png 800w, https:\/\/www.armycadetleague.ca\/wp-content\/uploads\/9.png 1080w\" sizes=\"auto, (max-width: 300px) 100vw, 300px\" \/><\/p>\n<h4>Martin Diegel<\/h4>\n<p>Dipl\u00f4m\u00e9 en arts de l&#8217;Universit\u00e9 de Toronto en 1977 et en droit de l&#8217;Universit\u00e9 d&#8217;Ottawa en 1980, Martin a eu une pratique juridique diversifi\u00e9e centr\u00e9e sur l&#8217;Ontario avec des clients dans tout le Canada.<\/p>\n<p>Il exerce \u00e0 la fois la profession de solliciteur et de conseiller juridique et a plaid\u00e9 devant toutes les instances judiciaires et de nombreux tribunaux.<\/p>\n<p>Il est le solliciteur de la LCAC depuis 2004 et s&#8217;est impliqu\u00e9 au parrainage des cadets par l\u2019entremise du Club Kiwanis d\u2019Ottawa.<\/p>\n<p>&nbsp;<\/p>\n<p>&nbsp;<\/p>\n<p>&nbsp;<\/p>\n","protected":false},"excerpt":{"rendered":"<p>Martin Diegel Dipl\u00f4m\u00e9 en arts de l&#8217;Universit\u00e9 de Toronto en 1977 et en droit de l&#8217;Universit\u00e9 d&#8217;Ottawa en 1980, Martin a eu une pratique juridique diversifi\u00e9e centr\u00e9e sur l&#8217;Ontario avec des clients dans tout le Canada. Il exerce \u00e0 la fois la profession de solliciteur et de conseiller juridique et a plaid\u00e9 devant toutes les [&hellip;]<\/p>\n","protected":false},"author":1,"featured_media":0,"parent":0,"menu_order":0,"comment_status":"closed","ping_status":"closed","template":"","meta":{"footnotes":"","_links_to":"","_links_to_target":""},"class_list":["post-9849","page","type-page","status-publish","hentry"],"_links":{"self":[{"href":"https:\/\/www.armycadetleague.ca\/fr\/wp-json\/wp\/v2\/pages\/9849","targetHints":{"allow":["GET"]}}],"collection":[{"href":"https:\/\/www.armycadetleague.ca\/fr\/wp-json\/wp\/v2\/pages"}],"about":[{"href":"https:\/\/www.armycadetleague.ca\/fr\/wp-json\/wp\/v2\/types\/page"}],"author":[{"embeddable":true,"href":"https:\/\/www.armycadetleague.ca\/fr\/wp-json\/wp\/v2\/users\/1"}],"replies":[{"embeddable":true,"href":"https:\/\/www.armycadetleague.ca\/fr\/wp-json\/wp\/v2\/comments?post=9849"}],"version-history":[{"count":9,"href":"https:\/\/www.armycadetleague.ca\/fr\/wp-json\/wp\/v2\/pages\/9849\/revisions"}],"predecessor-version":[{"id":11100,"href":"https:\/\/www.armycadetleague.ca\/fr\/wp-json\/wp\/v2\/pages\/9849\/revisions\/11100"}],"wp:attachment":[{"href":"https:\/\/www.armycadetleague.ca\/fr\/wp-json\/wp\/v2\/media?parent=9849"}],"curies":[{"name":"wp","href":"https:\/\/api.w.org\/{rel}","templated":true}]}}