{"id":9907,"date":"2021-04-28T13:27:09","date_gmt":"2021-04-28T13:27:09","guid":{"rendered":"https:\/\/www.armycadetleague.ca\/board-of-directors\/"},"modified":"2025-10-21T14:16:35","modified_gmt":"2025-10-21T19:16:35","slug":"conseil-dadministration","status":"publish","type":"page","link":"https:\/\/www.armycadetleague.ca\/fr\/conseil-dadministration\/","title":{"rendered":"Conseil d&#8217;administration"},"content":{"rendered":"<p><section   class=\"fw-main-row-custom fw-main-row-top  fw_theme_bg_fw-custom fw-section-image fw-section-height-md  fw-section-position-back tf-sh-c0c5a4752b7edd37e9a1472688547c42\"  style=\" background-image:url(\/\/www.armycadetleague.ca\/wp-content\/uploads\/11713920_979775412055381_1981193818473141559_o.jpg); background-repeat: no-repeat; background-position: right center; background-size: auto;\"  >\n\t\t<div class=\"fw-main-row-overlay fw_theme_bg_color_4\" style=\"opacity: 0.58;\"><\/div>\t<div class=\"fw-container-fluid\" >\n\t\t<div class=\"fw-row\">\n\t<div id=\"column-69da14a93e079\" class=\"fw-col-sm-12 tf-sh-21bcf9fa71900eef5242f57a9cd3f2cf\" >\n\t<div class=\"fw-wrap-col-inner clearfix  \"   >\n\t\t\t\t<div class=\"fw-col-inner\">\n\t\t\t<div class=\"fw-divider-space space-md  clearfix\"  ><\/div><div class=\"fw-heading fw-heading-center  tf-sh-cc801df54df9521584191d4538dc261e\" >\n\t\t\t<h1 class=\"fw-special-title\">CONSEIL D'ADMINISTRATION<\/h1>\n\t\n\t\n\t<\/div>\t\t<\/div>\n\t<\/div>\n<\/div><\/div>\n\n\t<\/div>\n\t<\/section><section   class=\"fw-main-row-custom  auto  fw-section-position-back tf-sh-00c9c2b4d7aa54d00a941b597fbd9899\"    >\n\t\t\t<div class=\"fw-container\" >\n\t\t<div class=\"fw-row\">\n\t<div id=\"column-69da14a93e8ae\" class=\"fw-col-sm-12 tf-sh-565654dda2c704938e106dbbeabc8daf\" >\n\t<div class=\"fw-wrap-col-inner clearfix  \"   >\n\t\t\t\t<div class=\"fw-col-inner\">\n\t\t\t<div class=\"fw-heading fw-heading-left  tf-sh-bffe49a1d1b2454c6f618b1b757ec17c\" >\n\t\t\t<h2 class=\"fw-special-title\">Conseil d'administration 2025-2027<\/h2>\n\t\n\t\n\t<\/div>\t\t<\/div>\n\t<\/div>\n<\/div><\/div>\n\n<div class=\"fw-row\">\n\t<div id=\"column-69da14a93ec21\" class=\"fw-col-sm-12 tf-sh-565654dda2c704938e106dbbeabc8daf\" >\n\t<div class=\"fw-wrap-col-inner clearfix  \"   >\n\t\t\t\t<div class=\"fw-col-inner\">\n\t\t\t<div class=\"fw-text-box tf-sh-360c306a87d54f5a83d8969825f0fbb7 \" >\n\t<div class=\"fw-text-inner\">\n\t\t<p><strong>Officiers et administrateurs de la Corporation<\/strong><br \/><strong>tels qu'\u00e9lus le 26 avril 2025. Mis \u00e0 jour le 2 mai 2025.<\/strong><\/p>\n\t<\/div>\n<\/div>\t\t<\/div>\n\t<\/div>\n<\/div><\/div>\n\n\t<\/div>\n\t<\/section><section   class=\"fw-main-row-custom  auto  fw-section-position-back tf-sh-c952fd63bd5da9a9f8af762c53e2e7ee\"    >\n\t\t\t<div class=\"fw-container\" >\n\t\t<div class=\"fw-row\">\n\t<div id=\"column-69da14a93f3a4\" class=\"fw-col-sm-12 tf-sh-565654dda2c704938e106dbbeabc8daf\" >\n\t<div class=\"fw-wrap-col-inner clearfix  \"   >\n\t\t\t\t<div class=\"fw-col-inner\">\n\t\t\t<div class=\"fw-heading fw-heading-left  tf-sh-1ffed656ea72fe46e1dfeb13449c2cd9\" >\n\t\t\t<h2 class=\"fw-special-title\">Comit\u00e9 Ex\u00e9cutif<\/h2>\n\t\n\t\n\t<\/div>\t\t<\/div>\n\t<\/div>\n<\/div><\/div>\n\n<div class=\"fw-row\">\n\t<div id=\"column-69da14a93f739\" class=\"fw-col-sm-4 tf-sh-68fcf77e1d4fa338c6bf46f0040d3340\" >\n\t<div class=\"fw-wrap-col-inner clearfix  \"   >\n\t\t\t\t<div class=\"fw-col-inner\">\n\t\t\t\t<div class=\"fw-imagebox clearfix fw-imagebox-1 tf-sh-24bd8fdc9e5f11f08e9b2a9d8665d5a0 text-left  imagebox-boxed \"  style=\"\">\n\t\t\t\t\t\t\t\t\t\t<div class=\"fw-block-image-parent  \" style=\"width: 100%;\">\n\t\t\t\t\t\t\t\t\t<div class=\"fw-block-image-child fw-ratio-1 fw-ratio-container\">\n\t\t\t\t\t\t<noscript itemscope itemtype=\"https:\/\/schema.org\/ImageObject\" itemprop=\"image\"><img decoding=\"async\" src=\"https:\/\/www.armycadetleague.ca\/wp-content\/uploads\/3-1.png\"  alt=\"3\" data-maxdpr=\"1.7\" class=\"lazyload\" \/><meta itemprop=\"url\" content=\"https:\/\/www.armycadetleague.ca\/wp-content\/uploads\/3-1.png\"><meta itemprop=\"width\" content=\"1080\"><meta itemprop=\"height\" content=\"1080\"><\/noscript><img decoding=\"async\" src=\"data:image\/gif;base64,R0lGODlhAQABAIAAAAAAAP\/\/\/yH5BAEAAAAALAAAAAABAAEAAAIBRAA7\" data-sizes=\"auto\" data-srcset=\"https:\/\/www.armycadetleague.ca\/wp-content\/uploads\/3-1-300x300.png 300w, https:\/\/www.armycadetleague.ca\/wp-content\/uploads\/3-1-1024x1024.png 1024w, https:\/\/www.armycadetleague.ca\/wp-content\/uploads\/3-1-150x150.png 150w, https:\/\/www.armycadetleague.ca\/wp-content\/uploads\/3-1-768x768.png 768w, https:\/\/www.armycadetleague.ca\/wp-content\/uploads\/3-1-800x800.png 800w, https:\/\/www.armycadetleague.ca\/wp-content\/uploads\/3-1-300x300.png 300w, https:\/\/www.armycadetleague.ca\/wp-content\/uploads\/3-1.png 1080w\"   alt=\"3\" data-maxdpr=\"1.7\" class=\"lazyload\" \/>\t\t\t\t\t<\/div>\n\t\t\t\t\t\t\t<\/div>\n\t\t\n\t<div class=\"fw-imagebox-aside\" style=\"\">\n\t\t\t\t\t<div class=\"fw-imagebox-title-wrap\">\n\t\t\t\t\t\t\t\t\t<h5 class=\"fw-imagebox-title\">Pr\u00e9sidente<\/h5>\n\t\t\t\t\n\t\t\t\t\t\t\t\t\t<h4 class=\"fw-imagebox-subtitle\">Cathy Bach<\/h4>\n\t\t\t\t\t\t\t<\/div>\n\t\t\n\t\t\t\t\t<div class=\"fw-imagebox-text\">\n\t\t\t\t<p><a href=\"https:\/\/www.armycadetleague.ca\/fr\/president\/\">Lire la biographie<\/a><\/p>\t\t\t<\/div>\n\t\t\n\t\t\t<\/div>\n\t<\/div>\n\t\t<\/div>\n\t<\/div>\n<\/div><div id=\"column-69da14a9406be\" class=\"fw-col-sm-4 tf-sh-d03d5e6aadfc647ab67b4daa8ed48f89\" >\n\t<div class=\"fw-wrap-col-inner clearfix  \"   >\n\t\t\t\t<div class=\"fw-col-inner\">\n\t\t\t\t<div class=\"fw-imagebox clearfix fw-imagebox-1 tf-sh-c3386d7a24f6333c221f9de3e2b3ae8b text-left  imagebox-boxed \"  style=\"\">\n\t\t\t\t\t\t\t\t\t\t<div class=\"fw-block-image-parent  \" style=\"width: 100%;\">\n\t\t\t\t\t\t\t\t\t<div class=\"fw-block-image-child fw-ratio-1 fw-ratio-container\">\n\t\t\t\t\t\t<noscript itemscope itemtype=\"https:\/\/schema.org\/ImageObject\" itemprop=\"image\"><img decoding=\"async\" src=\"https:\/\/www.armycadetleague.ca\/wp-content\/uploads\/4.png\"  alt=\"4\" data-maxdpr=\"1.7\" class=\"lazyload\" \/><meta itemprop=\"url\" content=\"https:\/\/www.armycadetleague.ca\/wp-content\/uploads\/4.png\"><meta itemprop=\"width\" content=\"1080\"><meta itemprop=\"height\" content=\"1080\"><\/noscript><img decoding=\"async\" src=\"data:image\/gif;base64,R0lGODlhAQABAIAAAAAAAP\/\/\/yH5BAEAAAAALAAAAAABAAEAAAIBRAA7\" data-sizes=\"auto\" data-srcset=\"https:\/\/www.armycadetleague.ca\/wp-content\/uploads\/4-300x300.png 300w, https:\/\/www.armycadetleague.ca\/wp-content\/uploads\/4-1024x1024.png 1024w, https:\/\/www.armycadetleague.ca\/wp-content\/uploads\/4-150x150.png 150w, https:\/\/www.armycadetleague.ca\/wp-content\/uploads\/4-768x768.png 768w, https:\/\/www.armycadetleague.ca\/wp-content\/uploads\/4-800x800.png 800w, https:\/\/www.armycadetleague.ca\/wp-content\/uploads\/4-300x300.png 300w, https:\/\/www.armycadetleague.ca\/wp-content\/uploads\/4.png 1080w\"   alt=\"4\" data-maxdpr=\"1.7\" class=\"lazyload\" \/>\t\t\t\t\t<\/div>\n\t\t\t\t\t\t\t<\/div>\n\t\t\n\t<div class=\"fw-imagebox-aside\" style=\"\">\n\t\t\t\t\t<div class=\"fw-imagebox-title-wrap\">\n\t\t\t\t\t\t\t\t\t<h5 class=\"fw-imagebox-title\">Vice-Pr\u00e9sidente Ex\u00e9cutive<\/h5>\n\t\t\t\t\n\t\t\t\t\t\t\t\t\t<h4 class=\"fw-imagebox-subtitle\">Linda Wall<\/h4>\n\t\t\t\t\t\t\t<\/div>\n\t\t\n\t\t\t\t\t<div class=\"fw-imagebox-text\">\n\t\t\t\t<p><em>Biographie \u00e0 venir<\/em><\/p>\t\t\t<\/div>\n\t\t\n\t\t\t<\/div>\n\t<\/div>\n\t\t<\/div>\n\t<\/div>\n<\/div><div id=\"column-69da14a940c6f\" class=\"fw-col-sm-4 tf-sh-b2aeead2b94528a314400464393b4ac4\" >\n\t<div class=\"fw-wrap-col-inner clearfix  \"   >\n\t\t\t\t<div class=\"fw-col-inner\">\n\t\t\t\t<div class=\"fw-imagebox clearfix fw-imagebox-1 tf-sh-4464a2bcd18cd0489125a09af8d1e202 text-left  imagebox-boxed \"  style=\"\">\n\t\t\t\t\t\t\t\t\t\t<div class=\"fw-block-image-parent  \" style=\"width: 100%;\">\n\t\t\t\t\t\t\t\t\t<div class=\"fw-block-image-child fw-ratio-1 fw-ratio-container\">\n\t\t\t\t\t\t<noscript itemscope itemtype=\"https:\/\/schema.org\/ImageObject\" itemprop=\"image\"><img decoding=\"async\" src=\"https:\/\/www.armycadetleague.ca\/wp-content\/uploads\/5.png\"  alt=\"5\" data-maxdpr=\"1.7\" class=\"lazyload\" \/><meta itemprop=\"url\" content=\"https:\/\/www.armycadetleague.ca\/wp-content\/uploads\/5.png\"><meta itemprop=\"width\" content=\"1080\"><meta itemprop=\"height\" content=\"1080\"><\/noscript><img decoding=\"async\" src=\"data:image\/gif;base64,R0lGODlhAQABAIAAAAAAAP\/\/\/yH5BAEAAAAALAAAAAABAAEAAAIBRAA7\" data-sizes=\"auto\" data-srcset=\"https:\/\/www.armycadetleague.ca\/wp-content\/uploads\/5-300x300.png 300w, https:\/\/www.armycadetleague.ca\/wp-content\/uploads\/5-1024x1024.png 1024w, https:\/\/www.armycadetleague.ca\/wp-content\/uploads\/5-150x150.png 150w, https:\/\/www.armycadetleague.ca\/wp-content\/uploads\/5-768x768.png 768w, https:\/\/www.armycadetleague.ca\/wp-content\/uploads\/5-800x800.png 800w, https:\/\/www.armycadetleague.ca\/wp-content\/uploads\/5-300x300.png 300w, https:\/\/www.armycadetleague.ca\/wp-content\/uploads\/5.png 1080w\"   alt=\"5\" data-maxdpr=\"1.7\" class=\"lazyload\" \/>\t\t\t\t\t<\/div>\n\t\t\t\t\t\t\t<\/div>\n\t\t\n\t<div class=\"fw-imagebox-aside\" style=\"\">\n\t\t\t\t\t<div class=\"fw-imagebox-title-wrap\">\n\t\t\t\t\t\t\t\t\t<h5 class=\"fw-imagebox-title\">Vice-Pr\u00e9sidente Aux Membres<\/h5>\n\t\t\t\t\n\t\t\t\t\t\t\t\t\t<h4 class=\"fw-imagebox-subtitle\">Colin Bayne<\/h4>\n\t\t\t\t\t\t\t<\/div>\n\t\t\n\t\t\t\t\t<div class=\"fw-imagebox-text\">\n\t\t\t\t<p><em>Biographie \u00e0 venir<\/em><\/p>\t\t\t<\/div>\n\t\t\n\t\t\t<\/div>\n\t<\/div>\n\t\t<\/div>\n\t<\/div>\n<\/div><\/div>\n\n<div class=\"fw-row\">\n\t<div id=\"column-69da14a9413d4\" class=\"fw-col-sm-12 tf-sh-565654dda2c704938e106dbbeabc8daf\" >\n\t<div class=\"fw-wrap-col-inner clearfix  \"   >\n\t\t\t\t<div class=\"fw-col-inner\">\n\t\t\t<div class=\"fw-divider-space space-md  clearfix\"  ><\/div>\t\t<\/div>\n\t<\/div>\n<\/div><\/div>\n\n<div class=\"fw-row\">\n\t<div id=\"column-69da14a941706\" class=\"fw-col-sm-4 tf-sh-c629a2c1db24f6709f611eaf242b90fd\" >\n\t<div class=\"fw-wrap-col-inner clearfix  \"   >\n\t\t\t\t<div class=\"fw-col-inner\">\n\t\t\t\t<div class=\"fw-imagebox clearfix fw-imagebox-1 tf-sh-ce1f16c47c2edabb6ef127589971da9b text-left  imagebox-boxed \"  style=\"\">\n\t\t\t\t\t\t\t\t\t\t<div class=\"fw-block-image-parent  \" style=\"width: 100%;\">\n\t\t\t\t\t\t\t\t\t<div class=\"fw-block-image-child fw-ratio-1 fw-ratio-container\">\n\t\t\t\t\t\t<noscript itemscope itemtype=\"https:\/\/schema.org\/ImageObject\" itemprop=\"image\"><img decoding=\"async\" src=\"https:\/\/www.armycadetleague.ca\/wp-content\/uploads\/6.png\"  alt=\"6\" data-maxdpr=\"1.7\" class=\"lazyload\" \/><meta itemprop=\"url\" content=\"https:\/\/www.armycadetleague.ca\/wp-content\/uploads\/6.png\"><meta itemprop=\"width\" content=\"1080\"><meta itemprop=\"height\" content=\"1080\"><\/noscript><img decoding=\"async\" src=\"data:image\/gif;base64,R0lGODlhAQABAIAAAAAAAP\/\/\/yH5BAEAAAAALAAAAAABAAEAAAIBRAA7\" data-sizes=\"auto\" data-srcset=\"https:\/\/www.armycadetleague.ca\/wp-content\/uploads\/6-300x300.png 300w, https:\/\/www.armycadetleague.ca\/wp-content\/uploads\/6-1024x1024.png 1024w, https:\/\/www.armycadetleague.ca\/wp-content\/uploads\/6-150x150.png 150w, https:\/\/www.armycadetleague.ca\/wp-content\/uploads\/6-768x768.png 768w, https:\/\/www.armycadetleague.ca\/wp-content\/uploads\/6-800x800.png 800w, https:\/\/www.armycadetleague.ca\/wp-content\/uploads\/6-300x300.png 300w, https:\/\/www.armycadetleague.ca\/wp-content\/uploads\/6.png 1080w\"   alt=\"6\" data-maxdpr=\"1.7\" class=\"lazyload\" \/>\t\t\t\t\t<\/div>\n\t\t\t\t\t\t\t<\/div>\n\t\t\n\t<div class=\"fw-imagebox-aside\" style=\"\">\n\t\t\t\t\t<div class=\"fw-imagebox-title-wrap\">\n\t\t\t\t\t\t\t\t\t<h5 class=\"fw-imagebox-title\">Vice-Pr\u00e9sidente Extraordinaire<\/h5>\n\t\t\t\t\n\t\t\t\t\t\t\t\t\t<h4 class=\"fw-imagebox-subtitle\">Glenda Ouellette<\/h4>\n\t\t\t\t\t\t\t<\/div>\n\t\t\n\t\t\t\t\t<div class=\"fw-imagebox-text\">\n\t\t\t\t<p><a href=\"https:\/\/www.armycadetleague.ca\/fr\/vice-president-extraordinaire\/\">Lire la biographie<\/a><\/p>\t\t\t<\/div>\n\t\t\n\t\t\t<\/div>\n\t<\/div>\n\t\t<\/div>\n\t<\/div>\n<\/div><div id=\"column-69da14a941d06\" class=\"fw-col-sm-4 tf-sh-6b0f5d83c6f338f194ac134a1f075cd4\" >\n\t<div class=\"fw-wrap-col-inner clearfix  \"   >\n\t\t\t\t<div class=\"fw-col-inner\">\n\t\t\t\t<div class=\"fw-imagebox clearfix fw-imagebox-1 tf-sh-2ebfefd0cb86f73b47591555e333ec0f text-left  imagebox-boxed \"  style=\"\">\n\t\t\t\t\n\t<div class=\"fw-imagebox-aside\" style=\"\">\n\t\t\t\t\t<div class=\"fw-imagebox-title-wrap\">\n\t\t\t\t\t\t\t\t\t<h5 class=\"fw-imagebox-title\">Tr\u00e9sorier<\/h5>\n\t\t\t\t\n\t\t\t\t\t\t\t\t\t<h4 class=\"fw-imagebox-subtitle\">Vacant<\/h4>\n\t\t\t\t\t\t\t<\/div>\n\t\t\n\t\t\t\t\t<div class=\"fw-imagebox-text\">\n\t\t\t\t<p><em>Biographie \u00e0 venir<\/em><\/p>\t\t\t<\/div>\n\t\t\n\t\t\t<\/div>\n\t<\/div>\n\t\t<\/div>\n\t<\/div>\n<\/div><div id=\"column-69da14a94200a\" class=\"fw-col-sm-4 tf-sh-53b8c1689148afa9b33eeae852b565fa\" >\n\t<div class=\"fw-wrap-col-inner clearfix  \"   >\n\t\t\t\t<div class=\"fw-col-inner\">\n\t\t\t\t<div class=\"fw-imagebox clearfix fw-imagebox-1 tf-sh-5e824a12b804c5be3a9aecfbb641ac28 text-left  imagebox-boxed \"  style=\"\">\n\t\t\t\t\t\t\t\t\t\t<div class=\"fw-block-image-parent  \" style=\"width: 100%;\">\n\t\t\t\t\t\t\t\t\t<div class=\"fw-block-image-child fw-ratio-1 fw-ratio-container\">\n\t\t\t\t\t\t<noscript itemscope itemtype=\"https:\/\/schema.org\/ImageObject\" itemprop=\"image\"><img decoding=\"async\" src=\"https:\/\/www.armycadetleague.ca\/wp-content\/uploads\/8.png\"  alt=\"8\" data-maxdpr=\"1.7\" class=\"lazyload\" \/><meta itemprop=\"url\" content=\"https:\/\/www.armycadetleague.ca\/wp-content\/uploads\/8.png\"><meta itemprop=\"width\" content=\"1080\"><meta itemprop=\"height\" content=\"1080\"><\/noscript><img decoding=\"async\" src=\"data:image\/gif;base64,R0lGODlhAQABAIAAAAAAAP\/\/\/yH5BAEAAAAALAAAAAABAAEAAAIBRAA7\" data-sizes=\"auto\" data-srcset=\"https:\/\/www.armycadetleague.ca\/wp-content\/uploads\/8-300x300.png 300w, https:\/\/www.armycadetleague.ca\/wp-content\/uploads\/8-1024x1024.png 1024w, https:\/\/www.armycadetleague.ca\/wp-content\/uploads\/8-150x150.png 150w, https:\/\/www.armycadetleague.ca\/wp-content\/uploads\/8-768x768.png 768w, https:\/\/www.armycadetleague.ca\/wp-content\/uploads\/8-800x800.png 800w, https:\/\/www.armycadetleague.ca\/wp-content\/uploads\/8-300x300.png 300w, https:\/\/www.armycadetleague.ca\/wp-content\/uploads\/8.png 1080w\"   alt=\"8\" data-maxdpr=\"1.7\" class=\"lazyload\" \/>\t\t\t\t\t<\/div>\n\t\t\t\t\t\t\t<\/div>\n\t\t\n\t<div class=\"fw-imagebox-aside\" style=\"\">\n\t\t\t\t\t<div class=\"fw-imagebox-title-wrap\">\n\t\t\t\t\t\t\t\t\t<h4 class=\"fw-imagebox-title\">Secr\u00e9taire<\/h4>\n\t\t\t\t\n\t\t\t\t\t\t\t\t\t<h4 class=\"fw-imagebox-subtitle\">Robert Gill<\/h4>\n\t\t\t\t\t\t\t<\/div>\n\t\t\n\t\t\t\t\t<div class=\"fw-imagebox-text\">\n\t\t\t\t<p><em>Biographie \u00e0 venir<\/em><\/p>\t\t\t<\/div>\n\t\t\n\t\t\t<\/div>\n\t<\/div>\n\t\t<\/div>\n\t<\/div>\n<\/div><\/div>\n\n<div class=\"fw-row\">\n\t<div id=\"column-69da14a9426c7\" class=\"fw-col-sm-12 tf-sh-565654dda2c704938e106dbbeabc8daf\" >\n\t<div class=\"fw-wrap-col-inner clearfix  \"   >\n\t\t\t\t<div class=\"fw-col-inner\">\n\t\t\t<div class=\"fw-divider-space space-md  clearfix\"  ><\/div>\t\t<\/div>\n\t<\/div>\n<\/div><\/div>\n\n<div class=\"fw-row\">\n\t<div id=\"column-69da14a94299d\" class=\"fw-col-sm-4 tf-sh-5f8d8a96009f73cfa7247988db1c9886\" >\n\t<div class=\"fw-wrap-col-inner clearfix  \"   >\n\t\t\t\t<div class=\"fw-col-inner\">\n\t\t\t\t<div class=\"fw-imagebox clearfix fw-imagebox-1 tf-sh-908cf9201364358b5a10f58e7fc12ff2 text-left  imagebox-boxed \"  style=\"\">\n\t\t\t\t\t\t\t\t\t\t<div class=\"fw-block-image-parent  \" style=\"width: 100%;\">\n\t\t\t\t\t\t\t\t\t<div class=\"fw-block-image-child fw-ratio-1 fw-ratio-container\">\n\t\t\t\t\t\t<noscript itemscope itemtype=\"https:\/\/schema.org\/ImageObject\" itemprop=\"image\"><img decoding=\"async\" src=\"https:\/\/www.armycadetleague.ca\/wp-content\/uploads\/Diegel-1.jpg\"  alt=\"Diegel\" data-maxdpr=\"1.7\" class=\"lazyload\" \/><meta itemprop=\"url\" content=\"https:\/\/www.armycadetleague.ca\/wp-content\/uploads\/Diegel-1.jpg\"><meta itemprop=\"width\" content=\"387\"><meta itemprop=\"height\" content=\"500\"><\/noscript><img decoding=\"async\" src=\"data:image\/gif;base64,R0lGODlhAQABAIAAAAAAAP\/\/\/yH5BAEAAAAALAAAAAABAAEAAAIBRAA7\" data-sizes=\"auto\" data-srcset=\"https:\/\/www.armycadetleague.ca\/wp-content\/uploads\/Diegel-1-150x150.jpg 150w, https:\/\/www.armycadetleague.ca\/wp-content\/uploads\/Diegel-1-300x300.jpg 300w\"   alt=\"Diegel\" data-maxdpr=\"1.7\" class=\"lazyload\" \/>\t\t\t\t\t<\/div>\n\t\t\t\t\t\t\t<\/div>\n\t\t\n\t<div class=\"fw-imagebox-aside\" style=\"\">\n\t\t\t\t\t<div class=\"fw-imagebox-title-wrap\">\n\t\t\t\t\t\t\t\t\t<h4 class=\"fw-imagebox-title\">Solliciteur<\/h4>\n\t\t\t\t\n\t\t\t\t\t\t\t\t\t<h4 class=\"fw-imagebox-subtitle\">Martin Diegel<\/h4>\n\t\t\t\t\t\t\t<\/div>\n\t\t\n\t\t\t\t\t<div class=\"fw-imagebox-text\">\n\t\t\t\t<p><a href=\"https:\/\/www.armycadetleague.ca\/fr\/notaire-honoraire\/\">Lire la biographie<\/a><\/p>\t\t\t<\/div>\n\t\t\n\t\t\t<\/div>\n\t<\/div>\n\t\t<\/div>\n\t<\/div>\n<\/div><div id=\"column-69da14a942fd1\" class=\"fw-col-sm-4 tf-sh-b3ea280b0d58641d16b42d731acf31b0\" >\n\t<div class=\"fw-wrap-col-inner clearfix  \"   >\n\t\t\t\t<div class=\"fw-col-inner\">\n\t\t\t\t<div class=\"fw-imagebox clearfix fw-imagebox-1 tf-sh-1355301448b64cb133b234d239c7d0db text-left  imagebox-boxed \"  style=\"\">\n\t\t\t\t\t\t\t\t\t\t<div class=\"fw-block-image-parent  \" style=\"width: 100%;\">\n\t\t\t\t\t\t\t\t\t<div class=\"fw-block-image-child fw-ratio-1 fw-ratio-container\">\n\t\t\t\t\t\t<noscript itemscope itemtype=\"https:\/\/schema.org\/ImageObject\" itemprop=\"image\"><img decoding=\"async\" src=\"https:\/\/www.armycadetleague.ca\/wp-content\/uploads\/11.png\"  alt=\"11\" data-maxdpr=\"1.7\" class=\"lazyload\" \/><meta itemprop=\"url\" content=\"https:\/\/www.armycadetleague.ca\/wp-content\/uploads\/11.png\"><meta itemprop=\"width\" content=\"1080\"><meta itemprop=\"height\" content=\"1080\"><\/noscript><img decoding=\"async\" src=\"data:image\/gif;base64,R0lGODlhAQABAIAAAAAAAP\/\/\/yH5BAEAAAAALAAAAAABAAEAAAIBRAA7\" data-sizes=\"auto\" data-srcset=\"https:\/\/www.armycadetleague.ca\/wp-content\/uploads\/11-300x300.png 300w, https:\/\/www.armycadetleague.ca\/wp-content\/uploads\/11-1024x1024.png 1024w, https:\/\/www.armycadetleague.ca\/wp-content\/uploads\/11-150x150.png 150w, https:\/\/www.armycadetleague.ca\/wp-content\/uploads\/11-768x768.png 768w, https:\/\/www.armycadetleague.ca\/wp-content\/uploads\/11-800x800.png 800w, https:\/\/www.armycadetleague.ca\/wp-content\/uploads\/11-300x300.png 300w, https:\/\/www.armycadetleague.ca\/wp-content\/uploads\/11.png 1080w\"   alt=\"11\" data-maxdpr=\"1.7\" class=\"lazyload\" \/>\t\t\t\t\t<\/div>\n\t\t\t\t\t\t\t<\/div>\n\t\t\n\t<div class=\"fw-imagebox-aside\" style=\"\">\n\t\t\t\t\t<div class=\"fw-imagebox-title-wrap\">\n\t\t\t\t\t\t\t\t\t<h5 class=\"fw-imagebox-title\">Pr\u00e9sident Sortant<\/h5>\n\t\t\t\t\n\t\t\t\t\t\t\t\t\t<h4 class=\"fw-imagebox-subtitle\">Bill Fletcher<\/h4>\n\t\t\t\t\t\t\t<\/div>\n\t\t\n\t\t\t\t\t<div class=\"fw-imagebox-text\">\n\t\t\t\t<p><em>Biographie \u00e0 venir<\/em><\/p>\t\t\t<\/div>\n\t\t\n\t\t\t<\/div>\n\t<\/div>\n\t\t<\/div>\n\t<\/div>\n<\/div><\/div>\n\n\t<\/div>\n\t<\/section><section   class=\"fw-main-row-custom  auto  fw-section-position-back tf-sh-bcba9461fc95c91e435c4dbabb6b8930\"    >\n\t\t\t<div class=\"fw-container\" >\n\t\t<div class=\"fw-row\">\n\t<div id=\"column-69da14a943804\" class=\"fw-col-sm-12 tf-sh-565654dda2c704938e106dbbeabc8daf\" >\n\t<div class=\"fw-wrap-col-inner clearfix  \"   >\n\t\t\t\t<div class=\"fw-col-inner\">\n\t\t\t<div class=\"fw-heading fw-heading-left  tf-sh-2ac53f4ea6666eed9fd0d63e724beba7\" >\n\t\t\t<h2 class=\"fw-special-title\">Administrateurs  Nationaux<\/h2>\n\t\n\t\n\t<\/div>\t\t<\/div>\n\t<\/div>\n<\/div><\/div>\n\n<div class=\"fw-row\">\n\t<div id=\"column-69da14a943acd\" class=\"fw-col-sm-12 tf-sh-565654dda2c704938e106dbbeabc8daf\" >\n\t<div class=\"fw-wrap-col-inner clearfix  \"   >\n\t\t\t\t<div class=\"fw-col-inner\">\n\t\t\t<div class=\"fw-text-box tf-sh-e97745291714f93b88725d4518552398 \" >\n\t<div class=\"fw-text-inner\">\n\t\t<p>C Alexander, <span class=\"OYPEnA font-feature-liga-off font-feature-clig-off font-feature-calt-off text-decoration-none text-strikethrough-none\">C-B<\/span><\/p>\n<p>T Bird, SK<\/p>\n<p>G Buckley, Administrateur Extraordinaire<\/p>\n<p>S Daniel, Pan-Territorial<\/p>\n<p>K Hughes, AB<\/p>\n<p>J Lord, QC<\/p>\n<p>I MacVicar, N.-\u00c9.<\/p>\n<p>M Monsacchi, Administratrice Extraordinaire<\/p>\n<p>C Orrell, ON<\/p>\n<p>M Osmond, Administrateur Extraordinaire<\/p>\n<p>N Ouellette, Administrateur Extraordinaire<\/p>\n<p>P Peterson, N-B<\/p>\n<p>M Perry, \u00ce.-P.-\u00c9.<\/p>\n<p>D Thomas, MB<\/p>\n<p>P Westcott, T-N-L<\/p>\n\t<\/div>\n<\/div>\t\t<\/div>\n\t<\/div>\n<\/div><\/div>\n\n\t<\/div>\n\t<\/section><\/p>\n","protected":false},"excerpt":{"rendered":"<p>CONSEIL D&#8217;ADMINISTRATION Conseil d&#8217;administration 2025-2027 Officiers et administrateurs de la Corporationtels qu&#8217;\u00e9lus le 26 avril 2025. Mis \u00e0 jour le 2 mai 2025. Comit\u00e9 Ex\u00e9cutif Pr\u00e9sidente Cathy Bach Lire la biographie Vice-Pr\u00e9sidente Ex\u00e9cutive Linda Wall Biographie \u00e0 venir Vice-Pr\u00e9sidente Aux Membres Colin Bayne Biographie \u00e0 venir Vice-Pr\u00e9sidente Extraordinaire Glenda Ouellette Lire la biographie Tr\u00e9sorier Vacant [&hellip;]<\/p>\n","protected":false},"author":1,"featured_media":0,"parent":0,"menu_order":0,"comment_status":"closed","ping_status":"closed","template":"visual-builder-template.php","meta":{"footnotes":"","_links_to":"","_links_to_target":""},"class_list":["post-9907","page","type-page","status-publish","hentry"],"_links":{"self":[{"href":"https:\/\/www.armycadetleague.ca\/fr\/wp-json\/wp\/v2\/pages\/9907","targetHints":{"allow":["GET"]}}],"collection":[{"href":"https:\/\/www.armycadetleague.ca\/fr\/wp-json\/wp\/v2\/pages"}],"about":[{"href":"https:\/\/www.armycadetleague.ca\/fr\/wp-json\/wp\/v2\/types\/page"}],"author":[{"embeddable":true,"href":"https:\/\/www.armycadetleague.ca\/fr\/wp-json\/wp\/v2\/users\/1"}],"replies":[{"embeddable":true,"href":"https:\/\/www.armycadetleague.ca\/fr\/wp-json\/wp\/v2\/comments?post=9907"}],"version-history":[{"count":37,"href":"https:\/\/www.armycadetleague.ca\/fr\/wp-json\/wp\/v2\/pages\/9907\/revisions"}],"predecessor-version":[{"id":11322,"href":"https:\/\/www.armycadetleague.ca\/fr\/wp-json\/wp\/v2\/pages\/9907\/revisions\/11322"}],"wp:attachment":[{"href":"https:\/\/www.armycadetleague.ca\/fr\/wp-json\/wp\/v2\/media?parent=9907"}],"curies":[{"name":"wp","href":"https:\/\/api.w.org\/{rel}","templated":true}]}}